{"id":22020,"date":"2025-09-20T12:44:38","date_gmt":"2025-09-20T05:44:38","guid":{"rendered":"https:\/\/eddiesdiner.vn\/?page_id=22020"},"modified":"2026-03-11T18:14:19","modified_gmt":"2026-03-11T11:14:19","slug":"blogs","status":"publish","type":"page","link":"https:\/\/eddiesdiner.vn\/vi\/blogs\/","title":{"rendered":"Blogs"},"content":{"rendered":"<div data-elementor-type=\"wp-page\" data-elementor-id=\"22020\" class=\"elementor elementor-22020\">\n\t\t\t\t<div class=\"elementor-element elementor-element-041f6c9 e-flex e-con-boxed wpr-particle-no wpr-jarallax-no wpr-parallax-no wpr-sticky-section-no e-con e-parent\" data-id=\"041f6c9\" data-element_type=\"container\" data-e-type=\"container\" data-settings=\"{&quot;background_background&quot;:&quot;classic&quot;}\">\n\t\t\t\t\t<div class=\"e-con-inner\">\n\t\t\t\t\t<\/div>\n\t\t\t\t<\/div>\n\t\t<div class=\"elementor-element elementor-element-17327a5 e-flex e-con-boxed wpr-particle-no wpr-jarallax-no wpr-parallax-no wpr-sticky-section-no e-con e-parent\" data-id=\"17327a5\" data-element_type=\"container\" data-e-type=\"container\">\n\t\t\t\t\t<div class=\"e-con-inner\">\n\t\t\t\t<div class=\"elementor-element elementor-element-670a3d5 elementor-widget elementor-widget-heading\" data-id=\"670a3d5\" data-element_type=\"widget\" data-e-type=\"widget\" data-widget_type=\"heading.default\">\n\t\t\t\t<div class=\"elementor-widget-container\">\n\t\t\t\t\t<h2 class=\"elementor-heading-title elementor-size-default\">Tin T\u1ee9c M\u1edbi Nh\u1ea5t<\/h2>\t\t\t\t<\/div>\n\t\t\t\t<\/div>\n\t\t\t\t<div class=\"elementor-element elementor-element-7fa395a elementor-widget elementor-widget-heading\" data-id=\"7fa395a\" data-element_type=\"widget\" data-e-type=\"widget\" data-widget_type=\"heading.default\">\n\t\t\t\t<div class=\"elementor-widget-container\">\n\t\t\t\t\t<h2 class=\"elementor-heading-title elementor-size-default\">Maybe u mIssed Something<\/h2>\t\t\t\t<\/div>\n\t\t\t\t<\/div>\n\t\t\t\t\t<\/div>\n\t\t\t\t<\/div>\n\t\t<div class=\"elementor-element elementor-element-b3f2941 e-flex e-con-boxed wpr-particle-no wpr-jarallax-no wpr-parallax-no wpr-sticky-section-no e-con e-parent\" data-id=\"b3f2941\" data-element_type=\"container\" data-e-type=\"container\">\n\t\t\t\t\t<div class=\"e-con-inner\">\n\t\t\t\t<div class=\"elementor-element elementor-element-0e599b8 title_position_default title_hover_border_default title-default img_hover_animation_default grid-hover-overlay-type-always tpg-el-box-border-enable tpg-border-bottom-disable elementor-widget elementor-widget-tpg-grid-layout\" data-id=\"0e599b8\" data-element_type=\"widget\" data-e-type=\"widget\" data-widget_type=\"tpg-grid-layout.default\">\n\t\t\t\t<div class=\"elementor-widget-container\">\n\t\t\t\t\t\t\t<div class=\"rt-container-fluid rt-tpg-container tpg-el-main-wrapper clearfix grid-layout4-main\"\n\t\t\t id=\"rt-tpg-container-1441730531\"\n\t\t\t data-layout=\"grid-layout4\"\n\t\t\t data-grid-style=\"tpg-full-height\"\n\t\t\t data-sc-id=\"elementor\"\n\t\t\t data-el-settings=''\n\t\t\t data-el-query=''\n\t\t\t data-el-path=''\n\t\t>\n\t\t\t\t\t\t<div class='tpg-header-wrapper'>\n\t\t\t\t\t\t\t<\/div>\n\n\t\t\t<div data-title=\"Loading ...\" class=\"rt-row rt-content-loader grid-layout4 grid-behaviour tpg-full-height grid_layout_wrapper\">\n\t\t\t\t\n<div class=\"rt-col-md-4 rt-col-sm-6 rt-col-xs-12 default rt-grid-item\" data-id=\"22418\">\n\t<div class=\"rt-holder tpg-post-holder\">\n\t\t<div class=\"rt-detail rt-el-content-wrapper\">\n\t\t\t\t\t\t\t<div class=\"rt-img-holder tpg-el-image-wrap has-thumbnail\">\n\t\t\t\t\t<a data-id=\"22418\" href=\"https:\/\/eddiesdiner.vn\/vi\/eddies-catering-authentic-american-comfort-food-in-ho-chi-minh-city\/\" class=\"tpg-post-link\" target=\"_self\">                        <img fetchpriority=\"high\" decoding=\"async\" src=\"https:\/\/eddiesdiner.vn\/wp-content\/uploads\/2025\/12\/IMG_3274-768x512.jpg\"\n                             class=\"rt-img-responsive\"\n                             width=\"768\"\n                             height=\"512\"\n                             alt=\"Eddie\u2019s Catering: Authentic American Comfort Food in Ho Chi Minh City\">\n\t\t\t\t\t\t\n\t\t\t\t\t\t\t\n\t\t<\/a>\n\t\t        <div class=\"overlay grid-hover-content\"><\/div>\n\t\t\t\t\t\t<\/div>\n\t\t\t\n\t\t\t<div class=\"entry-title-wrapper\"><h2 class=\"entry-title\"><a data-id=\"22418\" href=\"https:\/\/eddiesdiner.vn\/vi\/eddies-catering-authentic-american-comfort-food-in-ho-chi-minh-city\/\" class=\"tpg-post-link\" target=\"_self\">Eddie\u2019s Catering: Authentic American Comfort Food in Ho Chi Minh City<\/a><\/h2><\/div>\n\t\t\t\n\t\t\t\n\t\t\t\t\t<\/div>\n\t<\/div>\n<\/div>\n\n<div class=\"rt-col-md-4 rt-col-sm-6 rt-col-xs-12 default rt-grid-item\" data-id=\"22464\">\n\t<div class=\"rt-holder tpg-post-holder\">\n\t\t<div class=\"rt-detail rt-el-content-wrapper\">\n\t\t\t\t\t\t\t<div class=\"rt-img-holder tpg-el-image-wrap has-thumbnail\">\n\t\t\t\t\t<a data-id=\"22464\" href=\"https:\/\/eddiesdiner.vn\/vi\/christmas-at-eddies-a-festive-space-for-every-celebration\/\" class=\"tpg-post-link\" target=\"_self\">                        <img decoding=\"async\" src=\"https:\/\/eddiesdiner.vn\/wp-content\/uploads\/2025\/12\/Screenshot-2025-12-10-at-15.12.24-768x432.png\"\n                             class=\"rt-img-responsive\"\n                             width=\"768\"\n                             height=\"432\"\n                             alt=\"Christmas at Eddie\u2019s &#8211; A Festive Space for Every Celebration \ud83c\udf84\u2728\">\n\t\t\t\t\t\t\n\t\t\t\t\t\t\t\n\t\t<\/a>\n\t\t        <div class=\"overlay grid-hover-content\"><\/div>\n\t\t\t\t\t\t<\/div>\n\t\t\t\n\t\t\t<div class=\"entry-title-wrapper\"><h2 class=\"entry-title\"><a data-id=\"22464\" href=\"https:\/\/eddiesdiner.vn\/vi\/christmas-at-eddies-a-festive-space-for-every-celebration\/\" class=\"tpg-post-link\" target=\"_self\">Christmas at Eddie\u2019s &#8211; A Festive Space for Every Celebration \ud83c\udf84\u2728<\/a><\/h2><\/div>\n\t\t\t\n\t\t\t\n\t\t\t\t\t<\/div>\n\t<\/div>\n<\/div>\n\n<div class=\"rt-col-md-4 rt-col-sm-6 rt-col-xs-12 default rt-grid-item\" data-id=\"22256\">\n\t<div class=\"rt-holder tpg-post-holder\">\n\t\t<div class=\"rt-detail rt-el-content-wrapper\">\n\t\t\t\t\t\t\t<div class=\"rt-img-holder tpg-el-image-wrap has-thumbnail\">\n\t\t\t\t\t<a data-id=\"22256\" href=\"https:\/\/eddiesdiner.vn\/vi\/join-eddies-new-york-deli-diner-for-our-8th-annual-thanksgiving-celebration-saigons-favorite-american-feast-for-dine-in-takeaway-and-delivery\/\" class=\"tpg-post-link\" target=\"_self\">                        <img decoding=\"async\" src=\"https:\/\/eddiesdiner.vn\/wp-content\/uploads\/2025\/11\/Thanksgiving_turkey_SET-768x390.webp\"\n                             class=\"rt-img-responsive\"\n                             width=\"768\"\n                             height=\"390\"\n                             alt=\"Full table of thanksgiving feast for family with roasted turkey\">\n\t\t\t\t\t\t\n\t\t\t\t\t\t\t\n\t\t<\/a>\n\t\t        <div class=\"overlay grid-hover-content\"><\/div>\n\t\t\t\t\t\t<\/div>\n\t\t\t\n\t\t\t<div class=\"entry-title-wrapper\"><h2 class=\"entry-title\"><a data-id=\"22256\" href=\"https:\/\/eddiesdiner.vn\/vi\/join-eddies-new-york-deli-diner-for-our-8th-annual-thanksgiving-celebration-saigons-favorite-american-feast-for-dine-in-takeaway-and-delivery\/\" class=\"tpg-post-link\" target=\"_self\">Eddie\u2019s Diner Thanksgiving 2025 \u2013 Authentic American Feast in HCM City<\/a><\/h2><\/div>\n\t\t\t\n\t\t\t\n\t\t\t\t\t<\/div>\n\t<\/div>\n<\/div>\n\n<div class=\"rt-col-md-4 rt-col-sm-6 rt-col-xs-12 default rt-grid-item\" data-id=\"22153\">\n\t<div class=\"rt-holder tpg-post-holder\">\n\t\t<div class=\"rt-detail rt-el-content-wrapper\">\n\t\t\t\t\t\t\t<div class=\"rt-img-holder tpg-el-image-wrap has-thumbnail\">\n\t\t\t\t\t<a data-id=\"22153\" href=\"https:\/\/eddiesdiner.vn\/vi\/%f0%9f%87%ba%f0%9f%87%b8-experience-american-restaurant-week-in-saigon-with-eddies\/\" class=\"tpg-post-link\" target=\"_self\">                        <img loading=\"lazy\" decoding=\"async\" src=\"https:\/\/eddiesdiner.vn\/wp-content\/uploads\/2025\/10\/Blog_thumb-05-768x388.webp\"\n                             class=\"rt-img-responsive\"\n                             width=\"768\"\n                             height=\"388\"\n                             alt=\"\ud83c\uddfa\ud83c\uddf8 Experience American Restaurant Week in Saigon with Eddie\u2019s\">\n\t\t\t\t\t\t\n\t\t\t\t\t\t\t\n\t\t<\/a>\n\t\t        <div class=\"overlay grid-hover-content\"><\/div>\n\t\t\t\t\t\t<\/div>\n\t\t\t\n\t\t\t<div class=\"entry-title-wrapper\"><h2 class=\"entry-title\"><a data-id=\"22153\" href=\"https:\/\/eddiesdiner.vn\/vi\/%f0%9f%87%ba%f0%9f%87%b8-experience-american-restaurant-week-in-saigon-with-eddies\/\" class=\"tpg-post-link\" target=\"_self\">\ud83c\uddfa\ud83c\uddf8 Experience American Restaurant Week in Saigon with Eddie\u2019s<\/a><\/h2><\/div>\n\t\t\t\n\t\t\t\n\t\t\t\t\t<\/div>\n\t<\/div>\n<\/div>\n\n<div class=\"rt-col-md-4 rt-col-sm-6 rt-col-xs-12 default rt-grid-item\" data-id=\"22119\">\n\t<div class=\"rt-holder tpg-post-holder\">\n\t\t<div class=\"rt-detail rt-el-content-wrapper\">\n\t\t\t\t\t\t\t<div class=\"rt-img-holder tpg-el-image-wrap has-thumbnail\">\n\t\t\t\t\t<a data-id=\"22119\" href=\"https:\/\/eddiesdiner.vn\/vi\/how-pumpkin-spice-became-the-taste-of-fall-and-why-we-love-it-every-year\/\" class=\"tpg-post-link\" target=\"_self\">                        <img loading=\"lazy\" decoding=\"async\" src=\"https:\/\/eddiesdiner.vn\/wp-content\/uploads\/2025\/10\/Blog_thumb-03-768x388.webp\"\n                             class=\"rt-img-responsive\"\n                             width=\"768\"\n                             height=\"388\"\n                             alt=\"Pumpkin Spice Menu with Pumpkin Pie Milkshake, Pumpkin Spice Latte, Pumpkin Pie and Pecan Pie\">\n\t\t\t\t\t\t\n\t\t\t\t\t\t\t\n\t\t<\/a>\n\t\t        <div class=\"overlay grid-hover-content\"><\/div>\n\t\t\t\t\t\t<\/div>\n\t\t\t\n\t\t\t<div class=\"entry-title-wrapper\"><h2 class=\"entry-title\"><a data-id=\"22119\" href=\"https:\/\/eddiesdiner.vn\/vi\/how-pumpkin-spice-became-the-taste-of-fall-and-why-we-love-it-every-year\/\" class=\"tpg-post-link\" target=\"_self\">How Pumpkin Spice Became the Taste of Fall (and Why We Love It Every Year)<\/a><\/h2><\/div>\n\t\t\t\n\t\t\t\n\t\t\t\t\t<\/div>\n\t<\/div>\n<\/div>\n\n<div class=\"rt-col-md-4 rt-col-sm-6 rt-col-xs-12 default rt-grid-item\" data-id=\"22108\">\n\t<div class=\"rt-holder tpg-post-holder\">\n\t\t<div class=\"rt-detail rt-el-content-wrapper\">\n\t\t\t\t\t\t\t<div class=\"rt-img-holder tpg-el-image-wrap has-thumbnail\">\n\t\t\t\t\t<a data-id=\"22108\" href=\"https:\/\/eddiesdiner.vn\/vi\/oktoberfest-when-germany-meets-the-american-diner-at-eddies\/\" class=\"tpg-post-link\" target=\"_self\">                        <img loading=\"lazy\" decoding=\"async\" src=\"https:\/\/eddiesdiner.vn\/wp-content\/uploads\/2025\/10\/Blog_thumb-01-768x498.webp\"\n                             class=\"rt-img-responsive\"\n                             width=\"768\"\n                             height=\"498\"\n                             alt=\"Oktoberfest sharing Platter for 2, Oktober Chicken Burger, Oktober single Smashburger\">\n\t\t\t\t\t\t\n\t\t\t\t\t\t\t\n\t\t<\/a>\n\t\t        <div class=\"overlay grid-hover-content\"><\/div>\n\t\t\t\t\t\t<\/div>\n\t\t\t\n\t\t\t<div class=\"entry-title-wrapper\"><h2 class=\"entry-title\"><a data-id=\"22108\" href=\"https:\/\/eddiesdiner.vn\/vi\/oktoberfest-when-germany-meets-the-american-diner-at-eddies\/\" class=\"tpg-post-link\" target=\"_self\">Oktoberfest \u2013 When Germany Meets the American Diner at Eddie\u2019s!<\/a><\/h2><\/div>\n\t\t\t\n\t\t\t\n\t\t\t\t\t<\/div>\n\t<\/div>\n<\/div>\n\n<div class=\"rt-col-md-4 rt-col-sm-6 rt-col-xs-12 default rt-grid-item\" data-id=\"20817\">\n\t<div class=\"rt-holder tpg-post-holder\">\n\t\t<div class=\"rt-detail rt-el-content-wrapper\">\n\t\t\t\t\t\t\t<div class=\"rt-img-holder tpg-el-image-wrap has-thumbnail\">\n\t\t\t\t\t<a data-id=\"20817\" href=\"https:\/\/eddiesdiner.vn\/vi\/hot-dogs-near-me-saigon\/\" class=\"tpg-post-link\" target=\"_self\">                        <img loading=\"lazy\" decoding=\"async\" src=\"https:\/\/eddiesdiner.vn\/wp-content\/uploads\/2025\/07\/EVENT_NATIONAL-DOG-768x432.webp\"\n                             class=\"rt-img-responsive\"\n                             width=\"768\"\n                             height=\"432\"\n                             alt=\"Hot Dogs Near Me? Celebrate National Hot Dog &amp; Corn Dog Month at Eddie\u2019s Saigon!\">\n\t\t\t\t\t\t\n\t\t\t\t\t\t\t\n\t\t<\/a>\n\t\t        <div class=\"overlay grid-hover-content\"><\/div>\n\t\t\t\t\t\t<\/div>\n\t\t\t\n\t\t\t<div class=\"entry-title-wrapper\"><h2 class=\"entry-title\"><a data-id=\"20817\" href=\"https:\/\/eddiesdiner.vn\/vi\/hot-dogs-near-me-saigon\/\" class=\"tpg-post-link\" target=\"_self\">Hot Dogs Near Me? Celebrate National Hot Dog &amp; Corn Dog Month at Eddie\u2019s Saigon!<\/a><\/h2><\/div>\n\t\t\t\n\t\t\t\n\t\t\t\t\t<\/div>\n\t<\/div>\n<\/div>\n\n<div class=\"rt-col-md-4 rt-col-sm-6 rt-col-xs-12 default rt-grid-item\" data-id=\"20627\">\n\t<div class=\"rt-holder tpg-post-holder\">\n\t\t<div class=\"rt-detail rt-el-content-wrapper\">\n\t\t\t\t\t\t\t<div class=\"rt-img-holder tpg-el-image-wrap has-thumbnail\">\n\t\t\t\t\t<a data-id=\"20627\" href=\"https:\/\/eddiesdiner.vn\/vi\/philly-cheesesteak-in-saigon\/\" class=\"tpg-post-link\" target=\"_self\">                        <img loading=\"lazy\" decoding=\"async\" src=\"https:\/\/eddiesdiner.vn\/wp-content\/uploads\/2025\/06\/6_PHILLY-FRIDAY-CHEESESTEAK-COMBO-768x512.webp\"\n                             class=\"rt-img-responsive\"\n                             width=\"768\"\n                             height=\"512\"\n                             alt=\"Philly Cheesesteak in Saigon: Eddie\u2019s Authentic Sandwich in HCMC\">\n\t\t\t\t\t\t\n\t\t\t\t\t\t\t\n\t\t<\/a>\n\t\t        <div class=\"overlay grid-hover-content\"><\/div>\n\t\t\t\t\t\t<\/div>\n\t\t\t\n\t\t\t<div class=\"entry-title-wrapper\"><h2 class=\"entry-title\"><a data-id=\"20627\" href=\"https:\/\/eddiesdiner.vn\/vi\/philly-cheesesteak-in-saigon\/\" class=\"tpg-post-link\" target=\"_self\">Philly Cheesesteak in Saigon: Eddie\u2019s Authentic Sandwich in HCMC<\/a><\/h2><\/div>\n\t\t\t\n\t\t\t\n\t\t\t\t\t<\/div>\n\t<\/div>\n<\/div>\n\n<div class=\"rt-col-md-4 rt-col-sm-6 rt-col-xs-12 default rt-grid-item\" data-id=\"20480\">\n\t<div class=\"rt-holder tpg-post-holder\">\n\t\t<div class=\"rt-detail rt-el-content-wrapper\">\n\t\t\t\t\t\t\t<div class=\"rt-img-holder tpg-el-image-wrap has-thumbnail\">\n\t\t\t\t\t<a data-id=\"20480\" href=\"https:\/\/eddiesdiner.vn\/vi\/nha-hang-co-phong-rieng-tphcm\/\" class=\"tpg-post-link\" target=\"_self\">                        <img loading=\"lazy\" decoding=\"async\" src=\"https:\/\/eddiesdiner.vn\/wp-content\/uploads\/2025\/04\/WhatsApp-Image-2025-03-18-at-11.51.03\u202fam-768x576.webp\"\n                             class=\"rt-img-responsive\"\n                             width=\"768\"\n                             height=\"576\"\n                             alt=\"Nh\u00e0 H\u00e0ng C\u00f3 Ph\u00f2ng Ri\u00eang TPHCM \u2013 Kh\u00f4ng Gian Ri\u00eang T\u01b0 V\u00e0 Tho\u1ea3i M\u00e1i\">\n\t\t\t\t\t\t\n\t\t\t\t\t\t\t\n\t\t<\/a>\n\t\t        <div class=\"overlay grid-hover-content\"><\/div>\n\t\t\t\t\t\t<\/div>\n\t\t\t\n\t\t\t<div class=\"entry-title-wrapper\"><h2 class=\"entry-title\"><a data-id=\"20480\" href=\"https:\/\/eddiesdiner.vn\/vi\/nha-hang-co-phong-rieng-tphcm\/\" class=\"tpg-post-link\" target=\"_self\">Nh\u00e0 H\u00e0ng C\u00f3 Ph\u00f2ng Ri\u00eang TPHCM \u2013 Kh\u00f4ng Gian Ri\u00eang T\u01b0 V\u00e0 Tho\u1ea3i M\u00e1i<\/a><\/h2><\/div>\n\t\t\t\n\t\t\t\n\t\t\t\t\t<\/div>\n\t<\/div>\n<\/div>\n\t\t\t<\/div>\n\t\t\t<div class='rt-pagination-wrap' data-total-pages='6' data-posts-per-page='' data-type='pagination'><div class=\"rt-pagination\"><ul class=\"pagination-list\"><li class=\"active\"><span>1<\/span><\/li><li><a data-paged='2' href='https:\/\/eddiesdiner.vn\/vi\/wp-json\/wp\/v2\/pages\/22020\/page\/2\/'>2<\/a><\/li><li><a data-paged='3' href='https:\/\/eddiesdiner.vn\/vi\/wp-json\/wp\/v2\/pages\/22020\/page\/3\/'>3<\/a><\/li><li><a data-paged='4' href='https:\/\/eddiesdiner.vn\/vi\/wp-json\/wp\/v2\/pages\/22020\/page\/4\/'>4<\/a><\/li><li><a data-paged='5' href='https:\/\/eddiesdiner.vn\/vi\/wp-json\/wp\/v2\/pages\/22020\/page\/5\/'>5<\/a><\/li><li><a data-paged='6' href='https:\/\/eddiesdiner.vn\/vi\/wp-json\/wp\/v2\/pages\/22020\/page\/6\/'>6<\/a><\/li><\/ul><\/div><\/div>\n\t\t<\/div>\n\t\t\t\t\t\t<\/div>\n\t\t\t\t<\/div>\n\t\t\t\t\t<\/div>\n\t\t\t\t<\/div>\n\t\t\t\t<\/div>","protected":false},"excerpt":{"rendered":"<p>Lastest News Maybe u mIssed Something Eddie\u2019s Catering: Authentic American Comfort Food in Ho Chi Minh City Christmas at Eddie\u2019s &#8211; A Festive Space for Every Celebration \ud83c\udf84\u2728 Eddie\u2019s Diner Thanksgiving 2025 \u2013 Authentic American Feast in HCM City \ud83c\uddfa\ud83c\uddf8<\/p>","protected":false},"author":6,"featured_media":0,"parent":0,"menu_order":0,"comment_status":"closed","ping_status":"closed","template":"elementor_canvas","meta":{"_monsterinsights_skip_tracking":false,"_monsterinsights_sitenote_active":false,"_monsterinsights_sitenote_note":"","_monsterinsights_sitenote_category":0,"footnotes":""},"class_list":["post-22020","page","type-page","status-publish","hentry"],"yoast_head":"<!-- This site is optimized with the Yoast SEO plugin v27.3 - https:\/\/yoast.com\/product\/yoast-seo-wordpress\/ -->\n<title>Eddie&#039;s Blogs | Eddie&#039;s Diner - New York Deli &amp; Diner<\/title>\n<meta name=\"description\" content=\"Curious about us? Welcome to our Blogs - where contain all the lastest new that you need or want to know about Eddie&#039;s!! Teehee!!\" \/>\n<meta name=\"robots\" content=\"index, follow, max-snippet:-1, max-image-preview:large, max-video-preview:-1\" \/>\n<link rel=\"canonical\" href=\"https:\/\/eddiesdiner.vn\/vi\/blogs\/\" \/>\n<meta property=\"og:locale\" content=\"vi_VN\" \/>\n<meta property=\"og:type\" content=\"article\" \/>\n<meta property=\"og:title\" content=\"Eddie&#039;s Blogs | Eddie&#039;s Diner - New York Deli &amp; Diner\" \/>\n<meta property=\"og:description\" content=\"Curious about us? Welcome to our Blogs - where contain all the lastest new that you need or want to know about Eddie&#039;s!! Teehee!!\" \/>\n<meta property=\"og:url\" content=\"https:\/\/eddiesdiner.vn\/vi\/blogs\/\" \/>\n<meta property=\"og:site_name\" content=\"Eddie&#039;s Diner\" \/>\n<meta property=\"article:publisher\" content=\"https:\/\/www.facebook.com\/EddiesSaigon\/\" \/>\n<meta property=\"article:modified_time\" content=\"2026-03-11T11:14:19+00:00\" \/>\n<meta property=\"og:image\" content=\"https:\/\/eddiesdiner.vn\/wp-content\/uploads\/2025\/12\/IMG_3274-768x512.jpg\" \/>\n<meta name=\"twitter:card\" content=\"summary_large_image\" \/>\n<meta name=\"twitter:label1\" content=\"\u01af\u1edbc t\u00ednh th\u1eddi gian \u0111\u1ecdc\" \/>\n\t<meta name=\"twitter:data1\" content=\"3 ph\u00fat\" \/>\n<script type=\"application\/ld+json\" class=\"yoast-schema-graph\">{\"@context\":\"https:\\\/\\\/schema.org\",\"@graph\":[{\"@type\":\"WebPage\",\"@id\":\"https:\\\/\\\/eddiesdiner.vn\\\/blogs\\\/\",\"url\":\"https:\\\/\\\/eddiesdiner.vn\\\/blogs\\\/\",\"name\":\"Eddie's Blogs | Eddie&#039;s Diner - New York Deli & Diner\",\"isPartOf\":{\"@id\":\"https:\\\/\\\/eddiesdiner.vn\\\/#website\"},\"primaryImageOfPage\":{\"@id\":\"https:\\\/\\\/eddiesdiner.vn\\\/blogs\\\/#primaryimage\"},\"image\":{\"@id\":\"https:\\\/\\\/eddiesdiner.vn\\\/blogs\\\/#primaryimage\"},\"thumbnailUrl\":\"https:\\\/\\\/eddiesdiner.vn\\\/wp-content\\\/uploads\\\/2025\\\/12\\\/IMG_3274-768x512.jpg\",\"datePublished\":\"2025-09-20T05:44:38+00:00\",\"dateModified\":\"2026-03-11T11:14:19+00:00\",\"description\":\"Curious about us? Welcome to our Blogs - where contain all the lastest new that you need or want to know about Eddie's!! Teehee!!\",\"breadcrumb\":{\"@id\":\"https:\\\/\\\/eddiesdiner.vn\\\/blogs\\\/#breadcrumb\"},\"inLanguage\":\"vi\",\"potentialAction\":[{\"@type\":\"ReadAction\",\"target\":[\"https:\\\/\\\/eddiesdiner.vn\\\/blogs\\\/\"]}]},{\"@type\":\"ImageObject\",\"inLanguage\":\"vi\",\"@id\":\"https:\\\/\\\/eddiesdiner.vn\\\/blogs\\\/#primaryimage\",\"url\":\"https:\\\/\\\/eddiesdiner.vn\\\/wp-content\\\/uploads\\\/2025\\\/12\\\/IMG_3274-768x512.jpg\",\"contentUrl\":\"https:\\\/\\\/eddiesdiner.vn\\\/wp-content\\\/uploads\\\/2025\\\/12\\\/IMG_3274-768x512.jpg\"},{\"@type\":\"BreadcrumbList\",\"@id\":\"https:\\\/\\\/eddiesdiner.vn\\\/blogs\\\/#breadcrumb\",\"itemListElement\":[{\"@type\":\"ListItem\",\"position\":1,\"name\":\"Home\",\"item\":\"https:\\\/\\\/eddiesdiner.vn\\\/\"},{\"@type\":\"ListItem\",\"position\":2,\"name\":\"Blogs\"}]},{\"@type\":\"WebSite\",\"@id\":\"https:\\\/\\\/eddiesdiner.vn\\\/#website\",\"url\":\"https:\\\/\\\/eddiesdiner.vn\\\/\",\"name\":\"Eddie's Diner\",\"description\":\"- New York Deli &amp; Diner\",\"alternateName\":\"Eddie's\",\"potentialAction\":[{\"@type\":\"SearchAction\",\"target\":{\"@type\":\"EntryPoint\",\"urlTemplate\":\"https:\\\/\\\/eddiesdiner.vn\\\/?s={search_term_string}\"},\"query-input\":{\"@type\":\"PropertyValueSpecification\",\"valueRequired\":true,\"valueName\":\"search_term_string\"}}],\"inLanguage\":\"vi\"}]}<\/script>\n<!-- \/ Yoast SEO plugin. -->","yoast_head_json":{"title":"Eddie's Blogs | Eddie&#039;s Diner - New York Deli & Diner","description":"Curious about us? Welcome to our Blogs - where contain all the lastest new that you need or want to know about Eddie's!! Teehee!!","robots":{"index":"index","follow":"follow","max-snippet":"max-snippet:-1","max-image-preview":"max-image-preview:large","max-video-preview":"max-video-preview:-1"},"canonical":"https:\/\/eddiesdiner.vn\/vi\/blogs\/","og_locale":"vi_VN","og_type":"article","og_title":"Eddie's Blogs | Eddie&#039;s Diner - New York Deli & Diner","og_description":"Curious about us? Welcome to our Blogs - where contain all the lastest new that you need or want to know about Eddie's!! Teehee!!","og_url":"https:\/\/eddiesdiner.vn\/vi\/blogs\/","og_site_name":"Eddie&#039;s Diner","article_publisher":"https:\/\/www.facebook.com\/EddiesSaigon\/","article_modified_time":"2026-03-11T11:14:19+00:00","og_image":[{"url":"https:\/\/eddiesdiner.vn\/wp-content\/uploads\/2025\/12\/IMG_3274-768x512.jpg","type":"","width":"","height":""}],"twitter_card":"summary_large_image","twitter_misc":{"\u01af\u1edbc t\u00ednh th\u1eddi gian \u0111\u1ecdc":"3 ph\u00fat"},"schema":{"@context":"https:\/\/schema.org","@graph":[{"@type":"WebPage","@id":"https:\/\/eddiesdiner.vn\/blogs\/","url":"https:\/\/eddiesdiner.vn\/blogs\/","name":"Eddie's Blogs | Eddie&#039;s Diner - New York Deli & Diner","isPartOf":{"@id":"https:\/\/eddiesdiner.vn\/#website"},"primaryImageOfPage":{"@id":"https:\/\/eddiesdiner.vn\/blogs\/#primaryimage"},"image":{"@id":"https:\/\/eddiesdiner.vn\/blogs\/#primaryimage"},"thumbnailUrl":"https:\/\/eddiesdiner.vn\/wp-content\/uploads\/2025\/12\/IMG_3274-768x512.jpg","datePublished":"2025-09-20T05:44:38+00:00","dateModified":"2026-03-11T11:14:19+00:00","description":"Curious about us? Welcome to our Blogs - where contain all the lastest new that you need or want to know about Eddie's!! Teehee!!","breadcrumb":{"@id":"https:\/\/eddiesdiner.vn\/blogs\/#breadcrumb"},"inLanguage":"vi","potentialAction":[{"@type":"ReadAction","target":["https:\/\/eddiesdiner.vn\/blogs\/"]}]},{"@type":"ImageObject","inLanguage":"vi","@id":"https:\/\/eddiesdiner.vn\/blogs\/#primaryimage","url":"https:\/\/eddiesdiner.vn\/wp-content\/uploads\/2025\/12\/IMG_3274-768x512.jpg","contentUrl":"https:\/\/eddiesdiner.vn\/wp-content\/uploads\/2025\/12\/IMG_3274-768x512.jpg"},{"@type":"BreadcrumbList","@id":"https:\/\/eddiesdiner.vn\/blogs\/#breadcrumb","itemListElement":[{"@type":"ListItem","position":1,"name":"Home","item":"https:\/\/eddiesdiner.vn\/"},{"@type":"ListItem","position":2,"name":"Blogs"}]},{"@type":"WebSite","@id":"https:\/\/eddiesdiner.vn\/#website","url":"https:\/\/eddiesdiner.vn\/","name":"Eddie's Diner","description":"- New York Deli &amp; Diner","alternateName":"Eddie's","potentialAction":[{"@type":"SearchAction","target":{"@type":"EntryPoint","urlTemplate":"https:\/\/eddiesdiner.vn\/?s={search_term_string}"},"query-input":{"@type":"PropertyValueSpecification","valueRequired":true,"valueName":"search_term_string"}}],"inLanguage":"vi"}]}},"rttpg_featured_image_url":null,"rttpg_author":{"display_name":"Eddies Deli","author_link":"https:\/\/eddiesdiner.vn\/vi\/author\/eddiesdelisaigon\/"},"rttpg_comment":0,"rttpg_category":"","rttpg_excerpt":"Lastest News Maybe u mIssed Something Eddie\u2019s Catering: Authentic American Comfort Food in Ho Chi Minh City Christmas at Eddie\u2019s &#8211; A Festive Space for Every Celebration \ud83c\udf84\u2728 Eddie\u2019s Diner Thanksgiving 2025 \u2013 Authentic American Feast in HCM City \ud83c\uddfa\ud83c\uddf8","_links":{"self":[{"href":"https:\/\/eddiesdiner.vn\/vi\/wp-json\/wp\/v2\/pages\/22020","targetHints":{"allow":["GET"]}}],"collection":[{"href":"https:\/\/eddiesdiner.vn\/vi\/wp-json\/wp\/v2\/pages"}],"about":[{"href":"https:\/\/eddiesdiner.vn\/vi\/wp-json\/wp\/v2\/types\/page"}],"author":[{"embeddable":true,"href":"https:\/\/eddiesdiner.vn\/vi\/wp-json\/wp\/v2\/users\/6"}],"replies":[{"embeddable":true,"href":"https:\/\/eddiesdiner.vn\/vi\/wp-json\/wp\/v2\/comments?post=22020"}],"version-history":[{"count":17,"href":"https:\/\/eddiesdiner.vn\/vi\/wp-json\/wp\/v2\/pages\/22020\/revisions"}],"predecessor-version":[{"id":23071,"href":"https:\/\/eddiesdiner.vn\/vi\/wp-json\/wp\/v2\/pages\/22020\/revisions\/23071"}],"wp:attachment":[{"href":"https:\/\/eddiesdiner.vn\/vi\/wp-json\/wp\/v2\/media?parent=22020"}],"curies":[{"name":"wp","href":"https:\/\/api.w.org\/{rel}","templated":true}]}}