{"id":21480,"date":"2025-07-31T15:25:03","date_gmt":"2025-07-31T08:25:03","guid":{"rendered":"https:\/\/eddiesdiner.vn\/?page_id=21480"},"modified":"2026-03-11T17:00:57","modified_gmt":"2026-03-11T10:00:57","slug":"eddies-newsletter-registration","status":"publish","type":"page","link":"https:\/\/eddiesdiner.vn\/vi\/eddies-newsletter-registration\/","title":{"rendered":"Newsletter"},"content":{"rendered":"<div data-elementor-type=\"wp-page\" data-elementor-id=\"21480\" class=\"elementor elementor-21480\">\n\t\t\t\t<div class=\"elementor-element elementor-element-1c2f2ff e-flex e-con-boxed wpr-particle-no wpr-jarallax-no wpr-parallax-no wpr-sticky-section-no wpr-equal-height-no e-con e-parent\" data-id=\"1c2f2ff\" data-element_type=\"container\" data-e-type=\"container\" data-settings=\"{&quot;background_background&quot;:&quot;classic&quot;}\">\n\t\t\t\t\t<div class=\"e-con-inner\">\n\t\t\t\t<div class=\"elementor-element elementor-element-be1e4eb elementor-widget elementor-widget-image\" data-id=\"be1e4eb\" data-element_type=\"widget\" data-e-type=\"widget\" data-widget_type=\"image.default\">\n\t\t\t\t<div class=\"elementor-widget-container\">\n\t\t\t\t\t\t\t\t\t\t\t\t\t\t\t<img decoding=\"async\" src=\"https:\/\/eddiesdiner.vn\/wp-content\/uploads\/2025\/02\/WhatsApp-Image-2025-02-03-at-5.11.11\u202fPM.webp\" title=\"\" alt=\"\" loading=\"lazy\" \/>\t\t\t\t\t\t\t\t\t\t\t\t\t\t\t<\/div>\n\t\t\t\t<\/div>\n\t\t\t\t<div class=\"elementor-element elementor-element-a529542 elementor-widget elementor-widget-heading\" data-id=\"a529542\" data-element_type=\"widget\" data-e-type=\"widget\" data-widget_type=\"heading.default\">\n\t\t\t\t<div class=\"elementor-widget-container\">\n\t\t\t\t\t<h1 class=\"elementor-heading-title elementor-size-default\">WELCOME TO EDDIE\u2019S ALL-AMERICAN NEWSLETTER!<\/h1>\t\t\t\t<\/div>\n\t\t\t\t<\/div>\n\t\t\t\t<div class=\"elementor-element elementor-element-63196e4 elementor-widget elementor-widget-text-editor\" data-id=\"63196e4\" data-element_type=\"widget\" data-e-type=\"widget\" data-widget_type=\"text-editor.default\">\n\t\t\t\t<div class=\"elementor-widget-container\">\n\t\t\t\t\t\t\t\t\t<p><iframe style=\"display: block; margin-left: auto; margin-right: auto; max-width: 100%;\" src=\"https:\/\/07f41f20.sibforms.com\/serve\/MUIFAGQgCol2cE_bffLoDB6dhFEkwGE7AbKqvRRcTXnDFZLCUGc7BHD4h8HDcWvXuJu5z3lK6LTzrBoiejwfTKyL_dz0n_iaJkYXZGr146YJ03o8olcItXtv5-xQG-GXFG3lA6ECB33hOm_0WEGzzRKE1R78Ih-SFdZRwbBTWV7gnVNoa7Dedj70sWjuYFGgIwC9hQpcZQFzfTUI\" width=\"540\" height=\"1080\" frameborder=\"0\" scrolling=\"fixed\" allowfullscreen=\"allowfullscreen\"><\/iframe><\/p>\t\t\t\t\t\t\t\t<\/div>\n\t\t\t\t<\/div>\n\t\t\t\t\t<\/div>\n\t\t\t\t<\/div>\n\t\t<div class=\"elementor-element elementor-element-f35cfe3 e-flex e-con-boxed wpr-particle-no wpr-jarallax-no wpr-parallax-no wpr-sticky-section-no wpr-equal-height-no e-con e-parent\" data-id=\"f35cfe3\" data-element_type=\"container\" data-e-type=\"container\" data-settings=\"{&quot;background_background&quot;:&quot;classic&quot;}\">\n\t\t\t\t\t<div class=\"e-con-inner\">\n\t\t\t\t<div class=\"elementor-element elementor-element-00f68fc elementor-widget elementor-widget-heading\" data-id=\"00f68fc\" data-element_type=\"widget\" data-e-type=\"widget\" data-widget_type=\"heading.default\">\n\t\t\t\t<div class=\"elementor-widget-container\">\n\t\t\t\t\t<h2 class=\"elementor-heading-title elementor-size-default\">C\u00e1ch Nh\u1eadn Qu\u00e0 T\u1eb7ng c\u1ee7a B\u1ea1n t\u1ea1i Eddie\u2019s<\/h2>\t\t\t\t<\/div>\n\t\t\t\t<\/div>\n\t\t\t\t<div class=\"elementor-element elementor-element-ead9caa elementor-widget elementor-widget-text-editor\" data-id=\"ead9caa\" data-element_type=\"widget\" data-e-type=\"widget\" data-widget_type=\"text-editor.default\">\n\t\t\t\t<div class=\"elementor-widget-container\">\n\t\t\t\t\t\t\t\t\t<p>C\u1ea3m \u01a1n b\u1ea1n \u0111\u00e3 \u0111\u0103ng k\u00fd B\u1ea3n tin All-American c\u1ee7a Eddie\u2019s! Nh\u01b0 m\u1ed9t l\u1eddi tri \u00e2n, b\u1ea1n s\u1ebd nh\u1eadn \u0111\u01b0\u1ee3c m\u1ed9t\u00a0<strong>c\u00e2y b\u00fat Eddie\u2019s mi\u1ec5n ph\u00ed<\/strong>\u00a0v\u00e0 m\u1ed9t<strong>voucher gi\u1ea3m gi\u00e1 20%<\/strong>\u00a0cho l\u1ea7n gh\u00e9 th\u0103m ti\u1ebfp theo. D\u01b0\u1edbi \u0111\u00e2y l\u00e0 c\u00e1ch b\u1ea1n c\u00f3 th\u1ec3 nh\u1eadn qu\u00e0:<\/p>\t\t\t\t\t\t\t\t<\/div>\n\t\t\t\t<\/div>\n\t\t\t\t<div class=\"elementor-element elementor-element-653920f elementor-widget elementor-widget-heading\" data-id=\"653920f\" data-element_type=\"widget\" data-e-type=\"widget\" data-widget_type=\"heading.default\">\n\t\t\t\t<div class=\"elementor-widget-container\">\n\t\t\t\t\t<h3 class=\"elementor-heading-title elementor-size-default\">N\u1ebfu b\u1ea1n \u0111\u00e3 \u0111\u0103ng k\u00fd t\u1ea1i Eddie\u2019s (\u0110\u0103ng k\u00fd tr\u1ef1c ti\u1ebfp t\u1ea1i nh\u00e0 h\u00e0ng)<\/h3>\t\t\t\t<\/div>\n\t\t\t\t<\/div>\n\t\t\t\t<div class=\"elementor-element elementor-element-9550a23 elementor-widget elementor-widget-text-editor\" data-id=\"9550a23\" data-element_type=\"widget\" data-e-type=\"widget\" data-widget_type=\"text-editor.default\">\n\t\t\t\t<div class=\"elementor-widget-container\">\n\t\t\t\t\t\t\t\t\t<ol><li><strong>Ki\u1ec3m tra Email c\u1ee7a B\u1ea1n<\/strong>\u00a0\u2013 Sau khi \u0111\u0103ng k\u00fd, b\u1ea1n s\u1ebd nh\u1eadn \u0111\u01b0\u1ee3c m\u1ed9t email x\u00e1c nh\u1eadn t\u1eeb ch\u00fang m\u00ecnh.<\/li><li><strong>Th\u00f4ng B\u00e1o cho Nh\u00e2n Vi\u00ean<\/strong>\u00a0\u2013 H\u00e3y th\u00f4ng b\u00e1o cho nh\u00e2n vi\u00ean ph\u1ee5c v\u1ee5 r\u1eb1ng b\u1ea1n \u0111\u00e3 ho\u00e0n t\u1ea5t qu\u00e1 tr\u00ecnh \u0111\u0103ng k\u00fd.<\/li><li><strong>Cung C\u1ea5p Th\u00f4ng Tin C\u1ee7a B\u1ea1n<\/strong>\u00a0\u2013 Cung c\u1ea5p t\u00ean v\u00e0 email b\u1ea1n \u0111\u00e3 s\u1eed d\u1ee5ng \u0111\u1ec3 \u0111\u0103ng k\u00fd cho nh\u00e2n vi\u00ean ph\u1ee5c v\u1ee5.<\/li><li><strong>X\u00e1c Minh<\/strong>\u00a0\u2013 \u0110\u1ed9i ng\u0169 c\u1ee7a ch\u00fang m\u00ecnh s\u1ebd nhanh ch\u00f3ng x\u00e1c minh th\u00f4ng tin c\u1ee7a b\u1ea1n.<\/li><li><strong>Nh\u1eadn Qu\u00e0 C\u1ee7a B\u1ea1n V\u00e0 T\u1eadn H\u01b0\u1edfng!<\/strong>\u00a0\u2013 Sau khi x\u00e1c minh, b\u1ea1n s\u1ebd nh\u1eadn \u0111\u01b0\u1ee3c m\u1ed9t c\u00e2y b\u00fat Eddie\u2019s v\u00e0 m\u1ed9t phi\u1ebfu gi\u1ea3m gi\u00e1 20% cho l\u1ea7n gh\u00e9 th\u0103m ti\u1ebfp theo.<\/li><\/ol><p><em>N\u1ebfu ch\u00fang m\u00ecnh kh\u00f4ng th\u1ec3 x\u00e1c minh \u0111\u0103ng k\u00fd c\u1ee7a b\u1ea1n, \u0111\u1eebng lo! Nh\u00e2n vi\u00ean c\u1ee7a ch\u00fang m\u00ecnh s\u1ebd h\u01b0\u1edbng d\u1eabn b\u1ea1n \u0111\u0103ng k\u00fd l\u1ea1i \u0111\u1ec3 \u0111\u1ea3m b\u1ea3o b\u1ea1n nh\u1eadn \u0111\u01b0\u1ee3c ph\u1ea7n qu\u00e0 c\u1ee7a m\u00ecnh.<\/em><\/p>\t\t\t\t\t\t\t\t<\/div>\n\t\t\t\t<\/div>\n\t\t\t\t<div class=\"elementor-element elementor-element-cadc882 elementor-widget elementor-widget-heading\" data-id=\"cadc882\" data-element_type=\"widget\" data-e-type=\"widget\" data-widget_type=\"heading.default\">\n\t\t\t\t<div class=\"elementor-widget-container\">\n\t\t\t\t\t<h3 class=\"elementor-heading-title elementor-size-default\">N\u1ebfu b\u1ea1n \u0111\u00e3 \u0111\u0103ng k\u00fd tr\u1ef1c tuy\u1ebfn (\u0110\u0103ng k\u00fd qua website)<\/h3>\t\t\t\t<\/div>\n\t\t\t\t<\/div>\n\t\t\t\t<div class=\"elementor-element elementor-element-a09d0e6 elementor-widget elementor-widget-text-editor\" data-id=\"a09d0e6\" data-element_type=\"widget\" data-e-type=\"widget\" data-widget_type=\"text-editor.default\">\n\t\t\t\t<div class=\"elementor-widget-container\">\n\t\t\t\t\t\t\t\t\t<p>You have two options to claim your gift:<\/p>\t\t\t\t\t\t\t\t<\/div>\n\t\t\t\t<\/div>\n\t\t\t\t<div class=\"elementor-element elementor-element-e871f40 elementor-widget elementor-widget-heading\" data-id=\"e871f40\" data-element_type=\"widget\" data-e-type=\"widget\" data-widget_type=\"heading.default\">\n\t\t\t\t<div class=\"elementor-widget-container\">\n\t\t\t\t\t<h4 class=\"elementor-heading-title elementor-size-default\">C\u00e1ch 1: Nh\u1eadn Khi \u0110\u1eb7t H\u00e0ng Giao T\u1eadn N\u01a1i<\/h4>\t\t\t\t<\/div>\n\t\t\t\t<\/div>\n\t\t\t\t<div class=\"elementor-element elementor-element-ae56f7c elementor-widget elementor-widget-text-editor\" data-id=\"ae56f7c\" data-element_type=\"widget\" data-e-type=\"widget\" data-widget_type=\"text-editor.default\">\n\t\t\t\t<div class=\"elementor-widget-container\">\n\t\t\t\t\t\t\t\t\t<ul><li>\u0110\u1eb7t h\u00e0ng giao t\u1eadn n\u01a1i qua Eddie\u2019s.<\/li><li>Khi thanh to\u00e1n, h\u00e3y ghi ch\u00fa r\u1eb1ng b\u1ea1n \u0111\u00e3 \u0111\u0103ng k\u00fd nh\u1eadn b\u1ea3n tin c\u1ee7a ch\u00fang t\u00f4i v\u00e0 mu\u1ed1n nh\u1eadn qu\u00e0 t\u1eb7ng.<\/li><li>\u0110\u1ed9i ng\u0169 c\u1ee7a ch\u00fang m\u00ecnh s\u1ebd x\u00e1c minh th\u00f4ng tin c\u1ee7a b\u1ea1n v\u00e0 k\u00e8m theo qu\u00e0 t\u1eb7ng trong \u0111\u01a1n h\u00e0ng giao t\u1eadn n\u01a1i.<\/li><\/ul>\t\t\t\t\t\t\t\t<\/div>\n\t\t\t\t<\/div>\n\t\t\t\t<div class=\"elementor-element elementor-element-7ead9a8 elementor-widget elementor-widget-heading\" data-id=\"7ead9a8\" data-element_type=\"widget\" data-e-type=\"widget\" data-widget_type=\"heading.default\">\n\t\t\t\t<div class=\"elementor-widget-container\">\n\t\t\t\t\t<h4 class=\"elementor-heading-title elementor-size-default\">C\u00e1ch 2: Nh\u1eadn Qu\u00e0 T\u1ea1i Eddie\u2019s<\/h4>\t\t\t\t<\/div>\n\t\t\t\t<\/div>\n\t\t\t\t<div class=\"elementor-element elementor-element-4eabaa3 elementor-widget elementor-widget-text-editor\" data-id=\"4eabaa3\" data-element_type=\"widget\" data-e-type=\"widget\" data-widget_type=\"text-editor.default\">\n\t\t\t\t<div class=\"elementor-widget-container\">\n\t\t\t\t\t\t\t\t\t<ul><li>Gh\u00e9 th\u0103m b\u1ea5t k\u1ef3 \u0111\u1ecba \u0111i\u1ec3m n\u00e0o c\u1ee7a Eddie\u2019s.<\/li><li>Th\u00f4ng b\u00e1o cho nh\u00e2n vi\u00ean r\u1eb1ng b\u1ea1n \u0111\u00e3 \u0111\u0103ng k\u00fd tr\u1ef1c tuy\u1ebfn v\u00e0 cung c\u1ea5p t\u00ean c\u00f9ng email b\u1ea1n \u0111\u00e3 s\u1eed d\u1ee5ng \u0111\u1ec3 \u0111\u0103ng k\u00fd.<\/li><li>Sau khi x\u00e1c minh, b\u1ea1n s\u1ebd nh\u1eadn \u0111\u01b0\u1ee3c m\u1ed9t c\u00e2y b\u00fat Eddie\u2019s v\u00e0 m\u1ed9t phi\u1ebfu gi\u1ea3m gi\u00e1 20%.<\/li><\/ul><p><em>Kh\u00f4ng t\u00ecm th\u1ea5y email x\u00e1c nh\u1eadn? \u0110\u1eebng lo! \u0110\u1ed9i ng\u0169 c\u1ee7a ch\u00fang t\u00f4i s\u1ebd h\u1ed7 tr\u1ee3 b\u1ea1n x\u00e1c minh \u0111\u0103ng k\u00fd.<\/em><\/p>\t\t\t\t\t\t\t\t<\/div>\n\t\t\t\t<\/div>\n\t\t\t\t<div class=\"elementor-element elementor-element-608d490 elementor-widget elementor-widget-heading\" data-id=\"608d490\" data-element_type=\"widget\" data-e-type=\"widget\" data-widget_type=\"heading.default\">\n\t\t\t\t<div class=\"elementor-widget-container\">\n\t\t\t\t\t<h2 class=\"elementor-heading-title elementor-size-default\">C\u00e2u H\u1ecfi Th\u01b0\u1eddng G\u1eb7p (FAQ)<\/h2>\t\t\t\t<\/div>\n\t\t\t\t<\/div>\n\t\t\t\t<div class=\"elementor-element elementor-element-2d92000 elementor-widget elementor-widget-heading\" data-id=\"2d92000\" data-element_type=\"widget\" data-e-type=\"widget\" data-widget_type=\"heading.default\">\n\t\t\t\t<div class=\"elementor-widget-container\">\n\t\t\t\t\t<h3 class=\"elementor-heading-title elementor-size-default\">\ud83d\udcac Can I redeem my gift on a future visit?<\/h3>\t\t\t\t<\/div>\n\t\t\t\t<\/div>\n\t\t\t\t<div class=\"elementor-element elementor-element-ddb74a6 elementor-widget elementor-widget-text-editor\" data-id=\"ddb74a6\" data-element_type=\"widget\" data-e-type=\"widget\" data-widget_type=\"text-editor.default\">\n\t\t\t\t<div class=\"elementor-widget-container\">\n\t\t\t\t\t\t\t\t\t<p>C\u00f3! B\u1ea1n c\u00f3 th\u1ec3 nh\u1eadn qu\u00e0 b\u1ea5t c\u1ee9 l\u00fac n\u00e0o khi d\u00f9ng b\u1eefa t\u1ea1i nh\u00e0 h\u00e0ng ho\u1eb7c \u0111\u1eb7t h\u00e0ng giao t\u1eadn n\u01a1i.<\/p>\t\t\t\t\t\t\t\t<\/div>\n\t\t\t\t<\/div>\n\t\t\t\t<div class=\"elementor-element elementor-element-22b1141 elementor-widget elementor-widget-heading\" data-id=\"22b1141\" data-element_type=\"widget\" data-e-type=\"widget\" data-widget_type=\"heading.default\">\n\t\t\t\t<div class=\"elementor-widget-container\">\n\t\t\t\t\t<h3 class=\"elementor-heading-title elementor-size-default\">\ud83d\udcac What if I forget to mention my gift with my delivery order?<\/h3>\t\t\t\t<\/div>\n\t\t\t\t<\/div>\n\t\t\t\t<div class=\"elementor-element elementor-element-84bf426 elementor-widget elementor-widget-text-editor\" data-id=\"84bf426\" data-element_type=\"widget\" data-e-type=\"widget\" data-widget_type=\"text-editor.default\">\n\t\t\t\t<div class=\"elementor-widget-container\">\n\t\t\t\t\t\t\t\t\t<p>Sau khi \u0111\u01a1n h\u00e0ng \u0111\u00e3 \u0111\u01b0\u1ee3c x\u1eed l\u00fd, ch\u00fang t\u00f4i c\u00f3 th\u1ec3 kh\u00f4ng th\u1ec3 th\u00eam qu\u00e0 t\u1eb7ng. Ch\u00fang t\u00f4i khuy\u1ebfn kh\u00edch b\u1ea1n \u0111\u1ec1 c\u1eadp \u0111\u1ebfn qu\u00e0 t\u1eb7ng ngay khi \u0111\u1eb7t h\u00e0ng.<\/p><p>C\u1ea3m \u01a1n b\u1ea1n \u0111\u00e3 tham gia B\u1ea3n tin All-American c\u1ee7a Eddie\u2019s! Ch\u00fang t\u00f4i mong s\u1edbm \u0111\u01b0\u1ee3c ch\u00e0o \u0111\u00f3n b\u1ea1n. \ud83c\udf89\ud83c\udf54<\/p>\t\t\t\t\t\t\t\t<\/div>\n\t\t\t\t<\/div>\n\t\t\t\t\t<\/div>\n\t\t\t\t<\/div>\n\t\t\t\t<\/div>","protected":false},"excerpt":{"rendered":"<p>WELCOME TO EDDIE\u2019S ALL-AMERICAN NEWSLETTER! \ufeff\ufeff\ufeff How to Redeem Your Gift at Eddie\u2019s Thank you for signing up for Eddie\u2019s All-American Newsletter! As a token of our appreciation, you\u2019ll receive a\u00a0free Eddie\u2019s pen\u00a0and a 20% discount voucher\u00a0for your next visit.<\/p>","protected":false},"author":4,"featured_media":0,"parent":0,"menu_order":0,"comment_status":"open","ping_status":"closed","template":"elementor_header_footer","meta":{"_monsterinsights_skip_tracking":false,"_monsterinsights_sitenote_active":false,"_monsterinsights_sitenote_note":"","_monsterinsights_sitenote_category":0,"footnotes":""},"class_list":["post-21480","page","type-page","status-publish","hentry"],"yoast_head":"<!-- This site is optimized with the Yoast SEO plugin v27.5 - https:\/\/yoast.com\/product\/yoast-seo-wordpress\/ -->\n<title>Newsletter | Eddie&#039;s Diner - New York Deli &amp; Diner<\/title>\n<meta name=\"description\" content=\"SAVE MONEY AND HAVE FUN with our promotions and events through our Newsletter subscription! So, join us at Eddie&#039;s and let the savings begin!\" \/>\n<meta name=\"robots\" content=\"index, follow, max-snippet:-1, max-image-preview:large, max-video-preview:-1\" \/>\n<link rel=\"canonical\" href=\"https:\/\/eddiesdiner.vn\/vi\/eddies-newsletter-registration\/\" \/>\n<meta property=\"og:locale\" content=\"vi_VN\" \/>\n<meta property=\"og:type\" content=\"article\" \/>\n<meta property=\"og:title\" content=\"Newsletter | Eddie&#039;s Diner - New York Deli &amp; Diner\" \/>\n<meta property=\"og:description\" content=\"SAVE MONEY AND HAVE FUN with our promotions and events through our Newsletter subscription! So, join us at Eddie&#039;s and let the savings begin!\" \/>\n<meta property=\"og:url\" content=\"https:\/\/eddiesdiner.vn\/vi\/eddies-newsletter-registration\/\" \/>\n<meta property=\"og:site_name\" content=\"Eddie&#039;s Diner\" \/>\n<meta property=\"article:publisher\" content=\"https:\/\/www.facebook.com\/EddiesSaigon\/\" \/>\n<meta property=\"article:modified_time\" content=\"2026-03-11T10:00:57+00:00\" \/>\n<meta name=\"twitter:card\" content=\"summary_large_image\" \/>\n<meta name=\"twitter:label1\" content=\"\u01af\u1edbc t\u00ednh th\u1eddi gian \u0111\u1ecdc\" \/>\n\t<meta name=\"twitter:data1\" content=\"2 ph\u00fat\" \/>\n<script type=\"application\/ld+json\" class=\"yoast-schema-graph\">{\"@context\":\"https:\\\/\\\/schema.org\",\"@graph\":[{\"@type\":\"WebPage\",\"@id\":\"https:\\\/\\\/eddiesdiner.vn\\\/eddies-newsletter-registration\\\/\",\"url\":\"https:\\\/\\\/eddiesdiner.vn\\\/eddies-newsletter-registration\\\/\",\"name\":\"Newsletter | Eddie&#039;s Diner - New York Deli & Diner\",\"isPartOf\":{\"@id\":\"https:\\\/\\\/eddiesdiner.vn\\\/#website\"},\"datePublished\":\"2025-07-31T08:25:03+00:00\",\"dateModified\":\"2026-03-11T10:00:57+00:00\",\"description\":\"SAVE MONEY AND HAVE FUN with our promotions and events through our Newsletter subscription! So, join us at Eddie's and let the savings begin!\",\"breadcrumb\":{\"@id\":\"https:\\\/\\\/eddiesdiner.vn\\\/eddies-newsletter-registration\\\/#breadcrumb\"},\"inLanguage\":\"vi\",\"potentialAction\":[{\"@type\":\"ReadAction\",\"target\":[\"https:\\\/\\\/eddiesdiner.vn\\\/eddies-newsletter-registration\\\/\"]}]},{\"@type\":\"BreadcrumbList\",\"@id\":\"https:\\\/\\\/eddiesdiner.vn\\\/eddies-newsletter-registration\\\/#breadcrumb\",\"itemListElement\":[{\"@type\":\"ListItem\",\"position\":1,\"name\":\"Home\",\"item\":\"https:\\\/\\\/eddiesdiner.vn\\\/\"},{\"@type\":\"ListItem\",\"position\":2,\"name\":\"Newsletter\"}]},{\"@type\":\"WebSite\",\"@id\":\"https:\\\/\\\/eddiesdiner.vn\\\/#website\",\"url\":\"https:\\\/\\\/eddiesdiner.vn\\\/\",\"name\":\"Eddie's Diner\",\"description\":\"- New York Deli &amp; Diner\",\"alternateName\":\"Eddie's\",\"potentialAction\":[{\"@type\":\"SearchAction\",\"target\":{\"@type\":\"EntryPoint\",\"urlTemplate\":\"https:\\\/\\\/eddiesdiner.vn\\\/?s={search_term_string}\"},\"query-input\":{\"@type\":\"PropertyValueSpecification\",\"valueRequired\":true,\"valueName\":\"search_term_string\"}}],\"inLanguage\":\"vi\"}]}<\/script>\n<!-- \/ Yoast SEO plugin. -->","yoast_head_json":{"title":"Newsletter | Eddie&#039;s Diner - New York Deli & Diner","description":"SAVE MONEY AND HAVE FUN with our promotions and events through our Newsletter subscription! So, join us at Eddie's and let the savings begin!","robots":{"index":"index","follow":"follow","max-snippet":"max-snippet:-1","max-image-preview":"max-image-preview:large","max-video-preview":"max-video-preview:-1"},"canonical":"https:\/\/eddiesdiner.vn\/vi\/eddies-newsletter-registration\/","og_locale":"vi_VN","og_type":"article","og_title":"Newsletter | Eddie&#039;s Diner - New York Deli & Diner","og_description":"SAVE MONEY AND HAVE FUN with our promotions and events through our Newsletter subscription! So, join us at Eddie's and let the savings begin!","og_url":"https:\/\/eddiesdiner.vn\/vi\/eddies-newsletter-registration\/","og_site_name":"Eddie&#039;s Diner","article_publisher":"https:\/\/www.facebook.com\/EddiesSaigon\/","article_modified_time":"2026-03-11T10:00:57+00:00","twitter_card":"summary_large_image","twitter_misc":{"\u01af\u1edbc t\u00ednh th\u1eddi gian \u0111\u1ecdc":"2 ph\u00fat"},"schema":{"@context":"https:\/\/schema.org","@graph":[{"@type":"WebPage","@id":"https:\/\/eddiesdiner.vn\/eddies-newsletter-registration\/","url":"https:\/\/eddiesdiner.vn\/eddies-newsletter-registration\/","name":"Newsletter | Eddie&#039;s Diner - New York Deli & Diner","isPartOf":{"@id":"https:\/\/eddiesdiner.vn\/#website"},"datePublished":"2025-07-31T08:25:03+00:00","dateModified":"2026-03-11T10:00:57+00:00","description":"SAVE MONEY AND HAVE FUN with our promotions and events through our Newsletter subscription! So, join us at Eddie's and let the savings begin!","breadcrumb":{"@id":"https:\/\/eddiesdiner.vn\/eddies-newsletter-registration\/#breadcrumb"},"inLanguage":"vi","potentialAction":[{"@type":"ReadAction","target":["https:\/\/eddiesdiner.vn\/eddies-newsletter-registration\/"]}]},{"@type":"BreadcrumbList","@id":"https:\/\/eddiesdiner.vn\/eddies-newsletter-registration\/#breadcrumb","itemListElement":[{"@type":"ListItem","position":1,"name":"Home","item":"https:\/\/eddiesdiner.vn\/"},{"@type":"ListItem","position":2,"name":"Newsletter"}]},{"@type":"WebSite","@id":"https:\/\/eddiesdiner.vn\/#website","url":"https:\/\/eddiesdiner.vn\/","name":"Eddie's Diner","description":"- New York Deli &amp; Diner","alternateName":"Eddie's","potentialAction":[{"@type":"SearchAction","target":{"@type":"EntryPoint","urlTemplate":"https:\/\/eddiesdiner.vn\/?s={search_term_string}"},"query-input":{"@type":"PropertyValueSpecification","valueRequired":true,"valueName":"search_term_string"}}],"inLanguage":"vi"}]}},"rttpg_featured_image_url":null,"rttpg_author":{"display_name":"Eddie Diner","author_link":"https:\/\/eddiesdiner.vn\/vi\/author\/eddiesdinersaigon\/"},"rttpg_comment":0,"rttpg_category":null,"rttpg_excerpt":"WELCOME TO EDDIE\u2019S ALL-AMERICAN NEWSLETTER! \ufeff\ufeff\ufeff How to Redeem Your Gift at Eddie\u2019s Thank you for signing up for Eddie\u2019s All-American Newsletter! As a token of our appreciation, you\u2019ll receive a\u00a0free Eddie\u2019s pen\u00a0and a 20% discount voucher\u00a0for your next visit.","_links":{"self":[{"href":"https:\/\/eddiesdiner.vn\/vi\/wp-json\/wp\/v2\/pages\/21480","targetHints":{"allow":["GET"]}}],"collection":[{"href":"https:\/\/eddiesdiner.vn\/vi\/wp-json\/wp\/v2\/pages"}],"about":[{"href":"https:\/\/eddiesdiner.vn\/vi\/wp-json\/wp\/v2\/types\/page"}],"author":[{"embeddable":true,"href":"https:\/\/eddiesdiner.vn\/vi\/wp-json\/wp\/v2\/users\/4"}],"replies":[{"embeddable":true,"href":"https:\/\/eddiesdiner.vn\/vi\/wp-json\/wp\/v2\/comments?post=21480"}],"version-history":[{"count":13,"href":"https:\/\/eddiesdiner.vn\/vi\/wp-json\/wp\/v2\/pages\/21480\/revisions"}],"predecessor-version":[{"id":23002,"href":"https:\/\/eddiesdiner.vn\/vi\/wp-json\/wp\/v2\/pages\/21480\/revisions\/23002"}],"wp:attachment":[{"href":"https:\/\/eddiesdiner.vn\/vi\/wp-json\/wp\/v2\/media?parent=21480"}],"curies":[{"name":"wp","href":"https:\/\/api.w.org\/{rel}","templated":true}]}}