{"id":21458,"date":"2025-07-29T18:26:38","date_gmt":"2025-07-29T11:26:38","guid":{"rendered":"https:\/\/eddiesdiner.vn\/?page_id=21458"},"modified":"2026-03-11T19:31:30","modified_gmt":"2026-03-11T12:31:30","slug":"privacy-policy","status":"publish","type":"page","link":"https:\/\/eddiesdiner.vn\/vi\/privacy-policy\/","title":{"rendered":"Ch\u00ednh s\u00e1ch b\u1ea3o m\u1eadt"},"content":{"rendered":"<div data-elementor-type=\"wp-page\" data-elementor-id=\"21458\" class=\"elementor elementor-21458\">\n\t\t\t\t<div class=\"elementor-element elementor-element-202a763c e-flex e-con-boxed wpr-particle-no wpr-jarallax-no wpr-parallax-no wpr-sticky-section-no wpr-equal-height-no e-con e-parent\" data-id=\"202a763c\" data-element_type=\"container\" data-e-type=\"container\" data-settings=\"{&quot;background_background&quot;:&quot;classic&quot;}\">\n\t\t\t\t\t<div class=\"e-con-inner\">\n\t\t\t\t\t<\/div>\n\t\t\t\t<\/div>\n\t\t<div class=\"elementor-element elementor-element-7569577 e-con-full e-flex wpr-particle-no wpr-jarallax-no wpr-parallax-no wpr-sticky-section-no wpr-equal-height-no e-con e-parent\" data-id=\"7569577\" data-element_type=\"container\" data-e-type=\"container\" data-settings=\"{&quot;background_background&quot;:&quot;classic&quot;}\">\n\t\t\t\t<div class=\"elementor-element elementor-element-1d9b006 elementor-widget elementor-widget-text-editor\" data-id=\"1d9b006\" data-element_type=\"widget\" data-e-type=\"widget\" data-widget_type=\"text-editor.default\">\n\t\t\t\t<div class=\"elementor-widget-container\">\n\t\t\t\t\t\t\t\t\t<p><span style=\"color: #000000;\">CH\u00cdNH S\u00c1CH B\u1ea2O M\u1eacT<\/span><\/p><p><span style=\"color: #000000;\">Ch\u00ednh s\u00e1ch b\u1ea3o m\u1eadt n\u00e0y cung c\u1ea5p th\u00f4ng tin v\u1ec1 c\u00e1ch kh\u00e1ch truy c\u1eadp c\u00f3 th\u1ec3 s\u1eed d\u1ee5ng trang web c\u1ee7a ch\u00fang t\u00f4i v\u00e0 d\u1eef li\u1ec7u c\u1ee7a h\u1ecd s\u1ebd \u0111\u01b0\u1ee3c x\u1eed l\u00fd nh\u01b0 th\u1ebf n\u00e0o.<\/span><\/p><p><span style=\"color: #000000;\">\u200b<\/span><\/p><p><span style=\"color: #000000;\">THU TH\u1eacP TH\u00d4NG TIN C\u00c1 NH\u00c2N<\/span><\/p><p><span style=\"color: #000000;\">Kh\u00e1ch truy c\u1eadp v\u00e0o trang web c\u1ee7a ch\u00fang t\u00f4i c\u00f3 th\u1ec3 cung c\u1ea5p cho ch\u00fang t\u00f4i m\u1ed9t s\u1ed1 th\u00f4ng tin c\u00e1 nh\u00e2n khi s\u1eed d\u1ee5ng trang web c\u1ee7a ch\u00fang t\u00f4i. Th\u00f4ng tin n\u00e0y c\u00f3 th\u1ec3 bao g\u1ed3m th\u00f4ng tin nh\u1eadn d\u1ea1ng nh\u01b0 t\u00ean, \u0111\u1ecba ch\u1ec9 email v\u00e0 s\u1ed1 \u0111i\u1ec7n tho\u1ea1i. Th\u00f4ng tin n\u00e0y c\u00f3 th\u1ec3 \u0111\u01b0\u1ee3c thu th\u1eadp khi ng\u01b0\u1eddi d\u00f9ng truy c\u1eadp v\u00e0o trang web c\u1ee7a ch\u00fang t\u00f4i, \u0111i\u1ec1n v\u00e0o bi\u1ec3u m\u1eabu ho\u1eb7c t\u01b0\u01a1ng t\u00e1c v\u1edbi ch\u00fang t\u00f4i b\u1eb1ng c\u00e1c c\u00e1ch kh\u00e1c.<\/span><\/p><p><span style=\"color: #000000;\">\u200b<\/span><\/p><p><span style=\"color: #000000;\">S\u1eec D\u1ee4NG TH\u00d4NG TIN C\u00c1 NH\u00c2N<\/span><\/p><p><span style=\"color: #000000;\">Th\u00f4ng tin c\u00e1 nh\u00e2n c\u1ee7a kh\u00e1ch truy c\u1eadp c\u00f3 th\u1ec3 \u0111\u01b0\u1ee3c s\u1eed d\u1ee5ng cho c\u00e1c m\u1ee5c \u0111\u00edch c\u1ee5 th\u1ec3 nh\u01b0 ph\u1ea3n h\u1ed3i c\u00e1c y\u00eau c\u1ea7u c\u1ee7a h\u1ecd, c\u1ea3i thi\u1ec7n tr\u1ea3i nghi\u1ec7m s\u1eed d\u1ee5ng trang web v\u00e0 cung c\u1ea5p th\u00f4ng tin v\u1ec1 c\u00e1c chi\u1ebfn d\u1ecbch ho\u1eb7c kh\u1ea3o s\u00e1t. Ch\u00fang t\u00f4i s\u1ebd kh\u00f4ng th\u1ec3 chia s\u1ebb th\u00f4ng tin n\u00e0y v\u1edbi b\u00ean th\u1ee9 ba m\u00e0 kh\u00f4ng c\u00f3 s\u1ef1 \u0111\u1ed3ng \u00fd c\u1ee7a ng\u01b0\u1eddi d\u00f9ng.<\/span><\/p><p><span style=\"color: #000000;\">\u200b<\/span><\/p><p><span style=\"color: #000000;\">COOKIE V\u00c0 C\u00c1C C\u00d4NG NGH\u1ec6 T\u01af\u01a0NG T\u1ef0<\/span><\/p><p><span style=\"color: #000000;\">Khi s\u1eed d\u1ee5ng m\u1ed9t trang web, cookie l\u00e0 c\u00e1c t\u1ec7p d\u1eef li\u1ec7u nh\u1ecf \u0111\u01b0\u1ee3c l\u01b0u tr\u1eef tr\u00ean m\u00e1y t\u00ednh c\u1ee7a kh\u00e1ch truy c\u1eadp. C\u00e1c t\u1ec7p n\u00e0y \u0111\u01b0\u1ee3c s\u1eed d\u1ee5ng \u0111\u1ec3 l\u01b0u tr\u1eef c\u00e1c t\u00f9y ch\u1ec9nh c\u1ee7a kh\u00e1ch truy c\u1eadp, s\u1ed1 li\u1ec7u th\u1ed1ng k\u00ea v\u1ec1 vi\u1ec7c s\u1eed d\u1ee5ng trang web v\u00e0 c\u00e1c d\u1eef li\u1ec7u kh\u00e1c. Cookie c\u0169ng c\u00f3 th\u1ec3 \u0111\u01b0\u1ee3c s\u1eed d\u1ee5ng cho c\u00e1c m\u1ee5c \u0111\u00edch c\u1ee5 th\u1ec3, ch\u1eb3ng h\u1ea1n nh\u01b0 qu\u1ea3ng c\u00e1o nh\u1eafm m\u1ee5c ti\u00eau. Ng\u01b0\u1eddi d\u00f9ng c\u00f3 th\u1ec3 ch\u1eb7n ho\u1eb7c lo\u1ea1i b\u1ecf cookie b\u1eb1ng c\u00e1ch thay \u0111\u1ed5i c\u00e0i \u0111\u1eb7t tr\u00ecnh duy\u1ec7t c\u1ee7a h\u1ecd.<\/span><\/p><p><span style=\"color: #000000;\">\u200b<\/span><\/p><p><span style=\"color: #000000;\">B\u1ea2O M\u1eacT<\/span><\/p><p><span style=\"color: #000000;\">An ninh c\u1ee7a th\u00f4ng tin c\u00e1 nh\u00e2n c\u1ee7a b\u1ea1n l\u00e0 quan tr\u1ecdng \u0111\u1ed1i v\u1edbi ch\u00fang t\u00f4i. Do \u0111\u00f3, ch\u00fang t\u00f4i s\u1eed d\u1ee5ng c\u00e1c bi\u1ec7n ph\u00e1p b\u1ea3o m\u1eadt th\u00edch h\u1ee3p \u0111\u1ec3 b\u1ea3o v\u1ec7 th\u00f4ng tin c\u00e1 nh\u00e2n c\u1ee7a b\u1ea1n kh\u1ecfi truy c\u1eadp, s\u1eeda \u0111\u1ed5i ho\u1eb7c ti\u1ebft l\u1ed9 tr\u00e1i ph\u00e9p.<\/span><\/p><p><span style=\"color: #000000;\">\u200b<\/span><\/p><p><span style=\"color: #000000;\">C\u1eacP NH\u1eacT TH\u00d4NG TIN<\/span><\/p><p><span style=\"color: #000000;\">Kh\u00e1ch truy c\u1eadp c\u00f3 th\u1ec3 li\u00ean h\u1ec7 v\u1edbi ch\u00fang t\u00f4i \u0111\u1ec3 c\u1eadp nh\u1eadt ho\u1eb7c thay \u0111\u1ed5i th\u00f4ng tin c\u00e1 nh\u00e2n c\u1ee7a h\u1ecd.<\/span><\/p><p><span style=\"color: #000000;\">\u200b<\/span><\/p><p><span style=\"color: #000000;\">THAY \u0110\u1ed4I<\/span><\/p><p><span style=\"color: #000000;\">Ch\u00ednh s\u00e1ch b\u1ea3o m\u1eadt n\u00e0y c\u00f3 th\u1ec3 \u0111\u01b0\u1ee3c c\u1eadp nh\u1eadt \u0111\u1ecbnh k\u1ef3. Do \u0111\u00f3, ch\u00fang t\u00f4i khuy\u00ean b\u1ea1n n\u00ean th\u01b0\u1eddng xuy\u00ean truy c\u1eadp trang n\u00e0y.<\/span><\/p><p><span style=\"color: #000000;\">\u200b<\/span><\/p><p><span style=\"color: #000000;\">LI\u00caN H\u1ec6<\/span><\/p><p class=\"has-vivid-red-color has-text-color has-link-color wp-elements-34940510836f17bb4a0b7c3c460a4ce4\"><span style=\"color: #000000;\">N\u1ebfu b\u1ea1n c\u00f3 b\u1ea5t k\u1ef3 c\u00e2u h\u1ecfi ho\u1eb7c \u00fd ki\u1ebfn n\u00e0o v\u1ec1 ch\u00ednh s\u00e1ch b\u1ea3o m\u1eadt n\u00e0y, vui l\u00f2ng \u0111\u1eebng ng\u1ea7n ng\u1ea1i \u0111\u1ec3 li\u00ean h\u1ec7 v\u1edbi ch\u00fang t\u00f4i theo \u0111\u1ecba ch\u1ec9<\/span>\u00a0<span style=\"color: #000000;\"><a style=\"color: #000000;\" href=\"mailto:contact@eddiesdinersaigon.vn\">contact@eddiesdinersaigon.vn<\/a><\/span><\/p>\t\t\t\t\t\t\t\t<\/div>\n\t\t\t\t<\/div>\n\t\t\t\t<\/div>\n\t\t\t\t<\/div>","protected":false},"excerpt":{"rendered":"<p>PRIVACY POLICY This privacy policy provides information on how visitors can use our site and how their data will be processed. \u200b COLLECTION OF PERSONAL INFORMATION Visitors to our site may provide us with some personal information when using our<\/p>","protected":false},"author":4,"featured_media":0,"parent":0,"menu_order":0,"comment_status":"closed","ping_status":"closed","template":"elementor_header_footer","meta":{"_monsterinsights_skip_tracking":false,"_monsterinsights_sitenote_active":false,"_monsterinsights_sitenote_note":"","_monsterinsights_sitenote_category":0,"footnotes":""},"class_list":["post-21458","page","type-page","status-publish","hentry"],"yoast_head":"<!-- This site is optimized with the Yoast SEO plugin v27.4 - https:\/\/yoast.com\/product\/yoast-seo-wordpress\/ -->\n<title>Privacy Policy | Eddie&#039;s Diner - New York Deli &amp; Diner<\/title>\n<meta name=\"description\" content=\"Privacy Policy for our customers - who choose and trust in Eddie&#039;s for your breakfast, brunch, lunch and dinner!!\" \/>\n<meta name=\"robots\" content=\"index, follow, max-snippet:-1, max-image-preview:large, max-video-preview:-1\" \/>\n<link rel=\"canonical\" href=\"https:\/\/eddiesdiner.vn\/vi\/privacy-policy\/\" \/>\n<meta property=\"og:locale\" content=\"vi_VN\" \/>\n<meta property=\"og:type\" content=\"article\" \/>\n<meta property=\"og:title\" content=\"Privacy Policy | Eddie&#039;s Diner - New York Deli &amp; Diner\" \/>\n<meta property=\"og:description\" content=\"Privacy Policy for our customers - who choose and trust in Eddie&#039;s for your breakfast, brunch, lunch and dinner!!\" \/>\n<meta property=\"og:url\" content=\"https:\/\/eddiesdiner.vn\/vi\/privacy-policy\/\" \/>\n<meta property=\"og:site_name\" content=\"Eddie&#039;s Diner\" \/>\n<meta property=\"article:publisher\" content=\"https:\/\/www.facebook.com\/EddiesSaigon\/\" \/>\n<meta property=\"article:modified_time\" content=\"2026-03-11T12:31:30+00:00\" \/>\n<meta name=\"twitter:card\" content=\"summary_large_image\" \/>\n<meta name=\"twitter:label1\" content=\"\u01af\u1edbc t\u00ednh th\u1eddi gian \u0111\u1ecdc\" \/>\n\t<meta name=\"twitter:data1\" content=\"2 ph\u00fat\" \/>\n<script type=\"application\/ld+json\" class=\"yoast-schema-graph\">{\"@context\":\"https:\\\/\\\/schema.org\",\"@graph\":[{\"@type\":\"WebPage\",\"@id\":\"https:\\\/\\\/eddiesdiner.vn\\\/privacy-policy\\\/\",\"url\":\"https:\\\/\\\/eddiesdiner.vn\\\/privacy-policy\\\/\",\"name\":\"Privacy Policy | Eddie&#039;s Diner - New York Deli & Diner\",\"isPartOf\":{\"@id\":\"https:\\\/\\\/eddiesdiner.vn\\\/#website\"},\"datePublished\":\"2025-07-29T11:26:38+00:00\",\"dateModified\":\"2026-03-11T12:31:30+00:00\",\"description\":\"Privacy Policy for our customers - who choose and trust in Eddie's for your breakfast, brunch, lunch and dinner!!\",\"breadcrumb\":{\"@id\":\"https:\\\/\\\/eddiesdiner.vn\\\/privacy-policy\\\/#breadcrumb\"},\"inLanguage\":\"vi\",\"potentialAction\":[{\"@type\":\"ReadAction\",\"target\":[\"https:\\\/\\\/eddiesdiner.vn\\\/privacy-policy\\\/\"]}]},{\"@type\":\"BreadcrumbList\",\"@id\":\"https:\\\/\\\/eddiesdiner.vn\\\/privacy-policy\\\/#breadcrumb\",\"itemListElement\":[{\"@type\":\"ListItem\",\"position\":1,\"name\":\"Home\",\"item\":\"https:\\\/\\\/eddiesdiner.vn\\\/\"},{\"@type\":\"ListItem\",\"position\":2,\"name\":\"Privacy Policy\"}]},{\"@type\":\"WebSite\",\"@id\":\"https:\\\/\\\/eddiesdiner.vn\\\/#website\",\"url\":\"https:\\\/\\\/eddiesdiner.vn\\\/\",\"name\":\"Eddie's Diner\",\"description\":\"- New York Deli &amp; Diner\",\"alternateName\":\"Eddie's\",\"potentialAction\":[{\"@type\":\"SearchAction\",\"target\":{\"@type\":\"EntryPoint\",\"urlTemplate\":\"https:\\\/\\\/eddiesdiner.vn\\\/?s={search_term_string}\"},\"query-input\":{\"@type\":\"PropertyValueSpecification\",\"valueRequired\":true,\"valueName\":\"search_term_string\"}}],\"inLanguage\":\"vi\"}]}<\/script>\n<!-- \/ Yoast SEO plugin. -->","yoast_head_json":{"title":"Privacy Policy | Eddie&#039;s Diner - New York Deli & Diner","description":"Privacy Policy for our customers - who choose and trust in Eddie's for your breakfast, brunch, lunch and dinner!!","robots":{"index":"index","follow":"follow","max-snippet":"max-snippet:-1","max-image-preview":"max-image-preview:large","max-video-preview":"max-video-preview:-1"},"canonical":"https:\/\/eddiesdiner.vn\/vi\/privacy-policy\/","og_locale":"vi_VN","og_type":"article","og_title":"Privacy Policy | Eddie&#039;s Diner - New York Deli & Diner","og_description":"Privacy Policy for our customers - who choose and trust in Eddie's for your breakfast, brunch, lunch and dinner!!","og_url":"https:\/\/eddiesdiner.vn\/vi\/privacy-policy\/","og_site_name":"Eddie&#039;s Diner","article_publisher":"https:\/\/www.facebook.com\/EddiesSaigon\/","article_modified_time":"2026-03-11T12:31:30+00:00","twitter_card":"summary_large_image","twitter_misc":{"\u01af\u1edbc t\u00ednh th\u1eddi gian \u0111\u1ecdc":"2 ph\u00fat"},"schema":{"@context":"https:\/\/schema.org","@graph":[{"@type":"WebPage","@id":"https:\/\/eddiesdiner.vn\/privacy-policy\/","url":"https:\/\/eddiesdiner.vn\/privacy-policy\/","name":"Privacy Policy | Eddie&#039;s Diner - New York Deli & Diner","isPartOf":{"@id":"https:\/\/eddiesdiner.vn\/#website"},"datePublished":"2025-07-29T11:26:38+00:00","dateModified":"2026-03-11T12:31:30+00:00","description":"Privacy Policy for our customers - who choose and trust in Eddie's for your breakfast, brunch, lunch and dinner!!","breadcrumb":{"@id":"https:\/\/eddiesdiner.vn\/privacy-policy\/#breadcrumb"},"inLanguage":"vi","potentialAction":[{"@type":"ReadAction","target":["https:\/\/eddiesdiner.vn\/privacy-policy\/"]}]},{"@type":"BreadcrumbList","@id":"https:\/\/eddiesdiner.vn\/privacy-policy\/#breadcrumb","itemListElement":[{"@type":"ListItem","position":1,"name":"Home","item":"https:\/\/eddiesdiner.vn\/"},{"@type":"ListItem","position":2,"name":"Privacy Policy"}]},{"@type":"WebSite","@id":"https:\/\/eddiesdiner.vn\/#website","url":"https:\/\/eddiesdiner.vn\/","name":"Eddie's Diner","description":"- New York Deli &amp; Diner","alternateName":"Eddie's","potentialAction":[{"@type":"SearchAction","target":{"@type":"EntryPoint","urlTemplate":"https:\/\/eddiesdiner.vn\/?s={search_term_string}"},"query-input":{"@type":"PropertyValueSpecification","valueRequired":true,"valueName":"search_term_string"}}],"inLanguage":"vi"}]}},"rttpg_featured_image_url":null,"rttpg_author":{"display_name":"Eddie Diner","author_link":"https:\/\/eddiesdiner.vn\/vi\/author\/eddiesdinersaigon\/"},"rttpg_comment":0,"rttpg_category":null,"rttpg_excerpt":"PRIVACY POLICY This privacy policy provides information on how visitors can use our site and how their data will be processed. \u200b COLLECTION OF PERSONAL INFORMATION Visitors to our site may provide us with some personal information when using our","_links":{"self":[{"href":"https:\/\/eddiesdiner.vn\/vi\/wp-json\/wp\/v2\/pages\/21458","targetHints":{"allow":["GET"]}}],"collection":[{"href":"https:\/\/eddiesdiner.vn\/vi\/wp-json\/wp\/v2\/pages"}],"about":[{"href":"https:\/\/eddiesdiner.vn\/vi\/wp-json\/wp\/v2\/types\/page"}],"author":[{"embeddable":true,"href":"https:\/\/eddiesdiner.vn\/vi\/wp-json\/wp\/v2\/users\/4"}],"replies":[{"embeddable":true,"href":"https:\/\/eddiesdiner.vn\/vi\/wp-json\/wp\/v2\/comments?post=21458"}],"version-history":[{"count":7,"href":"https:\/\/eddiesdiner.vn\/vi\/wp-json\/wp\/v2\/pages\/21458\/revisions"}],"predecessor-version":[{"id":23139,"href":"https:\/\/eddiesdiner.vn\/vi\/wp-json\/wp\/v2\/pages\/21458\/revisions\/23139"}],"wp:attachment":[{"href":"https:\/\/eddiesdiner.vn\/vi\/wp-json\/wp\/v2\/media?parent=21458"}],"curies":[{"name":"wp","href":"https:\/\/api.w.org\/{rel}","templated":true}]}}