{"id":21457,"date":"2025-07-29T18:27:15","date_gmt":"2025-07-29T11:27:15","guid":{"rendered":"https:\/\/eddiesdiner.vn\/?page_id=21457"},"modified":"2026-03-11T19:22:55","modified_gmt":"2026-03-11T12:22:55","slug":"return-policy","status":"publish","type":"page","link":"https:\/\/eddiesdiner.vn\/vi\/return-policy\/","title":{"rendered":"Ch\u00ednh s\u00e1ch ho\u00e0n tr\u1ea3"},"content":{"rendered":"<div data-elementor-type=\"wp-page\" data-elementor-id=\"21457\" class=\"elementor elementor-21457\">\n\t\t\t\t<div class=\"elementor-element elementor-element-202a763c e-flex e-con-boxed wpr-particle-no wpr-jarallax-no wpr-parallax-no wpr-sticky-section-no wpr-equal-height-no e-con e-parent\" data-id=\"202a763c\" data-element_type=\"container\" data-e-type=\"container\" data-settings=\"{&quot;background_background&quot;:&quot;classic&quot;}\">\n\t\t\t\t\t<div class=\"e-con-inner\">\n\t\t\t\t\t<\/div>\n\t\t\t\t<\/div>\n\t\t<div class=\"elementor-element elementor-element-7569577 e-con-full e-flex wpr-particle-no wpr-jarallax-no wpr-parallax-no wpr-sticky-section-no wpr-equal-height-no e-con e-parent\" data-id=\"7569577\" data-element_type=\"container\" data-e-type=\"container\" data-settings=\"{&quot;background_background&quot;:&quot;classic&quot;}\">\n\t\t\t\t<div class=\"elementor-element elementor-element-1d9b006 elementor-widget elementor-widget-text-editor\" data-id=\"1d9b006\" data-element_type=\"widget\" data-e-type=\"widget\" data-widget_type=\"text-editor.default\">\n\t\t\t\t<div class=\"elementor-widget-container\">\n\t\t\t\t\t\t\t\t\t<p class=\"has-black-color has-text-color has-link-color wp-elements-cbd48326c4ba08784ff16f1ff4b18dee\">Ch\u00ednh s\u00e1ch ho\u00e0n tr\u1ea3<\/p><p class=\"has-black-color has-text-color has-link-color wp-elements-7521f58a7236aac7e46646a0b33992cd\">T\u1ea1i<span style=\"color: #000000;\">\u00a0<a style=\"color: #000000;\" href=\"https:\/\/eddiesdiner.vn\/vi\/\">https:\/\/eddiesdiner.vn\/<\/a>,<\/span> we strive to provide high-quality food and excellent service. If for any reason you are not satisfied with your order, please contact us immediately and we will do our best to make it right.<\/p><p class=\"has-black-color has-text-color has-link-color wp-elements-84b190859b3a6ec03e8a02cf931a09e1\">\u200b<\/p><p class=\"has-black-color has-text-color has-link-color wp-elements-0fab7ef291ff10c95aa68f0047c0f3e4\">H\u1ee6Y \u0110\u01a0N H\u00c0NG<\/p><p class=\"has-black-color has-text-color has-link-color wp-elements-600f2b8efea2a846074b8ddd7a1ac6ab\">N\u1ebfu b\u1ea1n mu\u1ed1n h\u1ee7y \u0111\u01a1n h\u00e0ng c\u1ee7a m\u00ecnh, vui l\u00f2ng li\u00ean h\u1ec7 v\u1edbi ch\u00fang t\u00f4i c\u00e0ng s\u1edbm c\u00e0ng t\u1ed1t. Ch\u00fang t\u00f4i s\u1ebd c\u1ed1 g\u1eafng h\u1ebft s\u1ee9c \u0111\u1ec3 \u0111\u00e1p \u1ee9ng y\u00eau c\u1ea7u c\u1ee7a b\u1ea1n n\u1ebfu \u0111\u01a1n h\u00e0ng ch\u01b0a \u0111\u01b0\u1ee3c chu\u1ea9n b\u1ecb. N\u1ebfu \u0111\u01a1n h\u00e0ng \u0111\u00e3 \u0111\u01b0\u1ee3c chu\u1ea9n b\u1ecb ho\u1eb7c \u0111ang tr\u00ean \u0111\u01b0\u1eddng giao h\u00e0ng, ch\u00fang t\u00f4i c\u00f3 th\u1ec3 kh\u00f4ng th\u1ec3 h\u1ee7y n\u00f3.<\/p><p class=\"has-black-color has-text-color has-link-color wp-elements-84b190859b3a6ec03e8a02cf931a09e1\">\u200b<\/p><p class=\"has-black-color has-text-color has-link-color wp-elements-214e71d963babd158e6aaff5d48b008d\">HO\u00c0N TR\u1ea2 V\u00c0 HO\u00c0N TI\u1ec0N<\/p><p class=\"has-black-color has-text-color has-link-color wp-elements-3f85c4a0f0e35786b1fd6933ffa919f9\">Do t\u00ednh ch\u1ea5t l\u00e0 h\u00e0ng h\u00f3a d\u1ec5 h\u01b0 h\u1ecfng, ch\u00fang t\u00f4i kh\u00f4ng ch\u1ea5p nh\u1eadn ho\u00e0n tr\u1ea3. Tuy nhi\u00ean, n\u1ebfu c\u00f3 v\u1ea5n \u0111\u1ec1 v\u1edbi \u0111\u01a1n h\u00e0ng c\u1ee7a b\u1ea1n, ch\u1eb3ng h\u1ea1n nh\u01b0 c\u00e1c m\u1eb7t h\u00e0ng kh\u00f4ng \u0111\u00fang ho\u1eb7c lo ng\u1ea1i v\u1ec1 ch\u1ea5t l\u01b0\u1ee3ng, vui l\u00f2ng li\u00ean h\u1ec7 v\u1edbi ch\u00fang t\u00f4i ngay l\u1eadp t\u1ee9c v\u00e0 ch\u00fang t\u00f4i s\u1ebd c\u1ed1 g\u1eafng gi\u1ea3i quy\u1ebft v\u1ea5n \u0111\u1ec1. T\u00f9y t\u00ecnh hu\u1ed1ng, ch\u00fang t\u00f4i c\u00f3 th\u1ec3 cung c\u1ea5p ho\u00e0n ti\u1ec1n, t\u00edn d\u1ee5ng ho\u1eb7c thay th\u1ebf.<\/p><p class=\"has-black-color has-text-color has-link-color wp-elements-84b190859b3a6ec03e8a02cf931a09e1\">\u200b<\/p><p class=\"has-black-color has-text-color has-link-color wp-elements-c0358ccfa41251d91212cd0b7b826374\">\u0110\u01a0N H\u00c0NG TR\u1ef0C TUY\u1ebeN<\/p><p class=\"has-black-color has-text-color has-link-color wp-elements-9683a3f523aa68d71c4c0daec9ba2547\">N\u1ebfu b\u1ea1n \u0111\u1eb7t \u0111\u01a1n h\u00e0ng tr\u1ef1c tuy\u1ebfn qua trang web c\u1ee7a ch\u00fang t\u00f4i v\u00e0 kh\u00f4ng h\u00e0i l\u00f2ng v\u1edbi \u0111\u01a1n h\u00e0ng, ch\u00fang t\u00f4i c\u00f3 th\u1ec3 cung c\u1ea5p ho\u00e0n ti\u1ec1n ho\u1eb7c \u0111\u01a1n h\u00e0ng thay th\u1ebf, v\u1edbi c\u00e1c \u0111i\u1ec1u ki\u1ec7n sau:<\/p><p class=\"has-black-color has-text-color has-link-color wp-elements-e591260b5a750221609ee500f14dc3c6\">_ Y\u00eau c\u1ea7u ho\u00e0n ti\u1ec1n ph\u1ea3i \u0111\u01b0\u1ee3c th\u1ef1c hi\u1ec7n trong v\u00f2ng 6 gi\u1edd k\u1ec3 t\u1eeb khi nh\u1eadn \u0111\u01b0\u1ee3c \u0111\u01a1n h\u00e0ng.<\/p><p class=\"has-black-color has-text-color has-link-color wp-elements-2c5c2f5b1cb9773f8a4f81d49e564596\">_ B\u1ea1n ph\u1ea3i cung c\u1ea5p ch\u1ee9ng t\u1eeb mua h\u00e0ng, ch\u1eb3ng h\u1ea1n nh\u01b0 s\u1ed1 \u0111\u01a1n h\u00e0ng ho\u1eb7c h\u00f3a \u0111\u01a1n.<\/p><p class=\"has-black-color has-text-color has-link-color wp-elements-62273089288a4853e6de378756761e6b\">_ Ho\u00e0n ti\u1ec1n s\u1ebd \u0111\u01b0\u1ee3c th\u1ef1c hi\u1ec7n b\u1eb1ng ph\u01b0\u01a1ng th\u1ee9c thanh to\u00e1n ban \u0111\u1ea7u.<\/p><p class=\"has-black-color has-text-color has-link-color wp-elements-84b190859b3a6ec03e8a02cf931a09e1\">\u200b<\/p><p class=\"has-black-color has-text-color has-link-color wp-elements-5c56b614605ab794284e697964591474\">HO\u00c0N TI\u1ec0N CHO \u0110\u01a0N H\u00c0NG \u0102N T\u1ea0I N\u01a0I V\u00c0 MUA MANG \u0110I<\/p><p class=\"has-black-color has-text-color has-link-color wp-elements-c0beb725d8ee51a302231a3ebf41f5df\">Ho\u00e0n ti\u1ec1n cho \u0111\u01a1n h\u00e0ng \u0103n t\u1ea1i n\u01a1i v\u00e0 mua \u0111\u1ec3 \u0111i s\u1ebd \u0111\u01b0\u1ee3c xem x\u00e9t t\u1eebng tr\u01b0\u1eddng h\u1ee3p c\u1ee5 th\u1ec3. Vui l\u00f2ng th\u00f4ng b\u00e1o ngay cho nh\u00e2n vi\u00ean c\u1ee7a ch\u00fang t\u00f4i n\u1ebfu b\u1ea1n c\u00f3 b\u1ea5t k\u1ef3 lo ng\u1ea1i n\u00e0o v\u1ec1 \u0111\u01a1n h\u00e0ng c\u1ee7a m\u00ecnh trong l\u00fac \u0103n t\u1ea1i n\u01a1i ho\u1eb7c khi nh\u1eadn h\u00e0ng.<\/p><p class=\"has-black-color has-text-color has-link-color wp-elements-73de8938fb3ee96238908e76c2ea7ceb\">Ho\u00e0n ti\u1ec1n cho \u0111\u01a1n h\u00e0ng \u0103n t\u1ea1i n\u01a1i v\u00e0 mua \u0111\u1ec3 \u0111i c\u00f3 th\u1ec3 \u0111\u01b0\u1ee3c c\u1ea5p n\u1ebfu:<\/p><p class=\"has-black-color has-text-color has-link-color wp-elements-5c0764698f092bc8a3e36ee1556bc3a7\">_ C\u00f3 v\u1ea5n \u0111\u1ec1 r\u00f5 r\u00e0ng v\u1ec1 ch\u1ea5t l\u01b0\u1ee3ng th\u1ee9c \u0103n.<\/p><p class=\"has-black-color has-text-color has-link-color wp-elements-9be736397f8799e7a11aafd97cd72d85\">_ C\u00f3 sai s\u00f3t ho\u1eb7c m\u00e2u thu\u1eabn trong \u0111\u01a1n h\u00e0ng c\u1ee7a b\u1ea1n.<\/p><p class=\"has-black-color has-text-color has-link-color wp-elements-ff4e8ae797ca6ed5c8d1ece0a672aa16\">_ \u0110\u01a1n h\u00e0ng kh\u00f4ng \u0111\u00e1p \u1ee9ng m\u00f4 t\u1ea3 ho\u1eb7c k\u1ef3 v\u1ecdng \u0111\u01b0\u1ee3c n\u00eau trong th\u1ef1c \u0111\u01a1n c\u1ee7a ch\u00fang t\u00f4i.<\/p><p class=\"has-black-color has-text-color has-link-color wp-elements-84b190859b3a6ec03e8a02cf931a09e1\">\u200b<\/p><p class=\"has-black-color has-text-color has-link-color wp-elements-23ff65ebf86c2c01aedbbcea66fbaecb\">V\u1ea4N \u0110\u1ec0 GIAO H\u00c0NG<\/p><p class=\"has-black-color has-text-color has-link-color wp-elements-79599b24ad8c7557acdc2ba302dede91\">N\u1ebfu c\u00f3 v\u1ea5n \u0111\u1ec1 v\u1edbi vi\u1ec7c giao h\u00e0ng c\u1ee7a b\u1ea1n, ch\u1eb3ng h\u1ea1n nh\u01b0 thi\u1ebfu m\u1eb7t h\u00e0ng ho\u1eb7c bao b\u00ec b\u1ecb h\u01b0 h\u1ecfng, vui l\u00f2ng li\u00ean h\u1ec7 v\u1edbi ch\u00fang t\u00f4i ngay l\u1eadp t\u1ee9c v\u00e0 ch\u00fang t\u00f4i s\u1ebd c\u1ed1 g\u1eafng gi\u1ea3i quy\u1ebft v\u1ea5n \u0111\u1ec1. N\u1ebfu b\u1ea1n nh\u1eadn \u0111\u01b0\u1ee3c \u0111\u01a1n h\u00e0ng sai ho\u1eb7c c\u00f3 v\u1ea5n \u0111\u1ec1 v\u1ec1 ch\u1ea5t l\u01b0\u1ee3ng th\u1ee9c \u0103n, vui l\u00f2ng cho ch\u00fang t\u00f4i bi\u1ebft trong v\u00f2ng 24 gi\u1edd k\u1ec3 t\u1eeb khi giao h\u00e0ng \u0111\u1ec3 ch\u00fang t\u00f4i c\u00f3 th\u1ec3 th\u1ef1c hi\u1ec7n c\u00e1c h\u00e0nh \u0111\u1ed9ng th\u00edch h\u1ee3p.<\/p><p class=\"has-black-color has-text-color has-link-color wp-elements-84b190859b3a6ec03e8a02cf931a09e1\">\u200b<\/p><p class=\"has-black-color has-text-color has-link-color wp-elements-20868058eb7f3e8061375a801642e4cc\">HO\u00c0N TI\u1ec0N CHO \u0110\u01a0N H\u00c0NG QUA N\u1ec0N T\u1ea2NG B\u00caN TH\u1ee8 BA<\/p><p class=\"has-black-color has-text-color has-link-color wp-elements-4f819df5fd3917e9aa2c6510289eec26\">N\u1ebfu b\u1ea1n \u0111\u1eb7t \u0111\u01a1n h\u00e0ng qua n\u1ec1n t\u1ea3ng b\u00ean th\u1ee9 ba (v\u00ed d\u1ee5: Grab), vui l\u00f2ng tham kh\u1ea3o ch\u00ednh s\u00e1ch ho\u00e0n ti\u1ec1n c\u1ee7a n\u1ec1n t\u1ea3ng t\u01b0\u01a1ng \u1ee9ng. Ch\u00fang t\u00f4i kh\u00f4ng th\u1ec3 x\u1eed l\u00fd ho\u00e0n ti\u1ec1n cho c\u00e1c \u0111\u01a1n h\u00e0ng \u0111\u01b0\u1ee3c \u0111\u1eb7t qua n\u1ec1n t\u1ea3ng b\u00ean th\u1ee9 ba.<\/p><p class=\"has-black-color has-text-color has-link-color wp-elements-84b190859b3a6ec03e8a02cf931a09e1\">\u200b<\/p><p class=\"has-black-color has-text-color has-link-color wp-elements-0c285fde1151881740749b63023b965c\">THAY \u0110\u1ed4I CH\u00cdNH S\u00c1CH HO\u00c0N TI\u1ec0N<\/p><p class=\"has-black-color has-text-color has-link-color wp-elements-0f2812d284437f150bfeebae9668aaad\">Ch\u00fang t\u00f4i b\u1ea3o l\u01b0u quy\u1ec1n thay \u0111\u1ed5i ch\u00ednh s\u00e1ch ho\u00e0n ti\u1ec1n n\u00e0y b\u1ea5t c\u1ee9 l\u00fac n\u00e0o. B\u1ea5t k\u1ef3 thay \u0111\u1ed5i n\u00e0o s\u1ebd \u0111\u01b0\u1ee3c \u0111\u0103ng tr\u00ean trang web c\u1ee7a ch\u00fang t\u00f4i v\u00e0 c\u00f3 hi\u1ec7u l\u1ef1c ngay l\u1eadp t\u1ee9c.<\/p><p class=\"has-black-color has-text-color has-link-color wp-elements-84b190859b3a6ec03e8a02cf931a09e1\">\u200b<\/p><p class=\"has-black-color has-text-color has-link-color wp-elements-deb8e902fcb30338b737b6bceb4a06e5\">LI\u00caN H\u1ec6 NGAY<\/p><p class=\"has-black-color has-text-color has-link-color wp-elements-9b83c03fbfc3817e0e9b89f43ac9db28\">N\u1ebfu b\u1ea1n c\u00f3 b\u1ea5t k\u1ef3 c\u00e2u h\u1ecfi ho\u1eb7c lo ng\u1ea1i n\u00e0o v\u1ec1 ch\u00ednh s\u00e1ch ho\u00e0n tr\u1ea3 c\u1ee7a ch\u00fang t\u00f4i, vui l\u00f2ng \u0111\u1eebng ng\u1ea7n ng\u1ea1i \u0111\u1ec3 li\u00ean h\u1ec7 v\u1edbi ch\u00fang t\u00f4i theo \u0111\u1ecba ch\u1ec9\u00a0<span style=\"color: #000000;\"><a style=\"color: #000000;\" href=\"mailto:contact@eddiesdinersaigon.vn\">contact@eddiesdinersaigon.vn<\/a><\/span>. Ch\u00fang t\u00f4i cam k\u1ebft cung c\u1ea5p d\u1ecbch v\u1ee5 xu\u1ea5t s\u1eafc v\u00e0 \u0111\u1ea3m b\u1ea3o r\u1eb1ng kh\u00e1ch h\u00e0ng c\u1ee7a ch\u00fang t\u00f4i s\u1ebd h\u00e0i l\u00f2ng v\u1edbi c\u00e1c \u0111\u01a1n h\u00e0ng c\u1ee7a h\u1ecd.<\/p>\t\t\t\t\t\t\t\t<\/div>\n\t\t\t\t<\/div>\n\t\t\t\t<\/div>\n\t\t\t\t<\/div>","protected":false},"excerpt":{"rendered":"<p>RETURN POLICY At\u00a0https:\/\/eddiesdiner.vn\/, we strive to provide high-quality food and excellent service. If for any reason you are not satisfied with your order, please contact us immediately and we will do our best to make it right. \u200b CANCELLATIONS If<\/p>","protected":false},"author":4,"featured_media":0,"parent":0,"menu_order":0,"comment_status":"closed","ping_status":"closed","template":"elementor_header_footer","meta":{"_monsterinsights_skip_tracking":false,"_monsterinsights_sitenote_active":false,"_monsterinsights_sitenote_note":"","_monsterinsights_sitenote_category":0,"footnotes":""},"class_list":["post-21457","page","type-page","status-publish","hentry"],"yoast_head":"<!-- This site is optimized with the Yoast SEO plugin v27.4 - https:\/\/yoast.com\/product\/yoast-seo-wordpress\/ -->\n<title>Return Policy | Eddie&#039;s Diner - New York Deli &amp; Diner<\/title>\n<meta name=\"description\" content=\"Return Policy for our customers - who choose and trust in Eddie&#039;s for your breakfast, brunch, lunch and dinner!!\" \/>\n<meta name=\"robots\" content=\"index, follow, max-snippet:-1, max-image-preview:large, max-video-preview:-1\" \/>\n<link rel=\"canonical\" href=\"https:\/\/eddiesdiner.vn\/vi\/return-policy\/\" \/>\n<meta property=\"og:locale\" content=\"vi_VN\" \/>\n<meta property=\"og:type\" content=\"article\" \/>\n<meta property=\"og:title\" content=\"Return Policy | Eddie&#039;s Diner - New York Deli &amp; Diner\" \/>\n<meta property=\"og:description\" content=\"Return Policy for our customers - who choose and trust in Eddie&#039;s for your breakfast, brunch, lunch and dinner!!\" \/>\n<meta property=\"og:url\" content=\"https:\/\/eddiesdiner.vn\/vi\/return-policy\/\" \/>\n<meta property=\"og:site_name\" content=\"Eddie&#039;s Diner\" \/>\n<meta property=\"article:publisher\" content=\"https:\/\/www.facebook.com\/EddiesSaigon\/\" \/>\n<meta property=\"article:modified_time\" content=\"2026-03-11T12:22:55+00:00\" \/>\n<meta name=\"twitter:card\" content=\"summary_large_image\" \/>\n<meta name=\"twitter:label1\" content=\"\u01af\u1edbc t\u00ednh th\u1eddi gian \u0111\u1ecdc\" \/>\n\t<meta name=\"twitter:data1\" content=\"3 ph\u00fat\" \/>\n<script type=\"application\/ld+json\" class=\"yoast-schema-graph\">{\"@context\":\"https:\\\/\\\/schema.org\",\"@graph\":[{\"@type\":\"WebPage\",\"@id\":\"https:\\\/\\\/eddiesdiner.vn\\\/return-policy\\\/\",\"url\":\"https:\\\/\\\/eddiesdiner.vn\\\/return-policy\\\/\",\"name\":\"Return Policy | Eddie&#039;s Diner - New York Deli & Diner\",\"isPartOf\":{\"@id\":\"https:\\\/\\\/eddiesdiner.vn\\\/#website\"},\"datePublished\":\"2025-07-29T11:27:15+00:00\",\"dateModified\":\"2026-03-11T12:22:55+00:00\",\"description\":\"Return Policy for our customers - who choose and trust in Eddie's for your breakfast, brunch, lunch and dinner!!\",\"breadcrumb\":{\"@id\":\"https:\\\/\\\/eddiesdiner.vn\\\/return-policy\\\/#breadcrumb\"},\"inLanguage\":\"vi\",\"potentialAction\":[{\"@type\":\"ReadAction\",\"target\":[\"https:\\\/\\\/eddiesdiner.vn\\\/return-policy\\\/\"]}]},{\"@type\":\"BreadcrumbList\",\"@id\":\"https:\\\/\\\/eddiesdiner.vn\\\/return-policy\\\/#breadcrumb\",\"itemListElement\":[{\"@type\":\"ListItem\",\"position\":1,\"name\":\"Home\",\"item\":\"https:\\\/\\\/eddiesdiner.vn\\\/\"},{\"@type\":\"ListItem\",\"position\":2,\"name\":\"Return Policy\"}]},{\"@type\":\"WebSite\",\"@id\":\"https:\\\/\\\/eddiesdiner.vn\\\/#website\",\"url\":\"https:\\\/\\\/eddiesdiner.vn\\\/\",\"name\":\"Eddie's Diner\",\"description\":\"- New York Deli &amp; Diner\",\"alternateName\":\"Eddie's\",\"potentialAction\":[{\"@type\":\"SearchAction\",\"target\":{\"@type\":\"EntryPoint\",\"urlTemplate\":\"https:\\\/\\\/eddiesdiner.vn\\\/?s={search_term_string}\"},\"query-input\":{\"@type\":\"PropertyValueSpecification\",\"valueRequired\":true,\"valueName\":\"search_term_string\"}}],\"inLanguage\":\"vi\"}]}<\/script>\n<!-- \/ Yoast SEO plugin. -->","yoast_head_json":{"title":"Return Policy | Eddie&#039;s Diner - New York Deli & Diner","description":"Return Policy for our customers - who choose and trust in Eddie's for your breakfast, brunch, lunch and dinner!!","robots":{"index":"index","follow":"follow","max-snippet":"max-snippet:-1","max-image-preview":"max-image-preview:large","max-video-preview":"max-video-preview:-1"},"canonical":"https:\/\/eddiesdiner.vn\/vi\/return-policy\/","og_locale":"vi_VN","og_type":"article","og_title":"Return Policy | Eddie&#039;s Diner - New York Deli & Diner","og_description":"Return Policy for our customers - who choose and trust in Eddie's for your breakfast, brunch, lunch and dinner!!","og_url":"https:\/\/eddiesdiner.vn\/vi\/return-policy\/","og_site_name":"Eddie&#039;s Diner","article_publisher":"https:\/\/www.facebook.com\/EddiesSaigon\/","article_modified_time":"2026-03-11T12:22:55+00:00","twitter_card":"summary_large_image","twitter_misc":{"\u01af\u1edbc t\u00ednh th\u1eddi gian \u0111\u1ecdc":"3 ph\u00fat"},"schema":{"@context":"https:\/\/schema.org","@graph":[{"@type":"WebPage","@id":"https:\/\/eddiesdiner.vn\/return-policy\/","url":"https:\/\/eddiesdiner.vn\/return-policy\/","name":"Return Policy | Eddie&#039;s Diner - New York Deli & Diner","isPartOf":{"@id":"https:\/\/eddiesdiner.vn\/#website"},"datePublished":"2025-07-29T11:27:15+00:00","dateModified":"2026-03-11T12:22:55+00:00","description":"Return Policy for our customers - who choose and trust in Eddie's for your breakfast, brunch, lunch and dinner!!","breadcrumb":{"@id":"https:\/\/eddiesdiner.vn\/return-policy\/#breadcrumb"},"inLanguage":"vi","potentialAction":[{"@type":"ReadAction","target":["https:\/\/eddiesdiner.vn\/return-policy\/"]}]},{"@type":"BreadcrumbList","@id":"https:\/\/eddiesdiner.vn\/return-policy\/#breadcrumb","itemListElement":[{"@type":"ListItem","position":1,"name":"Home","item":"https:\/\/eddiesdiner.vn\/"},{"@type":"ListItem","position":2,"name":"Return Policy"}]},{"@type":"WebSite","@id":"https:\/\/eddiesdiner.vn\/#website","url":"https:\/\/eddiesdiner.vn\/","name":"Eddie's Diner","description":"- New York Deli &amp; Diner","alternateName":"Eddie's","potentialAction":[{"@type":"SearchAction","target":{"@type":"EntryPoint","urlTemplate":"https:\/\/eddiesdiner.vn\/?s={search_term_string}"},"query-input":{"@type":"PropertyValueSpecification","valueRequired":true,"valueName":"search_term_string"}}],"inLanguage":"vi"}]}},"rttpg_featured_image_url":null,"rttpg_author":{"display_name":"Eddie Diner","author_link":"https:\/\/eddiesdiner.vn\/vi\/author\/eddiesdinersaigon\/"},"rttpg_comment":0,"rttpg_category":null,"rttpg_excerpt":"RETURN POLICY At\u00a0https:\/\/eddiesdiner.vn\/, we strive to provide high-quality food and excellent service. If for any reason you are not satisfied with your order, please contact us immediately and we will do our best to make it right. \u200b CANCELLATIONS If","_links":{"self":[{"href":"https:\/\/eddiesdiner.vn\/vi\/wp-json\/wp\/v2\/pages\/21457","targetHints":{"allow":["GET"]}}],"collection":[{"href":"https:\/\/eddiesdiner.vn\/vi\/wp-json\/wp\/v2\/pages"}],"about":[{"href":"https:\/\/eddiesdiner.vn\/vi\/wp-json\/wp\/v2\/types\/page"}],"author":[{"embeddable":true,"href":"https:\/\/eddiesdiner.vn\/vi\/wp-json\/wp\/v2\/users\/4"}],"replies":[{"embeddable":true,"href":"https:\/\/eddiesdiner.vn\/vi\/wp-json\/wp\/v2\/comments?post=21457"}],"version-history":[{"count":10,"href":"https:\/\/eddiesdiner.vn\/vi\/wp-json\/wp\/v2\/pages\/21457\/revisions"}],"predecessor-version":[{"id":23133,"href":"https:\/\/eddiesdiner.vn\/vi\/wp-json\/wp\/v2\/pages\/21457\/revisions\/23133"}],"wp:attachment":[{"href":"https:\/\/eddiesdiner.vn\/vi\/wp-json\/wp\/v2\/media?parent=21457"}],"curies":[{"name":"wp","href":"https:\/\/api.w.org\/{rel}","templated":true}]}}