{"id":21449,"date":"2025-07-29T18:24:24","date_gmt":"2025-07-29T11:24:24","guid":{"rendered":"https:\/\/eddiesdiner.vn\/?page_id=21449"},"modified":"2026-03-11T19:26:50","modified_gmt":"2026-03-11T12:26:50","slug":"store-pick-up-policy","status":"publish","type":"page","link":"https:\/\/eddiesdiner.vn\/vi\/store-pick-up-policy\/","title":{"rendered":"Store Pick-Up Policy"},"content":{"rendered":"<div data-elementor-type=\"wp-page\" data-elementor-id=\"21449\" class=\"elementor elementor-21449\">\n\t\t\t\t<div class=\"elementor-element elementor-element-202a763c e-flex e-con-boxed wpr-particle-no wpr-jarallax-no wpr-parallax-no wpr-sticky-section-no wpr-equal-height-no e-con e-parent\" data-id=\"202a763c\" data-element_type=\"container\" data-e-type=\"container\" data-settings=\"{&quot;background_background&quot;:&quot;classic&quot;}\">\n\t\t\t\t\t<div class=\"e-con-inner\">\n\t\t\t\t\t<\/div>\n\t\t\t\t<\/div>\n\t\t<div class=\"elementor-element elementor-element-7569577 e-con-full e-flex wpr-particle-no wpr-jarallax-no wpr-parallax-no wpr-sticky-section-no wpr-equal-height-no e-con e-parent\" data-id=\"7569577\" data-element_type=\"container\" data-e-type=\"container\" data-settings=\"{&quot;background_background&quot;:&quot;classic&quot;}\">\n\t\t\t\t<div class=\"elementor-element elementor-element-1d9b006 elementor-widget elementor-widget-text-editor\" data-id=\"1d9b006\" data-element_type=\"widget\" data-e-type=\"widget\" data-widget_type=\"text-editor.default\">\n\t\t\t\t<div class=\"elementor-widget-container\">\n\t\t\t\t\t\t\t\t\t<p class=\"has-black-color has-text-color has-link-color wp-elements-a65edbb132e84bb23326ce1bea060d65\">Ch\u00ednh s\u00e1ch nh\u1eadn h\u00e0ng t\u1ea1i c\u1eeda h\u00e0ng<\/p><p class=\"has-black-color has-text-color has-link-color wp-elements-ccaf88a64ff7c551b03233274b614977\">T\u1ea1i\u00a0<span style=\"color: #000000;\"><a style=\"color: #000000;\" href=\"https:\/\/eddiesdiner.vn\/vi\/\">https:\/\/eddiesdiner.vn\/<\/a><\/span>, ch\u00fang t\u00f4i cung c\u1ea5p d\u1ecbch v\u1ee5 nh\u1eadn h\u00e0ng t\u1ea1i c\u1eeda h\u00e0ng cho kh\u00e1ch h\u00e0ng th\u00edch nh\u1eadn \u0111\u01a1n h\u00e0ng tr\u1ef1c ti\u1ebfp. D\u01b0\u1edbi \u0111\u00e2y l\u00e0 m\u1ed9t s\u1ed1 th\u00f4ng tin quan tr\u1ecdng v\u1ec1 ch\u00ednh s\u00e1ch nh\u1eadn h\u00e0ng t\u1ea1i c\u1eeda h\u00e0ng c\u1ee7a ch\u00fang t\u00f4i:<\/p><p class=\"has-black-color has-text-color has-link-color wp-elements-84b190859b3a6ec03e8a02cf931a09e1\">\u200b<\/p><p class=\"has-black-color has-text-color has-link-color wp-elements-ad2c7888deb9f0a2819cbf16786bff77\">\u0110\u1eb7t h\u00e0ng<\/p><p class=\"has-black-color has-text-color has-link-color wp-elements-69ae77da22e63c8ceef27fd9d7f40604\">\u0110\u1ec3 \u0111\u1eb7t h\u00e0ng nh\u1eadn t\u1ea1i c\u1eeda h\u00e0ng, kh\u00e1ch h\u00e0ng c\u00f3 th\u1ec3 truy c\u1eadp v\u00e0o trang web c\u1ee7a ch\u00fang t\u00f4i ho\u1eb7c g\u1ecdi tr\u1ef1c ti\u1ebfp \u0111\u1ebfn nh\u00e0 h\u00e0ng. Vui l\u00f2ng d\u00e0nh \u0111\u1ee7 th\u1eddi gian \u0111\u1ec3 ch\u00fang t\u00f4i chu\u1ea9n b\u1ecb \u0111\u01a1n h\u00e0ng c\u1ee7a b\u1ea1n.<\/p><p class=\"has-black-color has-text-color has-link-color wp-elements-84b190859b3a6ec03e8a02cf931a09e1\">\u200b<\/p><p class=\"has-black-color has-text-color has-link-color wp-elements-bf7315eac3d9807e4349a7a72b98805e\">Gi\u1edd nh\u1eadn h\u00e0ng<\/p><p class=\"has-black-color has-text-color has-link-color wp-elements-0ee844ee4768cfc55dbfd67ff194ceb3\">Gi\u1edd nh\u1eadn h\u00e0ng t\u1ea1i c\u1eeda h\u00e0ng c\u00f3 th\u1ec3 thay \u0111\u1ed5i t\u00f9y theo gi\u1edd ho\u1ea1t \u0111\u1ed9ng c\u1ee7a nh\u00e0 h\u00e0ng. Vui l\u00f2ng ki\u1ec3m tra tr\u00ean trang web ho\u1eb7c li\u00ean h\u1ec7 v\u1edbi ch\u00fang t\u00f4i \u0111\u1ec3 bi\u1ebft gi\u1edd nh\u1eadn h\u00e0ng hi\u1ec7n t\u1ea1i.<\/p><p class=\"has-black-color has-text-color has-link-color wp-elements-84b190859b3a6ec03e8a02cf931a09e1\">\u200b<\/p><p class=\"has-black-color has-text-color has-link-color wp-elements-1bce7b4d53585b6d0cb1bd8c5c2f49c9\">X\u00e1c nh\u1eadn \u0111\u01a1n h\u00e0ng<\/p><p class=\"has-black-color has-text-color has-link-color wp-elements-2e67891254ee404dd46bfbdda3b05e48\">Ch\u00fang t\u00f4i s\u1ebd x\u00e1c nh\u1eadn \u0111\u01a1n h\u00e0ng nh\u1eadn t\u1ea1i c\u1eeda h\u00e0ng c\u1ee7a b\u1ea1n qua email ho\u1eb7c \u0111i\u1ec7n tho\u1ea1i. Vui l\u00f2ng \u0111\u1ee3i cho \u0111\u1ebfn khi nh\u1eadn \u0111\u01b0\u1ee3c x\u00e1c nh\u1eadn tr\u01b0\u1edbc khi \u0111\u1ebfn nh\u00e0 h\u00e0ng \u0111\u1ec3 nh\u1eadn h\u00e0ng.<\/p><p class=\"has-black-color has-text-color has-link-color wp-elements-84b190859b3a6ec03e8a02cf931a09e1\">\u200b<\/p><p class=\"has-black-color has-text-color has-link-color wp-elements-94a06ed3e829805534fbcb300b2388e2\">Quy tr\u00ecnh nh\u1eadn h\u00e0ng<\/p><p class=\"has-black-color has-text-color has-link-color wp-elements-391909c7e23cf8ca1eb79a62342b98d5\">Khi \u0111\u1ebfn nh\u00e0 h\u00e0ng \u0111\u1ec3 nh\u1eadn h\u00e0ng, vui l\u00f2ng th\u00f4ng b\u00e1o cho ch\u00fang t\u00f4i r\u1eb1ng b\u1ea1n \u0111\u1ebfn \u0111\u1ec3 nh\u1eadn \u0111\u01a1n h\u00e0ng. Ch\u00fang t\u00f4i s\u1ebd x\u00e1c minh \u0111\u01a1n h\u00e0ng c\u1ee7a b\u1ea1n v\u00e0 cung c\u1ea5p cho b\u1ea1n th\u1ee9c \u0103n c\u1ee7a m\u00ecnh. Vui l\u00f2ng ki\u1ec3m tra \u0111\u01a1n h\u00e0ng tr\u01b0\u1edbc khi r\u1eddi \u0111i \u0111\u1ec3 \u0111\u1ea3m b\u1ea3o m\u1ecdi th\u1ee9 \u0111\u1ec1u ch\u00ednh x\u00e1c.<\/p><p class=\"has-black-color has-text-color has-link-color wp-elements-84b190859b3a6ec03e8a02cf931a09e1\">\u200b<\/p><p class=\"has-black-color has-text-color has-link-color wp-elements-e759c17d635412f1b4799e1ec60eb6b0\">V\u1ea5n \u0111\u1ec1 khi nh\u1eadn h\u00e0ng<\/p><p class=\"has-black-color has-text-color has-link-color wp-elements-84605a64435be31f01c1f275a9c3507e\">N\u1ebfu c\u00f3 b\u1ea5t k\u1ef3 v\u1ea5n \u0111\u1ec1 n\u00e0o v\u1edbi \u0111\u01a1n h\u00e0ng nh\u1eadn t\u1ea1i c\u1eeda h\u00e0ng c\u1ee7a b\u1ea1n, ch\u1eb3ng h\u1ea1n nh\u01b0 thi\u1ebfu m\u1eb7t h\u00e0ng ho\u1eb7c sai m\u1eb7t h\u00e0ng, vui l\u00f2ng th\u00f4ng b\u00e1o cho ch\u00fang t\u00f4i ngay l\u1eadp t\u1ee9c \u0111\u1ec3 ch\u00fang t\u00f4i c\u00f3 th\u1ec3 gi\u1ea3i quy\u1ebft v\u1ea5n \u0111\u1ec1. N\u1ebfu c\u00f3 v\u1ea5n \u0111\u1ec1 v\u1ec1 ch\u1ea5t l\u01b0\u1ee3ng th\u1ee9c \u0103n, vui l\u00f2ng th\u00f4ng b\u00e1o cho ch\u00fang t\u00f4i trong v\u00f2ng 24 gi\u1edd k\u1ec3 t\u1eeb khi nh\u1eadn h\u00e0ng \u0111\u1ec3 ch\u00fang t\u00f4i c\u00f3 th\u1ec3 th\u1ef1c hi\u1ec7n c\u00e1c bi\u1ec7n ph\u00e1p ph\u00f9 h\u1ee3p.<\/p><p class=\"has-black-color has-text-color has-link-color wp-elements-84b190859b3a6ec03e8a02cf931a09e1\">\u200b<\/p><p class=\"has-black-color has-text-color has-link-color wp-elements-deb8e902fcb30338b737b6bceb4a06e5\">LI\u00caN H\u1ec6 NGAY<\/p><p class=\"has-black-color has-text-color has-link-color wp-elements-3397fd97e2a61ed60d0cecfda0e06681\">N\u1ebfu b\u1ea1n c\u00f3 b\u1ea5t k\u1ef3 c\u00e2u h\u1ecfi ho\u1eb7c lo ng\u1ea1i n\u00e0o v\u1ec1 ch\u00ednh s\u00e1ch nh\u1eadn h\u00e0ng t\u1ea1i c\u1eeda h\u00e0ng c\u1ee7a ch\u00fang t\u00f4i, vui l\u00f2ng kh\u00f4ng ng\u1ea7n ng\u1ea1i li\u00ean h\u1ec7 v\u1edbi ch\u00fang t\u00f4i theo \u0111\u1ecba ch\u1ec9\u00a0<span style=\"color: #000000;\"><a style=\"color: #000000;\" href=\"mailto:contact@eddiesdinersaigon.vn\">contact@eddiesdinersaigon.vn<\/a>.<\/span> We are committed to providing excellent service and ensuring that our customers are satisfied with their orders.<\/p>\t\t\t\t\t\t\t\t<\/div>\n\t\t\t\t<\/div>\n\t\t\t\t<\/div>\n\t\t\t\t<\/div>","protected":false},"excerpt":{"rendered":"<p>STORE PICK-UP POLICY At\u00a0https:\/\/eddiesdiner.vn\/, we offer store pick-up services for customers who prefer to pick up their orders in person. Here are some important details about our store pick-up policy: \u200b ORDER PLACEMENT To place an order for store pick-up,<\/p>","protected":false},"author":4,"featured_media":0,"parent":0,"menu_order":0,"comment_status":"closed","ping_status":"closed","template":"elementor_header_footer","meta":{"_monsterinsights_skip_tracking":false,"_monsterinsights_sitenote_active":false,"_monsterinsights_sitenote_note":"","_monsterinsights_sitenote_category":0,"footnotes":""},"class_list":["post-21449","page","type-page","status-publish","hentry"],"yoast_head":"<!-- This site is optimized with the Yoast SEO plugin v27.4 - https:\/\/yoast.com\/product\/yoast-seo-wordpress\/ -->\n<title>Store Pick-Up Policy | Eddie&#039;s Diner - New York Deli &amp; Diner<\/title>\n<meta name=\"description\" content=\"Store Pick-Up Policy for our customers - who choose and trust in Eddie&#039;s for your breakfast, brunch, lunch and dinner!!\" \/>\n<meta name=\"robots\" content=\"index, follow, max-snippet:-1, max-image-preview:large, max-video-preview:-1\" \/>\n<link rel=\"canonical\" href=\"https:\/\/eddiesdiner.vn\/vi\/store-pick-up-policy\/\" \/>\n<meta property=\"og:locale\" content=\"vi_VN\" \/>\n<meta property=\"og:type\" content=\"article\" \/>\n<meta property=\"og:title\" content=\"Store Pick-Up Policy | Eddie&#039;s Diner - New York Deli &amp; Diner\" \/>\n<meta property=\"og:description\" content=\"Store Pick-Up Policy for our customers - who choose and trust in Eddie&#039;s for your breakfast, brunch, lunch and dinner!!\" \/>\n<meta property=\"og:url\" content=\"https:\/\/eddiesdiner.vn\/vi\/store-pick-up-policy\/\" \/>\n<meta property=\"og:site_name\" content=\"Eddie&#039;s Diner\" \/>\n<meta property=\"article:publisher\" content=\"https:\/\/www.facebook.com\/EddiesSaigon\/\" \/>\n<meta property=\"article:modified_time\" content=\"2026-03-11T12:26:50+00:00\" \/>\n<meta name=\"twitter:card\" content=\"summary_large_image\" \/>\n<meta name=\"twitter:label1\" content=\"\u01af\u1edbc t\u00ednh th\u1eddi gian \u0111\u1ecdc\" \/>\n\t<meta name=\"twitter:data1\" content=\"2 ph\u00fat\" \/>\n<script type=\"application\/ld+json\" class=\"yoast-schema-graph\">{\"@context\":\"https:\\\/\\\/schema.org\",\"@graph\":[{\"@type\":\"WebPage\",\"@id\":\"https:\\\/\\\/eddiesdiner.vn\\\/store-pick-up-policy\\\/\",\"url\":\"https:\\\/\\\/eddiesdiner.vn\\\/store-pick-up-policy\\\/\",\"name\":\"Store Pick-Up Policy | Eddie&#039;s Diner - New York Deli & Diner\",\"isPartOf\":{\"@id\":\"https:\\\/\\\/eddiesdiner.vn\\\/#website\"},\"datePublished\":\"2025-07-29T11:24:24+00:00\",\"dateModified\":\"2026-03-11T12:26:50+00:00\",\"description\":\"Store Pick-Up Policy for our customers - who choose and trust in Eddie's for your breakfast, brunch, lunch and dinner!!\",\"breadcrumb\":{\"@id\":\"https:\\\/\\\/eddiesdiner.vn\\\/store-pick-up-policy\\\/#breadcrumb\"},\"inLanguage\":\"vi\",\"potentialAction\":[{\"@type\":\"ReadAction\",\"target\":[\"https:\\\/\\\/eddiesdiner.vn\\\/store-pick-up-policy\\\/\"]}]},{\"@type\":\"BreadcrumbList\",\"@id\":\"https:\\\/\\\/eddiesdiner.vn\\\/store-pick-up-policy\\\/#breadcrumb\",\"itemListElement\":[{\"@type\":\"ListItem\",\"position\":1,\"name\":\"Home\",\"item\":\"https:\\\/\\\/eddiesdiner.vn\\\/\"},{\"@type\":\"ListItem\",\"position\":2,\"name\":\"Store Pick-Up Policy\"}]},{\"@type\":\"WebSite\",\"@id\":\"https:\\\/\\\/eddiesdiner.vn\\\/#website\",\"url\":\"https:\\\/\\\/eddiesdiner.vn\\\/\",\"name\":\"Eddie's Diner\",\"description\":\"- New York Deli &amp; Diner\",\"alternateName\":\"Eddie's\",\"potentialAction\":[{\"@type\":\"SearchAction\",\"target\":{\"@type\":\"EntryPoint\",\"urlTemplate\":\"https:\\\/\\\/eddiesdiner.vn\\\/?s={search_term_string}\"},\"query-input\":{\"@type\":\"PropertyValueSpecification\",\"valueRequired\":true,\"valueName\":\"search_term_string\"}}],\"inLanguage\":\"vi\"}]}<\/script>\n<!-- \/ Yoast SEO plugin. -->","yoast_head_json":{"title":"Store Pick-Up Policy | Eddie&#039;s Diner - New York Deli & Diner","description":"Store Pick-Up Policy for our customers - who choose and trust in Eddie's for your breakfast, brunch, lunch and dinner!!","robots":{"index":"index","follow":"follow","max-snippet":"max-snippet:-1","max-image-preview":"max-image-preview:large","max-video-preview":"max-video-preview:-1"},"canonical":"https:\/\/eddiesdiner.vn\/vi\/store-pick-up-policy\/","og_locale":"vi_VN","og_type":"article","og_title":"Store Pick-Up Policy | Eddie&#039;s Diner - New York Deli & Diner","og_description":"Store Pick-Up Policy for our customers - who choose and trust in Eddie's for your breakfast, brunch, lunch and dinner!!","og_url":"https:\/\/eddiesdiner.vn\/vi\/store-pick-up-policy\/","og_site_name":"Eddie&#039;s Diner","article_publisher":"https:\/\/www.facebook.com\/EddiesSaigon\/","article_modified_time":"2026-03-11T12:26:50+00:00","twitter_card":"summary_large_image","twitter_misc":{"\u01af\u1edbc t\u00ednh th\u1eddi gian \u0111\u1ecdc":"2 ph\u00fat"},"schema":{"@context":"https:\/\/schema.org","@graph":[{"@type":"WebPage","@id":"https:\/\/eddiesdiner.vn\/store-pick-up-policy\/","url":"https:\/\/eddiesdiner.vn\/store-pick-up-policy\/","name":"Store Pick-Up Policy | Eddie&#039;s Diner - New York Deli & Diner","isPartOf":{"@id":"https:\/\/eddiesdiner.vn\/#website"},"datePublished":"2025-07-29T11:24:24+00:00","dateModified":"2026-03-11T12:26:50+00:00","description":"Store Pick-Up Policy for our customers - who choose and trust in Eddie's for your breakfast, brunch, lunch and dinner!!","breadcrumb":{"@id":"https:\/\/eddiesdiner.vn\/store-pick-up-policy\/#breadcrumb"},"inLanguage":"vi","potentialAction":[{"@type":"ReadAction","target":["https:\/\/eddiesdiner.vn\/store-pick-up-policy\/"]}]},{"@type":"BreadcrumbList","@id":"https:\/\/eddiesdiner.vn\/store-pick-up-policy\/#breadcrumb","itemListElement":[{"@type":"ListItem","position":1,"name":"Home","item":"https:\/\/eddiesdiner.vn\/"},{"@type":"ListItem","position":2,"name":"Store Pick-Up Policy"}]},{"@type":"WebSite","@id":"https:\/\/eddiesdiner.vn\/#website","url":"https:\/\/eddiesdiner.vn\/","name":"Eddie's Diner","description":"- New York Deli &amp; Diner","alternateName":"Eddie's","potentialAction":[{"@type":"SearchAction","target":{"@type":"EntryPoint","urlTemplate":"https:\/\/eddiesdiner.vn\/?s={search_term_string}"},"query-input":{"@type":"PropertyValueSpecification","valueRequired":true,"valueName":"search_term_string"}}],"inLanguage":"vi"}]}},"rttpg_featured_image_url":null,"rttpg_author":{"display_name":"Eddie Diner","author_link":"https:\/\/eddiesdiner.vn\/vi\/author\/eddiesdinersaigon\/"},"rttpg_comment":0,"rttpg_category":null,"rttpg_excerpt":"STORE PICK-UP POLICY At\u00a0https:\/\/eddiesdiner.vn\/, we offer store pick-up services for customers who prefer to pick up their orders in person. Here are some important details about our store pick-up policy: \u200b ORDER PLACEMENT To place an order for store pick-up,","_links":{"self":[{"href":"https:\/\/eddiesdiner.vn\/vi\/wp-json\/wp\/v2\/pages\/21449","targetHints":{"allow":["GET"]}}],"collection":[{"href":"https:\/\/eddiesdiner.vn\/vi\/wp-json\/wp\/v2\/pages"}],"about":[{"href":"https:\/\/eddiesdiner.vn\/vi\/wp-json\/wp\/v2\/types\/page"}],"author":[{"embeddable":true,"href":"https:\/\/eddiesdiner.vn\/vi\/wp-json\/wp\/v2\/users\/4"}],"replies":[{"embeddable":true,"href":"https:\/\/eddiesdiner.vn\/vi\/wp-json\/wp\/v2\/comments?post=21449"}],"version-history":[{"count":11,"href":"https:\/\/eddiesdiner.vn\/vi\/wp-json\/wp\/v2\/pages\/21449\/revisions"}],"predecessor-version":[{"id":23154,"href":"https:\/\/eddiesdiner.vn\/vi\/wp-json\/wp\/v2\/pages\/21449\/revisions\/23154"}],"wp:attachment":[{"href":"https:\/\/eddiesdiner.vn\/vi\/wp-json\/wp\/v2\/media?parent=21449"}],"curies":[{"name":"wp","href":"https:\/\/api.w.org\/{rel}","templated":true}]}}