{"id":21444,"date":"2025-07-29T18:23:54","date_gmt":"2025-07-29T11:23:54","guid":{"rendered":"https:\/\/eddiesdiner.vn\/?page_id=21444"},"modified":"2026-03-11T19:44:26","modified_gmt":"2026-03-11T12:44:26","slug":"terms-of-use","status":"publish","type":"page","link":"https:\/\/eddiesdiner.vn\/vi\/terms-of-use\/","title":{"rendered":"Terms of Use"},"content":{"rendered":"<div data-elementor-type=\"wp-page\" data-elementor-id=\"21444\" class=\"elementor elementor-21444\">\n\t\t\t\t<div class=\"elementor-element elementor-element-202a763c e-flex e-con-boxed wpr-particle-no wpr-jarallax-no wpr-parallax-no wpr-sticky-section-no wpr-equal-height-no e-con e-parent\" data-id=\"202a763c\" data-element_type=\"container\" data-e-type=\"container\" data-settings=\"{&quot;background_background&quot;:&quot;classic&quot;}\">\n\t\t\t\t\t<div class=\"e-con-inner\">\n\t\t\t\t\t<\/div>\n\t\t\t\t<\/div>\n\t\t<div class=\"elementor-element elementor-element-7569577 e-con-full e-flex wpr-particle-no wpr-jarallax-no wpr-parallax-no wpr-sticky-section-no wpr-equal-height-no e-con e-parent\" data-id=\"7569577\" data-element_type=\"container\" data-e-type=\"container\" data-settings=\"{&quot;background_background&quot;:&quot;classic&quot;}\">\n\t\t\t\t<div class=\"elementor-element elementor-element-1d9b006 elementor-widget elementor-widget-text-editor\" data-id=\"1d9b006\" data-element_type=\"widget\" data-e-type=\"widget\" data-widget_type=\"text-editor.default\">\n\t\t\t\t<div class=\"elementor-widget-container\">\n\t\t\t\t\t\t\t\t\t<p class=\"has-black-color has-text-color has-link-color wp-elements-a2455a7afe19d8741ca5942236b5a5ca\">\u0110I\u1ec0U KHO\u1ea2N S\u1eec D\u1ee4NG<\/p>\n<p class=\"has-black-color has-text-color has-link-color wp-elements-cd93e4d6c49a96dacf2a22321445a947\">Ch\u00e0o m\u1eebng \u0111\u1ebfn v\u1edbi<span style=\"color: #000000;\">\u00a0<a style=\"color: #000000;\" href=\"https:\/\/eddiesdiner.vn\/vi\/\">https:\/\/eddiesdiner.vn\/<\/a>,<\/span> a restaurant service that provides high-quality food and excellent customer service. These Terms of Use govern your use of our website and services. By using our website and services, you agree to be bound by these Terms of Use.<\/p>\n<p class=\"has-black-color has-text-color has-link-color wp-elements-84b190859b3a6ec03e8a02cf931a09e1\">\u200b<\/p>\n<p class=\"has-black-color has-text-color has-link-color wp-elements-bb3934e8490a97b7f451e989b0122f9a\">S\u1eec D\u1ee4NG WEBSITE C\u1ee6A CH\u00daNG T\u00d4I<\/p>\n<p class=\"has-black-color has-text-color has-link-color wp-elements-5f6291f35fe1d89bbdbb07a20b8c45ab\">B\u1ea1n c\u00f3 th\u1ec3 s\u1eed d\u1ee5ng website c\u1ee7a ch\u00fang t\u00f4i ch\u1ec9 cho m\u1ee5c \u0111\u00edch c\u00e1 nh\u00e2n, kh\u00f4ng nh\u1eb1m m\u1ee5c \u0111\u00edch th\u01b0\u01a1ng m\u1ea1i. B\u1ea1n kh\u00f4ng \u0111\u01b0\u1ee3c s\u1eed d\u1ee5ng website c\u1ee7a ch\u00fang t\u00f4i cho b\u1ea5t k\u1ef3 m\u1ee5c \u0111\u00edch b\u1ea5t h\u1ee3p ph\u00e1p ho\u1eb7c kh\u00f4ng \u0111\u01b0\u1ee3c ph\u00e9p. B\u1ea1n kh\u00f4ng \u0111\u01b0\u1ee3c s\u1eed d\u1ee5ng website c\u1ee7a ch\u00fang t\u00f4i v\u1edbi b\u1ea5t k\u1ef3 c\u00e1ch th\u1ee9c n\u00e0o c\u00f3 th\u1ec3 g\u00e2y h\u1ea1i cho website, d\u1ecbch v\u1ee5 ho\u1eb7c uy t\u00edn c\u1ee7a ch\u00fang t\u00f4i.<\/p>\n<p class=\"has-black-color has-text-color has-link-color wp-elements-84b190859b3a6ec03e8a02cf931a09e1\">\u200b<\/p>\n<p class=\"has-black-color has-text-color has-link-color wp-elements-d298cf93517cdb8975f5685e5f8e62a3\">S\u1ede H\u1eeeU TR\u00cd TU\u1ec6<\/p>\n<p class=\"has-black-color has-text-color has-link-color wp-elements-e241a44a228b1f223d283068893b5922\">T\u1ea5t c\u1ea3 n\u1ed9i dung tr\u00ean website c\u1ee7a ch\u00fang t\u00f4i, bao g\u1ed3m v\u0103n b\u1ea3n, \u0111\u1ed3 h\u1ecda, logo, h\u00ecnh \u1ea3nh v\u00e0 ph\u1ea7n m\u1ec1m, l\u00e0 t\u00e0i s\u1ea3n c\u1ee7a\u00a0<span style=\"color: #000000;\"><a style=\"color: #000000;\" href=\"https:\/\/eddiesdiner.vn\/vi\/\">https:\/\/eddiesdiner.vn\/<\/a>\u00a0<\/span>ho\u1eb7c c\u00e1c nh\u00e0 cung c\u1ea5p n\u1ed9i dung c\u1ee7a n\u00f3 v\u00e0 \u0111\u01b0\u1ee3c b\u1ea3o v\u1ec7 theo lu\u1eadt b\u1ea3n quy\u1ec1n c\u1ee7a Vi\u1ec7t Nam v\u00e0 qu\u1ed1c t\u1ebf. B\u1ea1n kh\u00f4ng \u0111\u01b0\u1ee3c s\u1eed d\u1ee5ng b\u1ea5t k\u1ef3 n\u1ed9i dung n\u00e0o tr\u00ean website c\u1ee7a ch\u00fang t\u00f4i m\u00e0 kh\u00f4ng c\u00f3 s\u1ef1 cho ph\u00e9p b\u1eb1ng v\u0103n b\u1ea3n c\u1ee7a ch\u00fang t\u00f4i.<\/p>\n<p class=\"has-black-color has-text-color has-link-color wp-elements-84b190859b3a6ec03e8a02cf931a09e1\">\u200b<\/p>\n<p class=\"has-black-color has-text-color has-link-color wp-elements-43166d110e3bb4c1493f8cc7e8248eb2\">LI\u00caN K\u1ebeT B\u00caN TH\u1ee8 BA<\/p>\n<p class=\"has-black-color has-text-color has-link-color wp-elements-11341f2719163d1bc6fd87945c85d764\">Website c\u1ee7a ch\u00fang t\u00f4i c\u00f3 th\u1ec3 ch\u1ee9a c\u00e1c li\u00ean k\u1ebft \u0111\u1ebfn c\u00e1c website c\u1ee7a b\u00ean th\u1ee9 ba m\u00e0 kh\u00f4ng thu\u1ed9c s\u1edf h\u1eefu ho\u1eb7c ki\u1ec3m so\u00e1t c\u1ee7a\u00a0<span style=\"color: #000000;\"><a style=\"color: #000000;\" href=\"https:\/\/eddiesdiner.vn\/vi\/\">https:\/\/eddiesdiner.vn\/<\/a><\/span>\u00a0Ch\u00fang t\u00f4i kh\u00f4ng ch\u1ecbu tr\u00e1ch nhi\u1ec7m v\u1ec1 n\u1ed9i dung, ch\u00ednh s\u00e1ch quy\u1ec1n ri\u00eang t\u01b0 ho\u1eb7c c\u00e1c th\u1ef1c h\u00e0nh c\u1ee7a b\u1ea5t k\u1ef3 website c\u1ee7a b\u00ean th\u1ee9 ba n\u00e0o. B\u1ea1n truy c\u1eadp c\u00e1c website c\u1ee7a b\u00ean th\u1ee9 ba theo r\u1ee7i ro c\u1ee7a ri\u00eang b\u1ea1n.<\/p>\n<p class=\"has-black-color has-text-color has-link-color wp-elements-84b190859b3a6ec03e8a02cf931a09e1\">\u200b<\/p>\n<p class=\"has-black-color has-text-color has-link-color wp-elements-0616f29c8c76e059a77cd62c480a70fa\">MI\u1ec4N TR\u1eea B\u1ea2O \u0110\u1ea2M<\/p>\n<p class=\"has-black-color has-text-color has-link-color wp-elements-92bd70d2acbd4f4a971c6581ea0cd0db\"><span style=\"color: #000000;\"><a style=\"color: #000000;\" href=\"https:\/\/eddiesdiner.vn\/vi\/\">https:\/\/eddiesdiner.vn\/<\/a>\u00a0<\/span>kh\u00f4ng \u0111\u01b0a ra b\u1ea5t k\u1ef3 b\u1ea3o \u0111\u1ea3m ho\u1eb7c cam \u0111oan n\u00e0o v\u1ec1 \u0111\u1ed9 ch\u00ednh x\u00e1c ho\u1eb7c \u0111\u1ea7y \u0111\u1ee7 c\u1ee7a website ho\u1eb7c d\u1ecbch v\u1ee5 c\u1ee7a ch\u00fang t\u00f4i. Ch\u00fang t\u00f4i kh\u00f4ng \u0111\u01b0a ra b\u1ea5t k\u1ef3 b\u1ea3o \u0111\u1ea3m ho\u1eb7c cam \u0111oan n\u00e0o v\u1ec1 ch\u1ea5t l\u01b0\u1ee3ng th\u1ef1c ph\u1ea9m c\u1ee7a ch\u00fang t\u00f4i, s\u1ef1 s\u1eb5n c\u00f3 c\u1ee7a d\u1ecbch v\u1ee5 ho\u1eb7c \u0111\u1ed9 tin c\u1eady c\u1ee7a website c\u1ee7a ch\u00fang t\u00f4i.<\/p>\n<p class=\"has-black-color has-text-color has-link-color wp-elements-84b190859b3a6ec03e8a02cf931a09e1\">\u200b<\/p>\n<p class=\"has-black-color has-text-color has-link-color wp-elements-f274aec4b14c11e67739965685f82596\">LIMITATION OF LIABILITY<\/p>\n<p class=\"has-black-color has-text-color has-link-color wp-elements-437be4edcefa9504487938fe73ad4040\"><span style=\"color: #000000;\"><a style=\"color: #000000;\" href=\"https:\/\/eddiesdiner.vn\/vi\/\">https:\/\/eddiesdiner.vn\/<\/a>\u00a0<\/span>is not liable for any damages, whether direct or indirect, arising out of or in connection with your use of our website or services. This includes, but is not limited to, damages for loss of profits, goodwill, data, or other intangible losses.<\/p>\n<p class=\"has-black-color has-text-color has-link-color wp-elements-84b190859b3a6ec03e8a02cf931a09e1\">\u200b<\/p>\n<p class=\"has-black-color has-text-color has-link-color wp-elements-e9227827b48352c13451a354eca9d22c\">B\u1ed2I TH\u01af\u1edcNG<\/p>\n<p class=\"has-black-color has-text-color has-link-color wp-elements-73f04b7c55766a14955a386e7e7493ef\">B\u1ea1n \u0111\u1ed3ng \u00fd b\u1ed3i th\u01b0\u1eddng v\u00e0 gi\u1eef cho<span style=\"color: #000000;\">\u00a0<a style=\"color: #000000;\" href=\"https:\/\/eddiesdiner.vn\/vi\/\">https:\/\/eddiesdiner.vn\/<\/a><\/span>, c\u00e1c ch\u1ee7 s\u1edf h\u1eefu, gi\u00e1m \u0111\u1ed1c, nh\u00e2n vi\u00ean v\u00e0 \u0111\u1ea1i l\u00fd c\u1ee7a n\u00f3 \u0111\u01b0\u1ee3c mi\u1ec5n tr\u1eeb kh\u1ecfi b\u1ea5t k\u1ef3 khi\u1ebfu n\u1ea1i, t\u1ed5n th\u1ea5t, thi\u1ec7t h\u1ea1i, tr\u00e1ch nhi\u1ec7m v\u00e0 chi ph\u00ed, bao g\u1ed3m c\u1ea3 chi ph\u00ed lu\u1eadt s\u01b0 h\u1ee3p l\u00fd, ph\u00e1t sinh t\u1eeb ho\u1eb7c li\u00ean quan \u0111\u1ebfn vi\u1ec7c s\u1eed d\u1ee5ng website ho\u1eb7c d\u1ecbch v\u1ee5 c\u1ee7a ch\u00fang t\u00f4i.<\/p>\n<p class=\"has-black-color has-text-color has-link-color wp-elements-84b190859b3a6ec03e8a02cf931a09e1\">\u200b<\/p>\n<p class=\"has-black-color has-text-color has-link-color wp-elements-f88b25184ff75878311dac0109ca52be\">S\u1eecA \u0110\u1ed4I C\u00c1C \u0110I\u1ec0U KHO\u1ea2N S\u1eec D\u1ee4NG<\/p>\n<p class=\"has-black-color has-text-color has-link-color wp-elements-1d7631365ee1f2d2346e87f231ad5e31\"><span style=\"color: #000000;\"><a style=\"color: #000000;\" href=\"https:\/\/eddiesdiner.vn\/vi\/\">https:\/\/eddiesdiner.vn\/<\/a>\u00a0<\/span>c\u00f3 th\u1ec3 s\u1eeda \u0111\u1ed5i \u0110i\u1ec1u Kho\u1ea3n S\u1eed D\u1ee5ng n\u00e0y v\u00e0o b\u1ea5t k\u1ef3 th\u1eddi \u0111i\u1ec3m n\u00e0o. Ch\u00fang t\u00f4i s\u1ebd \u0111\u0103ng b\u1ea5t k\u1ef3 thay \u0111\u1ed5i n\u00e0o tr\u00ean website c\u1ee7a m\u00ecnh, v\u00e0 tr\u00e1ch nhi\u1ec7m c\u1ee7a b\u1ea1n l\u00e0 xem x\u00e9t c\u00e1c thay \u0111\u1ed5i n\u00e0y. B\u1eb1ng c\u00e1ch ti\u1ebfp t\u1ee5c s\u1eed d\u1ee5ng website ho\u1eb7c d\u1ecbch v\u1ee5 c\u1ee7a ch\u00fang t\u00f4i sau b\u1ea5t k\u1ef3 thay \u0111\u1ed5i n\u00e0o \u0111\u1ed1i v\u1edbi \u0110i\u1ec1u Kho\u1ea3n S\u1eed D\u1ee5ng n\u00e0y, b\u1ea1n \u0111\u1ed3ng \u00fd b\u1ecb r\u00e0ng bu\u1ed9c b\u1edfi \u0110i\u1ec1u Kho\u1ea3n S\u1eed D\u1ee5ng \u0111\u00e3 s\u1eeda \u0111\u1ed5i.<\/p>\n<p class=\"has-black-color has-text-color has-link-color wp-elements-84b190859b3a6ec03e8a02cf931a09e1\">\u200b<\/p>\n<p class=\"has-black-color has-text-color has-link-color wp-elements-f2f10cc1fa260f6a23fce9ecca45023b\">LU\u1eacT \u0110I\u1ec0U CH\u1ec8NH<\/p>\n<p class=\"has-black-color has-text-color has-link-color wp-elements-071e698724227072573e23f5234e586f\">C\u00e1c \u0110i\u1ec1u Kho\u1ea3n S\u1eed D\u1ee5ng n\u00e0y \u0111\u01b0\u1ee3c \u0111i\u1ec1u ch\u1ec9nh b\u1edfi lu\u1eadt ph\u00e1p c\u1ee7a Vi\u1ec7t Nam. B\u1ea5t k\u1ef3 tranh ch\u1ea5p n\u00e0o ph\u00e1t sinh t\u1eeb ho\u1eb7c li\u00ean quan \u0111\u1ebfn \u0110i\u1ec1u Kho\u1ea3n S\u1eed D\u1ee5ng n\u00e0y s\u1ebd \u0111\u01b0\u1ee3c gi\u1ea3i quy\u1ebft b\u1edfi c\u00e1c t\u00f2a \u00e1n c\u1ee7a Vi\u1ec7t Nam.<\/p>\n<p class=\"has-black-color has-text-color has-link-color wp-elements-05faf7a9fbd5a4985b9c5e09006a9757\">N\u1ebfu b\u1ea1n c\u00f3 b\u1ea5t k\u1ef3 c\u00e2u h\u1ecfi ho\u1eb7c th\u1eafc m\u1eafc n\u00e0o v\u1ec1 \u0110i\u1ec1u Kho\u1ea3n S\u1eed D\u1ee5ng n\u00e0y, vui l\u00f2ng li\u00ean h\u1ec7 v\u1edbi ch\u00fang t\u00f4i theo \u0111\u1ecba ch\u1ec9\u00a0<span style=\"color: #000000;\"><a style=\"color: #000000;\" href=\"mailto:contact@eddiesdinersaigon.vn\">contact@eddiesdinersaigon.vn<\/a><\/span><\/p>\n<p class=\"has-black-color has-text-color has-link-color wp-elements-84b190859b3a6ec03e8a02cf931a09e1\">\u200b<\/p>\n<p class=\"has-black-color has-text-color has-link-color\"><!-- \/wp:paragraph --><\/p>\n<p class=\"has-black-color has-text-color has-link-color wp-elements-e522cdf6963a6789c3bad5b9c1943e3d\"><!-- \/wp:paragraph --><\/p>\t\t\t\t\t\t\t\t<\/div>\n\t\t\t\t<\/div>\n\t\t\t\t<\/div>\n\t\t\t\t<\/div>","protected":false},"excerpt":{"rendered":"<p>TERMS OF USE Welcome to\u00a0https:\/\/eddiesdiner.vn\/, a restaurant service that provides high-quality food and excellent customer service. These Terms of Use govern your use of our website and services. By using our website and services, you agree to be bound by<\/p>","protected":false},"author":4,"featured_media":0,"parent":0,"menu_order":0,"comment_status":"closed","ping_status":"closed","template":"elementor_header_footer","meta":{"_monsterinsights_skip_tracking":false,"_monsterinsights_sitenote_active":false,"_monsterinsights_sitenote_note":"","_monsterinsights_sitenote_category":0,"footnotes":""},"class_list":["post-21444","page","type-page","status-publish","hentry"],"yoast_head":"<!-- This site is optimized with the Yoast SEO plugin v27.5 - https:\/\/yoast.com\/product\/yoast-seo-wordpress\/ -->\n<title>Terms of Use | Eddie&#039;s Diner - New York Deli &amp; Diner<\/title>\n<meta name=\"description\" content=\"Terms of Use for our customers - who choose and trust in Eddie&#039;s for your breakfast, brunch, lunch and dinner!!\" \/>\n<meta name=\"robots\" content=\"index, follow, max-snippet:-1, max-image-preview:large, max-video-preview:-1\" \/>\n<link rel=\"canonical\" href=\"https:\/\/eddiesdiner.vn\/vi\/terms-of-use\/\" \/>\n<meta property=\"og:locale\" content=\"vi_VN\" \/>\n<meta property=\"og:type\" content=\"article\" \/>\n<meta property=\"og:title\" content=\"Terms of Use | Eddie&#039;s Diner - New York Deli &amp; Diner\" \/>\n<meta property=\"og:description\" content=\"Terms of Use for our customers - who choose and trust in Eddie&#039;s for your breakfast, brunch, lunch and dinner!!\" \/>\n<meta property=\"og:url\" content=\"https:\/\/eddiesdiner.vn\/vi\/terms-of-use\/\" \/>\n<meta property=\"og:site_name\" content=\"Eddie&#039;s Diner\" \/>\n<meta property=\"article:publisher\" content=\"https:\/\/www.facebook.com\/EddiesSaigon\/\" \/>\n<meta property=\"article:modified_time\" content=\"2026-03-11T12:44:26+00:00\" \/>\n<meta name=\"twitter:card\" content=\"summary_large_image\" \/>\n<meta name=\"twitter:label1\" content=\"\u01af\u1edbc t\u00ednh th\u1eddi gian \u0111\u1ecdc\" \/>\n\t<meta name=\"twitter:data1\" content=\"2 ph\u00fat\" \/>\n<script type=\"application\/ld+json\" class=\"yoast-schema-graph\">{\"@context\":\"https:\\\/\\\/schema.org\",\"@graph\":[{\"@type\":\"WebPage\",\"@id\":\"https:\\\/\\\/eddiesdiner.vn\\\/terms-of-use\\\/\",\"url\":\"https:\\\/\\\/eddiesdiner.vn\\\/terms-of-use\\\/\",\"name\":\"Terms of Use | Eddie&#039;s Diner - New York Deli & Diner\",\"isPartOf\":{\"@id\":\"https:\\\/\\\/eddiesdiner.vn\\\/#website\"},\"datePublished\":\"2025-07-29T11:23:54+00:00\",\"dateModified\":\"2026-03-11T12:44:26+00:00\",\"description\":\"Terms of Use for our customers - who choose and trust in Eddie's for your breakfast, brunch, lunch and dinner!!\",\"breadcrumb\":{\"@id\":\"https:\\\/\\\/eddiesdiner.vn\\\/terms-of-use\\\/#breadcrumb\"},\"inLanguage\":\"vi\",\"potentialAction\":[{\"@type\":\"ReadAction\",\"target\":[\"https:\\\/\\\/eddiesdiner.vn\\\/terms-of-use\\\/\"]}]},{\"@type\":\"BreadcrumbList\",\"@id\":\"https:\\\/\\\/eddiesdiner.vn\\\/terms-of-use\\\/#breadcrumb\",\"itemListElement\":[{\"@type\":\"ListItem\",\"position\":1,\"name\":\"Home\",\"item\":\"https:\\\/\\\/eddiesdiner.vn\\\/\"},{\"@type\":\"ListItem\",\"position\":2,\"name\":\"Terms of Use\"}]},{\"@type\":\"WebSite\",\"@id\":\"https:\\\/\\\/eddiesdiner.vn\\\/#website\",\"url\":\"https:\\\/\\\/eddiesdiner.vn\\\/\",\"name\":\"Eddie's Diner\",\"description\":\"- New York Deli &amp; Diner\",\"alternateName\":\"Eddie's\",\"potentialAction\":[{\"@type\":\"SearchAction\",\"target\":{\"@type\":\"EntryPoint\",\"urlTemplate\":\"https:\\\/\\\/eddiesdiner.vn\\\/?s={search_term_string}\"},\"query-input\":{\"@type\":\"PropertyValueSpecification\",\"valueRequired\":true,\"valueName\":\"search_term_string\"}}],\"inLanguage\":\"vi\"}]}<\/script>\n<!-- \/ Yoast SEO plugin. -->","yoast_head_json":{"title":"Terms of Use | Eddie&#039;s Diner - New York Deli & Diner","description":"Terms of Use for our customers - who choose and trust in Eddie's for your breakfast, brunch, lunch and dinner!!","robots":{"index":"index","follow":"follow","max-snippet":"max-snippet:-1","max-image-preview":"max-image-preview:large","max-video-preview":"max-video-preview:-1"},"canonical":"https:\/\/eddiesdiner.vn\/vi\/terms-of-use\/","og_locale":"vi_VN","og_type":"article","og_title":"Terms of Use | Eddie&#039;s Diner - New York Deli & Diner","og_description":"Terms of Use for our customers - who choose and trust in Eddie's for your breakfast, brunch, lunch and dinner!!","og_url":"https:\/\/eddiesdiner.vn\/vi\/terms-of-use\/","og_site_name":"Eddie&#039;s Diner","article_publisher":"https:\/\/www.facebook.com\/EddiesSaigon\/","article_modified_time":"2026-03-11T12:44:26+00:00","twitter_card":"summary_large_image","twitter_misc":{"\u01af\u1edbc t\u00ednh th\u1eddi gian \u0111\u1ecdc":"2 ph\u00fat"},"schema":{"@context":"https:\/\/schema.org","@graph":[{"@type":"WebPage","@id":"https:\/\/eddiesdiner.vn\/terms-of-use\/","url":"https:\/\/eddiesdiner.vn\/terms-of-use\/","name":"Terms of Use | Eddie&#039;s Diner - New York Deli & Diner","isPartOf":{"@id":"https:\/\/eddiesdiner.vn\/#website"},"datePublished":"2025-07-29T11:23:54+00:00","dateModified":"2026-03-11T12:44:26+00:00","description":"Terms of Use for our customers - who choose and trust in Eddie's for your breakfast, brunch, lunch and dinner!!","breadcrumb":{"@id":"https:\/\/eddiesdiner.vn\/terms-of-use\/#breadcrumb"},"inLanguage":"vi","potentialAction":[{"@type":"ReadAction","target":["https:\/\/eddiesdiner.vn\/terms-of-use\/"]}]},{"@type":"BreadcrumbList","@id":"https:\/\/eddiesdiner.vn\/terms-of-use\/#breadcrumb","itemListElement":[{"@type":"ListItem","position":1,"name":"Home","item":"https:\/\/eddiesdiner.vn\/"},{"@type":"ListItem","position":2,"name":"Terms of Use"}]},{"@type":"WebSite","@id":"https:\/\/eddiesdiner.vn\/#website","url":"https:\/\/eddiesdiner.vn\/","name":"Eddie's Diner","description":"- New York Deli &amp; Diner","alternateName":"Eddie's","potentialAction":[{"@type":"SearchAction","target":{"@type":"EntryPoint","urlTemplate":"https:\/\/eddiesdiner.vn\/?s={search_term_string}"},"query-input":{"@type":"PropertyValueSpecification","valueRequired":true,"valueName":"search_term_string"}}],"inLanguage":"vi"}]}},"rttpg_featured_image_url":null,"rttpg_author":{"display_name":"Eddie Diner","author_link":"https:\/\/eddiesdiner.vn\/vi\/author\/eddiesdinersaigon\/"},"rttpg_comment":0,"rttpg_category":null,"rttpg_excerpt":"TERMS OF USE Welcome to\u00a0https:\/\/eddiesdiner.vn\/, a restaurant service that provides high-quality food and excellent customer service. These Terms of Use govern your use of our website and services. By using our website and services, you agree to be bound by","_links":{"self":[{"href":"https:\/\/eddiesdiner.vn\/vi\/wp-json\/wp\/v2\/pages\/21444","targetHints":{"allow":["GET"]}}],"collection":[{"href":"https:\/\/eddiesdiner.vn\/vi\/wp-json\/wp\/v2\/pages"}],"about":[{"href":"https:\/\/eddiesdiner.vn\/vi\/wp-json\/wp\/v2\/types\/page"}],"author":[{"embeddable":true,"href":"https:\/\/eddiesdiner.vn\/vi\/wp-json\/wp\/v2\/users\/4"}],"replies":[{"embeddable":true,"href":"https:\/\/eddiesdiner.vn\/vi\/wp-json\/wp\/v2\/comments?post=21444"}],"version-history":[{"count":12,"href":"https:\/\/eddiesdiner.vn\/vi\/wp-json\/wp\/v2\/pages\/21444\/revisions"}],"predecessor-version":[{"id":23166,"href":"https:\/\/eddiesdiner.vn\/vi\/wp-json\/wp\/v2\/pages\/21444\/revisions\/23166"}],"wp:attachment":[{"href":"https:\/\/eddiesdiner.vn\/vi\/wp-json\/wp\/v2\/media?parent=21444"}],"curies":[{"name":"wp","href":"https:\/\/api.w.org\/{rel}","templated":true}]}}