{"id":21433,"date":"2025-07-29T18:19:51","date_gmt":"2025-07-29T11:19:51","guid":{"rendered":"https:\/\/eddiesdiner.vn\/?page_id=21433"},"modified":"2026-03-11T19:31:40","modified_gmt":"2026-03-11T12:31:40","slug":"shipping-delivery-policy","status":"publish","type":"page","link":"https:\/\/eddiesdiner.vn\/vi\/shipping-delivery-policy\/","title":{"rendered":"Shipping &#038; Delivery Policy"},"content":{"rendered":"<div data-elementor-type=\"wp-page\" data-elementor-id=\"21433\" class=\"elementor elementor-21433\">\n\t\t\t\t<div class=\"elementor-element elementor-element-202a763c e-flex e-con-boxed wpr-particle-no wpr-jarallax-no wpr-parallax-no wpr-sticky-section-no wpr-equal-height-no e-con e-parent\" data-id=\"202a763c\" data-element_type=\"container\" data-e-type=\"container\" data-settings=\"{&quot;background_background&quot;:&quot;classic&quot;}\">\n\t\t\t\t\t<div class=\"e-con-inner\">\n\t\t\t\t\t<\/div>\n\t\t\t\t<\/div>\n\t\t<div class=\"elementor-element elementor-element-7569577 e-con-full e-flex wpr-particle-no wpr-jarallax-no wpr-parallax-no wpr-sticky-section-no wpr-equal-height-no e-con e-parent\" data-id=\"7569577\" data-element_type=\"container\" data-e-type=\"container\" data-settings=\"{&quot;background_background&quot;:&quot;classic&quot;}\">\n\t\t\t\t<div class=\"elementor-element elementor-element-1d9b006 elementor-widget elementor-widget-text-editor\" data-id=\"1d9b006\" data-element_type=\"widget\" data-e-type=\"widget\" data-widget_type=\"text-editor.default\">\n\t\t\t\t<div class=\"elementor-widget-container\">\n\t\t\t\t\t\t\t\t\t<p class=\"has-black-color has-text-color has-link-color wp-elements-e522cdf6963a6789c3bad5b9c1943e3d\">CH\u00cdNH S\u00c1CH V\u1eacN CHUY\u1ec2N V\u00c0 GIAO H\u00c0NG<\/p><p class=\"has-black-color has-text-color has-link-color\"><!-- \/wp:paragraph --> <!-- wp:paragraph {\"style\":{\"elements\":{\"link\":{\"color\":{\"text\":\"var:preset|color|black\"}}}},\"textColor\":\"black\"} --><\/p><p class=\"has-black-color has-text-color has-link-color\">T\u1ea1i\u00a0<span style=\"color: #000000;\"><a style=\"color: #000000;\" href=\"https:\/\/eddiesdiner.vn\/vi\/\">https:\/\/eddiesdiner.vn\/<\/a><\/span>, ch\u00fang t\u00f4i cung c\u1ea5p d\u1ecbch v\u1ee5 giao h\u00e0ng cho kh\u00e1ch h\u00e0ng c\u1ee7a ch\u00fang t\u00f4i. D\u01b0\u1edbi \u0111\u00e2y l\u00e0 m\u1ed9t s\u1ed1 th\u00f4ng tin quan tr\u1ecdng v\u1ec1 ch\u00ednh s\u00e1ch v\u1eadn chuy\u1ec3n v\u00e0 giao h\u00e0ng c\u1ee7a ch\u00fang t\u00f4i:<\/p><p class=\"has-black-color has-text-color has-link-color\"><!-- \/wp:paragraph --> <!-- wp:paragraph {\"style\":{\"elements\":{\"link\":{\"color\":{\"text\":\"var:preset|color|black\"}}}},\"textColor\":\"black\"} --><\/p><p class=\"has-black-color has-text-color has-link-color\">\u200b<\/p><p class=\"has-black-color has-text-color has-link-color\"><!-- \/wp:paragraph --> <!-- wp:paragraph {\"style\":{\"elements\":{\"link\":{\"color\":{\"text\":\"var:preset|color|black\"}}}},\"textColor\":\"black\"} --><\/p><p class=\"has-black-color has-text-color has-link-color\">KHU V\u1ef0C GIAO H\u00c0NG<\/p><p class=\"has-black-color has-text-color has-link-color\"><!-- \/wp:paragraph --> <!-- wp:paragraph {\"style\":{\"elements\":{\"link\":{\"color\":{\"text\":\"var:preset|color|black\"}}}},\"textColor\":\"black\"} --><\/p><p class=\"has-black-color has-text-color has-link-color\">Ch\u00fang t\u00f4i cung c\u1ea5p d\u1ecbch v\u1ee5 giao h\u00e0ng cho c\u00e1c khu v\u1ef1c \u0111\u01b0\u1ee3c l\u1ef1a ch\u1ecdn n\u1eb1m trong ph\u1ea1m vi giao h\u00e0ng c\u1ee7a ch\u00fang t\u00f4i. Vui l\u00f2ng ki\u1ec3m tra tr\u00ean website c\u1ee7a ch\u00fang t\u00f4i ho\u1eb7c li\u00ean h\u1ec7 v\u1edbi ch\u00fang t\u00f4i \u0111\u1ec3 xem ch\u00fang t\u00f4i c\u00f3 giao h\u00e0ng \u0111\u1ebfn khu v\u1ef1c c\u1ee7a b\u1ea1n hay kh\u00f4ng.<\/p><p class=\"has-black-color has-text-color has-link-color\"><!-- \/wp:paragraph --> <!-- wp:paragraph {\"style\":{\"elements\":{\"link\":{\"color\":{\"text\":\"var:preset|color|black\"}}}},\"textColor\":\"black\"} --><\/p><p class=\"has-black-color has-text-color has-link-color\">\u200b<\/p><p class=\"has-black-color has-text-color has-link-color\"><!-- \/wp:paragraph --> <!-- wp:paragraph {\"style\":{\"elements\":{\"link\":{\"color\":{\"text\":\"var:preset|color|black\"}}}},\"textColor\":\"black\"} --><\/p><p class=\"has-black-color has-text-color has-link-color\">GI\u1edc GIAO H\u00c0NG<\/p><p class=\"has-black-color has-text-color has-link-color\"><!-- \/wp:paragraph --> <!-- wp:paragraph {\"style\":{\"elements\":{\"link\":{\"color\":{\"text\":\"var:preset|color|black\"}}}},\"textColor\":\"black\"} --><\/p><p class=\"has-black-color has-text-color has-link-color\">Gi\u1edd giao h\u00e0ng c\u1ee7a ch\u00fang t\u00f4i c\u00f3 th\u1ec3 thay \u0111\u1ed5i t\u00f9y thu\u1ed9c v\u00e0o gi\u1edd ho\u1ea1t \u0111\u1ed9ng c\u1ee7a nh\u00e0 h\u00e0ng v\u00e0 khu v\u1ef1c giao h\u00e0ng. Vui l\u00f2ng ki\u1ec3m tra tr\u00ean website c\u1ee7a ch\u00fang t\u00f4i ho\u1eb7c li\u00ean h\u1ec7 v\u1edbi ch\u00fang t\u00f4i \u0111\u1ec3 xem gi\u1edd giao h\u00e0ng hi\u1ec7n t\u1ea1i c\u1ee7a ch\u00fang t\u00f4i.<\/p><p class=\"has-black-color has-text-color has-link-color\"><!-- \/wp:paragraph --> <!-- wp:paragraph {\"style\":{\"elements\":{\"link\":{\"color\":{\"text\":\"var:preset|color|black\"}}}},\"textColor\":\"black\"} --><\/p><p class=\"has-black-color has-text-color has-link-color\">\u200b<\/p><p class=\"has-black-color has-text-color has-link-color\"><!-- \/wp:paragraph --> <!-- wp:paragraph {\"style\":{\"elements\":{\"link\":{\"color\":{\"text\":\"var:preset|color|black\"}}}},\"textColor\":\"black\"} --><\/p><p class=\"has-black-color has-text-color has-link-color\">PH\u00cd GIAO H\u00c0NG<\/p><p class=\"has-black-color has-text-color has-link-color\"><!-- \/wp:paragraph --> <!-- wp:paragraph {\"style\":{\"elements\":{\"link\":{\"color\":{\"text\":\"var:preset|color|black\"}}}},\"textColor\":\"black\"} --><\/p><p class=\"has-black-color has-text-color has-link-color\">Ch\u00fang t\u00f4i c\u00f3 th\u1ec3 t\u00ednh ph\u00ed giao h\u00e0ng d\u1ef1a tr\u00ean kho\u1ea3ng c\u00e1ch t\u1eeb nh\u00e0 h\u00e0ng c\u1ee7a ch\u00fang t\u00f4i \u0111\u1ebfn \u0111\u1ecba ch\u1ec9 giao h\u00e0ng c\u1ee7a b\u1ea1n. Ph\u00ed giao h\u00e0ng c\u00f3 th\u1ec3 thay \u0111\u1ed5i t\u00f9y thu\u1ed9c v\u00e0o khu v\u1ef1c giao h\u00e0ng v\u00e0 k\u00edch th\u01b0\u1edbc \u0111\u01a1n h\u00e0ng.<\/p><p class=\"has-black-color has-text-color has-link-color\"><!-- \/wp:paragraph --> <!-- wp:paragraph {\"style\":{\"elements\":{\"link\":{\"color\":{\"text\":\"var:preset|color|black\"}}}},\"textColor\":\"black\"} --><\/p><p class=\"has-black-color has-text-color has-link-color\">\u200b<\/p><p class=\"has-black-color has-text-color has-link-color\"><!-- \/wp:paragraph --> <!-- wp:paragraph {\"style\":{\"elements\":{\"link\":{\"color\":{\"text\":\"var:preset|color|black\"}}}},\"textColor\":\"black\"} --><\/p><p class=\"has-black-color has-text-color has-link-color\">TH\u1edcI GIAN GIAO H\u00c0NG<\/p><p class=\"has-black-color has-text-color has-link-color\"><!-- \/wp:paragraph --> <!-- wp:paragraph {\"style\":{\"elements\":{\"link\":{\"color\":{\"text\":\"var:preset|color|black\"}}}},\"textColor\":\"black\"} --><\/p><p class=\"has-black-color has-text-color has-link-color\">Ch\u00fang t\u00f4i n\u1ed7 l\u1ef1c h\u1ebft s\u1ee9c \u0111\u1ec3 giao \u0111\u01a1n h\u00e0ng c\u1ee7a b\u1ea1n m\u1ed9t c\u00e1ch k\u1ecbp th\u1eddi. Tuy nhi\u00ean, th\u1eddi gian giao h\u00e0ng c\u00f3 th\u1ec3 thay \u0111\u1ed5i t\u00f9y thu\u1ed9c v\u00e0o c\u00e1c y\u1ebfu t\u1ed1 nh\u01b0 giao th\u00f4ng, \u0111i\u1ec1u ki\u1ec7n th\u1eddi ti\u1ebft v\u00e0 l\u01b0\u1ee3ng \u0111\u01a1n h\u00e0ng. Ch\u00fang t\u00f4i s\u1ebd c\u1ed1 g\u1eafng cung c\u1ea5p cho b\u1ea1n th\u1eddi gian giao h\u00e0ng \u01b0\u1edbc t\u00ednh khi b\u1ea1n \u0111\u1eb7t \u0111\u01a1n h\u00e0ng.<\/p><p class=\"has-black-color has-text-color has-link-color\"><!-- \/wp:paragraph --> <!-- wp:paragraph {\"style\":{\"elements\":{\"link\":{\"color\":{\"text\":\"var:preset|color|black\"}}}},\"textColor\":\"black\"} --><\/p><p class=\"has-black-color has-text-color has-link-color\">\u200b<\/p><p class=\"has-black-color has-text-color has-link-color\"><!-- \/wp:paragraph --> <!-- wp:paragraph {\"style\":{\"elements\":{\"link\":{\"color\":{\"text\":\"var:preset|color|black\"}}}},\"textColor\":\"black\"} --><\/p><p class=\"has-black-color has-text-color has-link-color\">THEO D\u00d5I \u0110\u01a0N H\u00c0NG<\/p><p class=\"has-black-color has-text-color has-link-color\"><!-- \/wp:paragraph --> <!-- wp:paragraph {\"style\":{\"elements\":{\"link\":{\"color\":{\"text\":\"var:preset|color|black\"}}}},\"textColor\":\"black\"} --><\/p><p class=\"has-black-color has-text-color has-link-color\">Ch\u00fang t\u00f4i c\u00f3 th\u1ec3 cung c\u1ea5p d\u1ecbch v\u1ee5 theo d\u00f5i \u0111\u01a1n h\u00e0ng cho m\u1ed9t s\u1ed1 d\u1ecbch v\u1ee5 giao h\u00e0ng. Vui l\u00f2ng ki\u1ec3m tra tr\u00ean website c\u1ee7a ch\u00fang t\u00f4i ho\u1eb7c li\u00ean h\u1ec7 v\u1edbi ch\u00fang t\u00f4i \u0111\u1ec3 xem li\u1ec7u c\u00f3 d\u1ecbch v\u1ee5 theo d\u00f5i \u0111\u01a1n h\u00e0ng cho giao h\u00e0ng c\u1ee7a b\u1ea1n hay kh\u00f4ng.<\/p><p class=\"has-black-color has-text-color has-link-color\"><!-- \/wp:paragraph --> <!-- wp:paragraph {\"style\":{\"elements\":{\"link\":{\"color\":{\"text\":\"var:preset|color|black\"}}}},\"textColor\":\"black\"} --><\/p><p class=\"has-black-color has-text-color has-link-color\">\u200b<\/p><p class=\"has-black-color has-text-color has-link-color\"><!-- \/wp:paragraph --> <!-- wp:paragraph {\"style\":{\"elements\":{\"link\":{\"color\":{\"text\":\"var:preset|color|black\"}}}},\"textColor\":\"black\"} --><\/p><p class=\"has-black-color has-text-color has-link-color\">V\u1ea4N \u0110\u1ec0 GIAO H\u00c0NG<\/p><p class=\"has-black-color has-text-color has-link-color\"><!-- \/wp:paragraph --> <!-- wp:paragraph {\"style\":{\"elements\":{\"link\":{\"color\":{\"text\":\"var:preset|color|black\"}}}},\"textColor\":\"black\"} --><\/p><p class=\"has-black-color has-text-color has-link-color\">N\u1ebfu c\u00f3 b\u1ea5t k\u1ef3 v\u1ea5n \u0111\u1ec1 n\u00e0o v\u1edbi \u0111\u01a1n h\u00e0ng giao c\u1ee7a b\u1ea1n, ch\u1eb3ng h\u1ea1n nh\u01b0 thi\u1ebfu m\u1eb7t h\u00e0ng ho\u1eb7c bao b\u00ec b\u1ecb h\u01b0 h\u1ecfng, vui l\u00f2ng li\u00ean h\u1ec7 v\u1edbi ch\u00fang t\u00f4i ngay l\u1eadp t\u1ee9c v\u00e0 ch\u00fang t\u00f4i s\u1ebd c\u1ed1 g\u1eafng gi\u1ea3i quy\u1ebft v\u1ea5n \u0111\u1ec1. N\u1ebfu b\u1ea1n nh\u1eadn \u0111\u01b0\u1ee3c \u0111\u01a1n h\u00e0ng sai ho\u1eb7c c\u00f3 v\u1ea5n \u0111\u1ec1 v\u1ec1 ch\u1ea5t l\u01b0\u1ee3ng th\u1ee9c \u0103n, vui l\u00f2ng cho ch\u00fang t\u00f4i bi\u1ebft trong v\u00f2ng 6 gi\u1edd k\u1ec3 t\u1eeb khi giao h\u00e0ng \u0111\u1ec3 ch\u00fang t\u00f4i c\u00f3 th\u1ec3 th\u1ef1c hi\u1ec7n c\u00e1c h\u00e0nh \u0111\u1ed9ng th\u00edch h\u1ee3p.<\/p><p class=\"has-black-color has-text-color has-link-color\"><!-- \/wp:paragraph --> <!-- wp:paragraph {\"style\":{\"elements\":{\"link\":{\"color\":{\"text\":\"var:preset|color|black\"}}}},\"textColor\":\"black\"} --><\/p><p class=\"has-black-color has-text-color has-link-color\">\u200b<\/p><p class=\"has-black-color has-text-color has-link-color\"><!-- \/wp:paragraph --> <!-- wp:paragraph {\"style\":{\"elements\":{\"link\":{\"color\":{\"text\":\"var:preset|color|black\"}}}},\"textColor\":\"black\"} --><\/p><p class=\"has-black-color has-text-color has-link-color\">LI\u00caN H\u1ec6 NGAY<\/p><p class=\"has-black-color has-text-color has-link-color\"><!-- \/wp:paragraph --> <!-- wp:paragraph {\"style\":{\"elements\":{\"link\":{\"color\":{\"text\":\"var:preset|color|black\"}}}},\"textColor\":\"black\"} --><\/p><p class=\"has-black-color has-text-color has-link-color\">N\u1ebfu b\u1ea1n c\u00f3 b\u1ea5t k\u1ef3 c\u00e2u h\u1ecfi ho\u1eb7c th\u1eafc m\u1eafc n\u00e0o v\u1ec1 ch\u00ednh s\u00e1ch giao h\u00e0ng v\u00e0 v\u1eadn chuy\u1ec3n c\u1ee7a ch\u00fang t\u00f4i, vui l\u00f2ng kh\u00f4ng ng\u1ea7n ng\u1ea1i li\u00ean h\u1ec7 v\u1edbi ch\u00fang t\u00f4i theo \u0111\u1ecba ch\u1ec9<span style=\"color: #000000;\">\u00a0<a style=\"color: #000000;\" href=\"mailto:contact@eddiesdinersaigon.vn\">contact@eddiesdinersaigon.vn<\/a>.<\/span> We are committed to providing excellent service and ensuring that our customers are satisfied with their orders.<\/p><p class=\"has-black-color has-text-color has-link-color\"><!-- \/wp:paragraph --><\/p><p class=\"has-black-color has-text-color has-link-color wp-elements-e522cdf6963a6789c3bad5b9c1943e3d\"><!-- \/wp:paragraph --><\/p>\t\t\t\t\t\t\t\t<\/div>\n\t\t\t\t<\/div>\n\t\t\t\t<\/div>\n\t\t\t\t<\/div>","protected":false},"excerpt":{"rendered":"<p>SHIPPING &amp; DELIVERY POLICY At\u00a0https:\/\/eddiesdiner.vn\/, we offer delivery services to our customers. Here are some important details about our shipping and delivery policy: \u200b DELIVERY AREAS We offer delivery services to select areas within our delivery radius. Please check our<\/p>","protected":false},"author":4,"featured_media":0,"parent":0,"menu_order":0,"comment_status":"closed","ping_status":"closed","template":"elementor_header_footer","meta":{"_monsterinsights_skip_tracking":false,"_monsterinsights_sitenote_active":false,"_monsterinsights_sitenote_note":"","_monsterinsights_sitenote_category":0,"footnotes":""},"class_list":["post-21433","page","type-page","status-publish","hentry"],"yoast_head":"<!-- This site is optimized with the Yoast SEO plugin v27.4 - https:\/\/yoast.com\/product\/yoast-seo-wordpress\/ -->\n<title>Shipping &amp; Delivery Policy | Eddie&#039;s Diner - New York Deli &amp; Diner<\/title>\n<meta name=\"description\" content=\"Shipping &amp; Delivery Policy for our customers - who choose and trust in Eddie&#039;s for your breakfast, brunch, lunch and dinner!!\" \/>\n<meta name=\"robots\" content=\"index, follow, max-snippet:-1, max-image-preview:large, max-video-preview:-1\" \/>\n<link rel=\"canonical\" href=\"https:\/\/eddiesdiner.vn\/vi\/shipping-delivery-policy\/\" \/>\n<meta property=\"og:locale\" content=\"vi_VN\" \/>\n<meta property=\"og:type\" content=\"article\" \/>\n<meta property=\"og:title\" content=\"Shipping &amp; Delivery Policy | Eddie&#039;s Diner - New York Deli &amp; Diner\" \/>\n<meta property=\"og:description\" content=\"Shipping &amp; Delivery Policy for our customers - who choose and trust in Eddie&#039;s for your breakfast, brunch, lunch and dinner!!\" \/>\n<meta property=\"og:url\" content=\"https:\/\/eddiesdiner.vn\/vi\/shipping-delivery-policy\/\" \/>\n<meta property=\"og:site_name\" content=\"Eddie&#039;s Diner\" \/>\n<meta property=\"article:publisher\" content=\"https:\/\/www.facebook.com\/EddiesSaigon\/\" \/>\n<meta property=\"article:modified_time\" content=\"2026-03-11T12:31:40+00:00\" \/>\n<meta name=\"twitter:card\" content=\"summary_large_image\" \/>\n<meta name=\"twitter:label1\" content=\"\u01af\u1edbc t\u00ednh th\u1eddi gian \u0111\u1ecdc\" \/>\n\t<meta name=\"twitter:data1\" content=\"2 ph\u00fat\" \/>\n<script type=\"application\/ld+json\" class=\"yoast-schema-graph\">{\"@context\":\"https:\\\/\\\/schema.org\",\"@graph\":[{\"@type\":\"WebPage\",\"@id\":\"https:\\\/\\\/eddiesdiner.vn\\\/shipping-delivery-policy\\\/\",\"url\":\"https:\\\/\\\/eddiesdiner.vn\\\/shipping-delivery-policy\\\/\",\"name\":\"Shipping & Delivery Policy | Eddie&#039;s Diner - New York Deli & Diner\",\"isPartOf\":{\"@id\":\"https:\\\/\\\/eddiesdiner.vn\\\/#website\"},\"datePublished\":\"2025-07-29T11:19:51+00:00\",\"dateModified\":\"2026-03-11T12:31:40+00:00\",\"description\":\"Shipping & Delivery Policy for our customers - who choose and trust in Eddie's for your breakfast, brunch, lunch and dinner!!\",\"breadcrumb\":{\"@id\":\"https:\\\/\\\/eddiesdiner.vn\\\/shipping-delivery-policy\\\/#breadcrumb\"},\"inLanguage\":\"vi\",\"potentialAction\":[{\"@type\":\"ReadAction\",\"target\":[\"https:\\\/\\\/eddiesdiner.vn\\\/shipping-delivery-policy\\\/\"]}]},{\"@type\":\"BreadcrumbList\",\"@id\":\"https:\\\/\\\/eddiesdiner.vn\\\/shipping-delivery-policy\\\/#breadcrumb\",\"itemListElement\":[{\"@type\":\"ListItem\",\"position\":1,\"name\":\"Home\",\"item\":\"https:\\\/\\\/eddiesdiner.vn\\\/\"},{\"@type\":\"ListItem\",\"position\":2,\"name\":\"Shipping &#038; Delivery Policy\"}]},{\"@type\":\"WebSite\",\"@id\":\"https:\\\/\\\/eddiesdiner.vn\\\/#website\",\"url\":\"https:\\\/\\\/eddiesdiner.vn\\\/\",\"name\":\"Eddie's Diner\",\"description\":\"- New York Deli &amp; Diner\",\"alternateName\":\"Eddie's\",\"potentialAction\":[{\"@type\":\"SearchAction\",\"target\":{\"@type\":\"EntryPoint\",\"urlTemplate\":\"https:\\\/\\\/eddiesdiner.vn\\\/?s={search_term_string}\"},\"query-input\":{\"@type\":\"PropertyValueSpecification\",\"valueRequired\":true,\"valueName\":\"search_term_string\"}}],\"inLanguage\":\"vi\"}]}<\/script>\n<!-- \/ Yoast SEO plugin. -->","yoast_head_json":{"title":"Shipping & Delivery Policy | Eddie&#039;s Diner - New York Deli & Diner","description":"Shipping & Delivery Policy for our customers - who choose and trust in Eddie's for your breakfast, brunch, lunch and dinner!!","robots":{"index":"index","follow":"follow","max-snippet":"max-snippet:-1","max-image-preview":"max-image-preview:large","max-video-preview":"max-video-preview:-1"},"canonical":"https:\/\/eddiesdiner.vn\/vi\/shipping-delivery-policy\/","og_locale":"vi_VN","og_type":"article","og_title":"Shipping & Delivery Policy | Eddie&#039;s Diner - New York Deli & Diner","og_description":"Shipping & Delivery Policy for our customers - who choose and trust in Eddie's for your breakfast, brunch, lunch and dinner!!","og_url":"https:\/\/eddiesdiner.vn\/vi\/shipping-delivery-policy\/","og_site_name":"Eddie&#039;s Diner","article_publisher":"https:\/\/www.facebook.com\/EddiesSaigon\/","article_modified_time":"2026-03-11T12:31:40+00:00","twitter_card":"summary_large_image","twitter_misc":{"\u01af\u1edbc t\u00ednh th\u1eddi gian \u0111\u1ecdc":"2 ph\u00fat"},"schema":{"@context":"https:\/\/schema.org","@graph":[{"@type":"WebPage","@id":"https:\/\/eddiesdiner.vn\/shipping-delivery-policy\/","url":"https:\/\/eddiesdiner.vn\/shipping-delivery-policy\/","name":"Shipping & Delivery Policy | Eddie&#039;s Diner - New York Deli & Diner","isPartOf":{"@id":"https:\/\/eddiesdiner.vn\/#website"},"datePublished":"2025-07-29T11:19:51+00:00","dateModified":"2026-03-11T12:31:40+00:00","description":"Shipping & Delivery Policy for our customers - who choose and trust in Eddie's for your breakfast, brunch, lunch and dinner!!","breadcrumb":{"@id":"https:\/\/eddiesdiner.vn\/shipping-delivery-policy\/#breadcrumb"},"inLanguage":"vi","potentialAction":[{"@type":"ReadAction","target":["https:\/\/eddiesdiner.vn\/shipping-delivery-policy\/"]}]},{"@type":"BreadcrumbList","@id":"https:\/\/eddiesdiner.vn\/shipping-delivery-policy\/#breadcrumb","itemListElement":[{"@type":"ListItem","position":1,"name":"Home","item":"https:\/\/eddiesdiner.vn\/"},{"@type":"ListItem","position":2,"name":"Shipping &#038; Delivery Policy"}]},{"@type":"WebSite","@id":"https:\/\/eddiesdiner.vn\/#website","url":"https:\/\/eddiesdiner.vn\/","name":"Eddie's Diner","description":"- New York Deli &amp; Diner","alternateName":"Eddie's","potentialAction":[{"@type":"SearchAction","target":{"@type":"EntryPoint","urlTemplate":"https:\/\/eddiesdiner.vn\/?s={search_term_string}"},"query-input":{"@type":"PropertyValueSpecification","valueRequired":true,"valueName":"search_term_string"}}],"inLanguage":"vi"}]}},"rttpg_featured_image_url":null,"rttpg_author":{"display_name":"Eddie Diner","author_link":"https:\/\/eddiesdiner.vn\/vi\/author\/eddiesdinersaigon\/"},"rttpg_comment":0,"rttpg_category":null,"rttpg_excerpt":"SHIPPING &amp; DELIVERY POLICY At\u00a0https:\/\/eddiesdiner.vn\/, we offer delivery services to our customers. Here are some important details about our shipping and delivery policy: \u200b DELIVERY AREAS We offer delivery services to select areas within our delivery radius. Please check our","_links":{"self":[{"href":"https:\/\/eddiesdiner.vn\/vi\/wp-json\/wp\/v2\/pages\/21433","targetHints":{"allow":["GET"]}}],"collection":[{"href":"https:\/\/eddiesdiner.vn\/vi\/wp-json\/wp\/v2\/pages"}],"about":[{"href":"https:\/\/eddiesdiner.vn\/vi\/wp-json\/wp\/v2\/types\/page"}],"author":[{"embeddable":true,"href":"https:\/\/eddiesdiner.vn\/vi\/wp-json\/wp\/v2\/users\/4"}],"replies":[{"embeddable":true,"href":"https:\/\/eddiesdiner.vn\/vi\/wp-json\/wp\/v2\/comments?post=21433"}],"version-history":[{"count":12,"href":"https:\/\/eddiesdiner.vn\/vi\/wp-json\/wp\/v2\/pages\/21433\/revisions"}],"predecessor-version":[{"id":23158,"href":"https:\/\/eddiesdiner.vn\/vi\/wp-json\/wp\/v2\/pages\/21433\/revisions\/23158"}],"wp:attachment":[{"href":"https:\/\/eddiesdiner.vn\/vi\/wp-json\/wp\/v2\/media?parent=21433"}],"curies":[{"name":"wp","href":"https:\/\/api.w.org\/{rel}","templated":true}]}}