{"id":21259,"date":"2026-03-11T18:24:51","date_gmt":"2026-03-11T11:24:51","guid":{"rendered":"https:\/\/eddiesdiner.vn\/?page_id=21259"},"modified":"2026-03-11T18:35:09","modified_gmt":"2026-03-11T11:35:09","slug":"career","status":"publish","type":"page","link":"https:\/\/eddiesdiner.vn\/vi\/career\/","title":{"rendered":"Tuy\u1ec3n d\u1ee5ng"},"content":{"rendered":"<div data-elementor-type=\"wp-page\" data-elementor-id=\"21259\" class=\"elementor elementor-21259\">\n\t\t\t\t<div class=\"elementor-element elementor-element-2ec716f e-con-full e-flex wpr-particle-no wpr-jarallax-no wpr-parallax-no wpr-sticky-section-no wpr-equal-height-no e-con e-parent\" data-id=\"2ec716f\" data-element_type=\"container\" data-e-type=\"container\" data-settings=\"{&quot;background_background&quot;:&quot;classic&quot;}\">\n\t\t\t\t<\/div>\n\t\t<div class=\"elementor-element elementor-element-6085b27 e-flex e-con-boxed wpr-particle-no wpr-jarallax-no wpr-parallax-no wpr-sticky-section-no wpr-equal-height-no e-con e-parent\" data-id=\"6085b27\" data-element_type=\"container\" data-e-type=\"container\" data-settings=\"{&quot;background_background&quot;:&quot;classic&quot;}\">\n\t\t\t\t\t<div class=\"e-con-inner\">\n\t\t\t\t<div class=\"elementor-element elementor-element-1b97017 elementor-widget elementor-widget-heading\" data-id=\"1b97017\" data-element_type=\"widget\" data-e-type=\"widget\" data-widget_type=\"heading.default\">\n\t\t\t\t<div class=\"elementor-widget-container\">\n\t\t\t\t\t<h1 class=\"elementor-heading-title elementor-size-default\">Career Opportunities at Eddie's New York Deli &amp; Diner\u200b<\/h1>\t\t\t\t<\/div>\n\t\t\t\t<\/div>\n\t\t\t\t\t<\/div>\n\t\t\t\t<\/div>\n\t\t<div class=\"elementor-element elementor-element-3afafbb e-flex e-con-boxed wpr-particle-no wpr-jarallax-no wpr-parallax-no wpr-sticky-section-no wpr-equal-height-no e-con e-parent\" data-id=\"3afafbb\" data-element_type=\"container\" data-e-type=\"container\">\n\t\t\t\t\t<div class=\"e-con-inner\">\n\t\t<div class=\"elementor-element elementor-element-74cc832 e-con-full e-flex wpr-particle-no wpr-jarallax-no wpr-parallax-no wpr-sticky-section-no wpr-equal-height-no e-con e-child\" data-id=\"74cc832\" data-element_type=\"container\" data-e-type=\"container\">\n\t\t\t\t<div class=\"elementor-element elementor-element-33abe1e elementor-widget elementor-widget-video\" data-id=\"33abe1e\" data-element_type=\"widget\" data-e-type=\"widget\" data-settings=\"{&quot;youtube_url&quot;:&quot;https:\\\/\\\/youtu.be\\\/dB_rNMgT19Q&quot;,&quot;video_type&quot;:&quot;youtube&quot;,&quot;controls&quot;:&quot;yes&quot;}\" data-widget_type=\"video.default\">\n\t\t\t\t<div class=\"elementor-widget-container\">\n\t\t\t\t\t\t\t<div class=\"elementor-wrapper elementor-open-inline\">\n\t\t\t<div class=\"elementor-video\"><\/div>\t\t<\/div>\n\t\t\t\t\t\t<\/div>\n\t\t\t\t<\/div>\n\t\t\t\t<\/div>\n\t\t<div class=\"elementor-element elementor-element-e1267d2 e-con-full e-flex wpr-particle-no wpr-jarallax-no wpr-parallax-no wpr-sticky-section-no wpr-equal-height-no e-con e-child\" data-id=\"e1267d2\" data-element_type=\"container\" data-e-type=\"container\">\n\t\t\t\t<div class=\"elementor-element elementor-element-d9e2667 elementor-widget elementor-widget-heading\" data-id=\"d9e2667\" data-element_type=\"widget\" data-e-type=\"widget\" data-widget_type=\"heading.default\">\n\t\t\t\t<div class=\"elementor-widget-container\">\n\t\t\t\t\t<h2 class=\"elementor-heading-title elementor-size-default\">C\u01a1 h\u1ed9i ngh\u1ec1 nghi\u1ec7p<\/h2>\t\t\t\t<\/div>\n\t\t\t\t<\/div>\n\t\t\t\t<div class=\"elementor-element elementor-element-d31827d elementor-widget elementor-widget-heading\" data-id=\"d31827d\" data-element_type=\"widget\" data-e-type=\"widget\" data-widget_type=\"heading.default\">\n\t\t\t\t<div class=\"elementor-widget-container\">\n\t\t\t\t\t<p class=\"elementor-heading-title elementor-size-default\">H\u00c3Y L\u00c0 M\u1ed8T PH\u1ea6N C\u1ee6A EDDIE\u2019S<\/p>\t\t\t\t<\/div>\n\t\t\t\t<\/div>\n\t\t\t\t<div class=\"elementor-element elementor-element-c483d39 elementor-widget elementor-widget-text-editor\" data-id=\"c483d39\" data-element_type=\"widget\" data-e-type=\"widget\" data-widget_type=\"text-editor.default\">\n\t\t\t\t<div class=\"elementor-widget-container\">\n\t\t\t\t\t\t\t\t\t<div class=\"wpb_text_column wpb_content_element\"><div class=\"wpb_wrapper\"><p>Join our team at Eddie\u2019s! Are you on the lookout for a work environment that is fun, rewarding, and full of exciting challenges? Look no further! Eddie\u2019s constantly seeks talented, passionate, and outgoing individuals to join our team.<\/p><\/div><\/div><div class=\"vc_empty_space\">\u1ede Eddie's, ch\u00fang m\u00ecnh lu\u00f4n c\u1ed1 g\u1eafng chung tay t\u1ea1o ra m\u1ed9t m\u00f4i tr\u01b0\u1eddng l\u00e0m vi\u1ec7c vui v\u1ebb v\u00e0 th\u00e2n thi\u1ec7n, n\u01a1i m\u1ecdi ng\u01b0\u1eddi c\u00f3 th\u1ec3 th\u00e0nh ch\u00ednh b\u1ea3n th\u00e2n m\u00ecnh. Eddie's coi tr\u1ecdng t\u1eebng c\u00e1 t\u00ednh c\u1ee7a m\u1ed7i ng\u01b0\u1eddi v\u00e0 lu\u00f4n khuy\u1ebfn kh\u00edch c\u00e1c b\u1ea1n h\u00e3y l\u00e0 ch\u00ednh m\u00ecnh, h\u00e3y mang \u0111\u1ebfn Eddie's quan \u0111i\u1ec3m \u0111\u1ed9c \u0111\u00e1o c\u1ee7a b\u1ea1n \u0111\u1ec3 l\u00e0m gi\u00e0u m\u00e0u s\u1eafc v\u0103n h\u00f3a chung. Eddie's tin r\u1eb1ng khi m\u1ed9t nh\u00e2n vi\u00ean c\u1ea3m th\u1ea5y t\u1ef1 do \u0111\u1ec3 t\u1ecfa s\u00e1ng, \u0111\u00f3 l\u00e0 l\u00fac \u0111\u00f3ng g\u00f3p v\u00e0o vi\u1ec7c t\u1ea1o ra m\u1ed9t m\u00f4i tr\u01b0\u1eddng l\u00e0m vi\u1ec7c s\u1ed1ng \u0111\u1ed9ng v\u00e0 bao dung.<\/div><div class=\"wpb_text_column wpb_content_element\"><div class=\"wpb_wrapper\"><p>Join us at Eddie\u2019s and discover a work environment that challenges you and rewards your hard work and dedication.<\/p><p>If you\u2019re ready to embark on an exciting journey with us, we invite you to apply and become part of Eddie\u2019s family. Let\u2019s create unforgettable experiences together!<\/p><\/div><\/div>\t\t\t\t\t\t\t\t<\/div>\n\t\t\t\t<\/div>\n\t\t<div class=\"elementor-element elementor-element-3dfc530 e-con-full e-flex wpr-particle-no wpr-jarallax-no wpr-parallax-no wpr-sticky-section-no wpr-equal-height-no e-con e-child\" data-id=\"3dfc530\" data-element_type=\"container\" data-e-type=\"container\">\n\t\t\t\t<div class=\"elementor-element elementor-element-9a80f53 elementor-widget elementor-widget-text-editor\" data-id=\"9a80f53\" data-element_type=\"widget\" data-e-type=\"widget\" data-widget_type=\"text-editor.default\">\n\t\t\t\t<div class=\"elementor-widget-container\">\n\t\t\t\t\t\t\t\t\t<div class=\"wpb_column vc_column_container vc_col-sm-6\"><div class=\"vc_column-inner\"><div class=\"wpb_wrapper\"><div class=\"wpb_text_column wpb_content_element\"><div class=\"wpb_wrapper\"><p><strong><em>Hotline HR (Whatsapp\/Zalo\/Mess): 0389 789 989<\/em><\/strong><\/p><\/div><\/div><\/div><\/div><\/div>\t\t\t\t\t\t\t\t<\/div>\n\t\t\t\t<\/div>\n\t\t\t\t<div class=\"elementor-element elementor-element-0ca3121 elementor-widget elementor-widget-text-editor\" data-id=\"0ca3121\" data-element_type=\"widget\" data-e-type=\"widget\" data-widget_type=\"text-editor.default\">\n\t\t\t\t<div class=\"elementor-widget-container\">\n\t\t\t\t\t\t\t\t\t<p><strong><em><span class=\"wixui-rich-text__text\">Email:\u00a0<a class=\"wixui-rich-text__text\" href=\"mailto:hr@eddiesdinersaigon.com\" data-auto-recognition=\"true\">hr@eddiesdinersaigon.com<\/a><\/span><\/em><\/strong><\/p>\t\t\t\t\t\t\t\t<\/div>\n\t\t\t\t<\/div>\n\t\t\t\t<\/div>\n\t\t\t\t<\/div>\n\t\t\t\t\t<\/div>\n\t\t\t\t<\/div>\n\t\t<div class=\"elementor-element elementor-element-de6dc19 e-flex e-con-boxed wpr-particle-no wpr-jarallax-no wpr-parallax-no wpr-sticky-section-no wpr-equal-height-no e-con e-parent\" data-id=\"de6dc19\" data-element_type=\"container\" data-e-type=\"container\">\n\t\t\t\t\t<div class=\"e-con-inner\">\n\t\t<div class=\"elementor-element elementor-element-4c1c23f0 e-con-full e-flex wpr-particle-no wpr-jarallax-no wpr-parallax-no wpr-sticky-section-no wpr-equal-height-no e-con e-child\" data-id=\"4c1c23f0\" data-element_type=\"container\" data-e-type=\"container\">\n\t\t\t\t<div class=\"elementor-element elementor-element-4f0ff319 elementor-widget elementor-widget-heading\" data-id=\"4f0ff319\" data-element_type=\"widget\" data-e-type=\"widget\" data-widget_type=\"heading.default\">\n\t\t\t\t<div class=\"elementor-widget-container\">\n\t\t\t\t\t<p class=\"elementor-heading-title elementor-size-default\">CH\u00daNG T\u00d4I \u0110ANG T\u00ccM KI\u1ebeM<\/p>\t\t\t\t<\/div>\n\t\t\t\t<\/div>\n\t\t\t\t<\/div>\n\t\t<div class=\"elementor-element elementor-element-2abf3f6f e-con-full e-flex wpr-particle-no wpr-jarallax-no wpr-parallax-no wpr-sticky-section-no wpr-equal-height-no e-con e-child\" data-id=\"2abf3f6f\" data-element_type=\"container\" data-e-type=\"container\">\n\t\t<div class=\"elementor-element elementor-element-e8cecd8 e-con-full e-flex wpr-particle-no wpr-jarallax-no wpr-parallax-no wpr-sticky-section-no wpr-equal-height-no e-con e-child\" data-id=\"e8cecd8\" data-element_type=\"container\" data-e-type=\"container\">\n\t\t\t\t<div class=\"elementor-element elementor-element-48e51da3 elementor-widget elementor-widget-image\" data-id=\"48e51da3\" data-element_type=\"widget\" data-e-type=\"widget\" data-widget_type=\"image.default\">\n\t\t\t\t<div class=\"elementor-widget-container\">\n\t\t\t\t\t\t\t\t\t\t\t\t\t\t\t<img fetchpriority=\"high\" decoding=\"async\" width=\"768\" height=\"1024\" src=\"https:\/\/eddiesdiner.vn\/wp-content\/uploads\/2024\/06\/Service-768x1024.jpg\" class=\"attachment-large size-large wp-image-16035\" alt=\"Eddie&#039;s Team\" srcset=\"https:\/\/eddiesdiner.vn\/wp-content\/uploads\/2024\/06\/Service-768x1024.jpg 768w, https:\/\/eddiesdiner.vn\/wp-content\/uploads\/2024\/06\/Service-225x300.jpg 225w, https:\/\/eddiesdiner.vn\/wp-content\/uploads\/2024\/06\/Service-1152x1536.jpg 1152w, https:\/\/eddiesdiner.vn\/wp-content\/uploads\/2024\/06\/Service-600x800.jpg 600w, https:\/\/eddiesdiner.vn\/wp-content\/uploads\/2024\/06\/Service.jpg 1200w\" sizes=\"(max-width: 768px) 100vw, 768px\" \/>\t\t\t\t\t\t\t\t\t\t\t\t\t\t\t<\/div>\n\t\t\t\t<\/div>\n\t\t\t\t<div class=\"elementor-element elementor-element-33947b25 elementor-widget elementor-widget-heading\" data-id=\"33947b25\" data-element_type=\"widget\" data-e-type=\"widget\" data-widget_type=\"heading.default\">\n\t\t\t\t<div class=\"elementor-widget-container\">\n\t\t\t\t\t<h3 class=\"elementor-heading-title elementor-size-default\"><a href=\"https:\/\/eddiesdiner.vn\/vi\/career\/service\/\">B\u1ed8 PH\u1eacN TI\u1ec0N S\u1ea2NH<\/a><\/h3>\t\t\t\t<\/div>\n\t\t\t\t<\/div>\n\t\t\t\t<\/div>\n\t\t<div class=\"elementor-element elementor-element-250dc1d e-con-full e-flex wpr-particle-no wpr-jarallax-no wpr-parallax-no wpr-sticky-section-no wpr-equal-height-no e-con e-child\" data-id=\"250dc1d\" data-element_type=\"container\" data-e-type=\"container\">\n\t\t\t\t<div class=\"elementor-element elementor-element-ff8ea10 elementor-widget elementor-widget-image\" data-id=\"ff8ea10\" data-element_type=\"widget\" data-e-type=\"widget\" data-widget_type=\"image.default\">\n\t\t\t\t<div class=\"elementor-widget-container\">\n\t\t\t\t\t\t\t\t\t\t\t\t\t\t\t<img decoding=\"async\" width=\"640\" height=\"480\" src=\"https:\/\/eddiesdiner.vn\/wp-content\/uploads\/2024\/06\/IMG_2989.jpg\" class=\"attachment-large size-large wp-image-16036\" alt=\"Eddie&#039;s Team\" srcset=\"https:\/\/eddiesdiner.vn\/wp-content\/uploads\/2024\/06\/IMG_2989.jpg 640w, https:\/\/eddiesdiner.vn\/wp-content\/uploads\/2024\/06\/IMG_2989-300x225.jpg 300w, https:\/\/eddiesdiner.vn\/wp-content\/uploads\/2024\/06\/IMG_2989-600x450.jpg 600w\" sizes=\"(max-width: 640px) 100vw, 640px\" \/>\t\t\t\t\t\t\t\t\t\t\t\t\t\t\t<\/div>\n\t\t\t\t<\/div>\n\t\t\t\t<div class=\"elementor-element elementor-element-f0ce1e5 elementor-widget elementor-widget-heading\" data-id=\"f0ce1e5\" data-element_type=\"widget\" data-e-type=\"widget\" data-widget_type=\"heading.default\">\n\t\t\t\t<div class=\"elementor-widget-container\">\n\t\t\t\t\t<h3 class=\"elementor-heading-title elementor-size-default\"><a href=\"https:\/\/eddiesdiner.vn\/vi\/career\/kitchen\/\">B\u1ed8 PH\u1eacN B\u1ebeP<\/a><\/h3>\t\t\t\t<\/div>\n\t\t\t\t<\/div>\n\t\t\t\t<\/div>\n\t\t<div class=\"elementor-element elementor-element-f409f2d e-con-full e-flex wpr-particle-no wpr-jarallax-no wpr-parallax-no wpr-sticky-section-no wpr-equal-height-no e-con e-child\" data-id=\"f409f2d\" data-element_type=\"container\" data-e-type=\"container\">\n\t\t\t\t<div class=\"elementor-element elementor-element-93e00f6 elementor-widget elementor-widget-image\" data-id=\"93e00f6\" data-element_type=\"widget\" data-e-type=\"widget\" data-widget_type=\"image.default\">\n\t\t\t\t<div class=\"elementor-widget-container\">\n\t\t\t\t\t\t\t\t\t\t\t\t\t\t\t<img decoding=\"async\" width=\"681\" height=\"1024\" src=\"https:\/\/eddiesdiner.vn\/wp-content\/uploads\/2024\/06\/WhatsApp-Image-2024-06-20-at-18.13.06-681x1024.jpeg\" class=\"attachment-large size-large wp-image-16037\" alt=\"Ch\u1ecb H\u1eb1ng\" srcset=\"https:\/\/eddiesdiner.vn\/wp-content\/uploads\/2024\/06\/WhatsApp-Image-2024-06-20-at-18.13.06-681x1024.jpeg 681w, https:\/\/eddiesdiner.vn\/wp-content\/uploads\/2024\/06\/WhatsApp-Image-2024-06-20-at-18.13.06-200x300.jpeg 200w, https:\/\/eddiesdiner.vn\/wp-content\/uploads\/2024\/06\/WhatsApp-Image-2024-06-20-at-18.13.06-768x1155.jpeg 768w, https:\/\/eddiesdiner.vn\/wp-content\/uploads\/2024\/06\/WhatsApp-Image-2024-06-20-at-18.13.06-1021x1536.jpeg 1021w, https:\/\/eddiesdiner.vn\/wp-content\/uploads\/2024\/06\/WhatsApp-Image-2024-06-20-at-18.13.06-600x902.jpeg 600w, https:\/\/eddiesdiner.vn\/wp-content\/uploads\/2024\/06\/WhatsApp-Image-2024-06-20-at-18.13.06.jpeg 1064w\" sizes=\"(max-width: 681px) 100vw, 681px\" \/>\t\t\t\t\t\t\t\t\t\t\t\t\t\t\t<\/div>\n\t\t\t\t<\/div>\n\t\t\t\t<div class=\"elementor-element elementor-element-ed8c9f1 elementor-widget elementor-widget-heading\" data-id=\"ed8c9f1\" data-element_type=\"widget\" data-e-type=\"widget\" data-widget_type=\"heading.default\">\n\t\t\t\t<div class=\"elementor-widget-container\">\n\t\t\t\t\t<h3 class=\"elementor-heading-title elementor-size-default\"><a href=\"https:\/\/eddiesdiner.vn\/vi\/career\/management\/\">B\u1ed8 PH\u1eacN V\u1eacN H\u00c0NH<\/a><\/h3>\t\t\t\t<\/div>\n\t\t\t\t<\/div>\n\t\t\t\t<\/div>\n\t\t\t\t<\/div>\n\t\t\t\t\t<\/div>\n\t\t\t\t<\/div>\n\t\t\t\t<\/div>","protected":false},"excerpt":{"rendered":"<p>Career Opportunities at Eddie&#8217;s New York Deli &amp; Diner\u200b Career Opportunities JOIN THE EDDIE&#8217;S TEAM Join our team at Eddie\u2019s! Are you on the lookout for a work environment that is fun, rewarding, and full of exciting challenges? Look no<\/p>","protected":false},"author":6,"featured_media":0,"parent":0,"menu_order":0,"comment_status":"closed","ping_status":"closed","template":"elementor_header_footer","meta":{"_monsterinsights_skip_tracking":false,"_monsterinsights_sitenote_active":false,"_monsterinsights_sitenote_note":"","_monsterinsights_sitenote_category":0,"footnotes":""},"class_list":["post-21259","page","type-page","status-publish","hentry"],"yoast_head":"<!-- This site is optimized with the Yoast SEO plugin v27.4 - https:\/\/yoast.com\/product\/yoast-seo-wordpress\/ -->\n<title>Eddie&#039;s Career | Eddie&#039;s Diner - New York Deli &amp; Diner<\/title>\n<meta name=\"description\" content=\"Are you on the lookout for a work environment that is fun, rewarding, and full of exciting challenges? Look no further! Join our team at Eddie\u2019s!\" \/>\n<meta name=\"robots\" content=\"index, follow, max-snippet:-1, max-image-preview:large, max-video-preview:-1\" \/>\n<link rel=\"canonical\" href=\"https:\/\/eddiesdiner.vn\/vi\/career\/\" \/>\n<meta property=\"og:locale\" content=\"vi_VN\" \/>\n<meta property=\"og:type\" content=\"article\" \/>\n<meta property=\"og:title\" content=\"Eddie&#039;s Career | Eddie&#039;s Diner - New York Deli &amp; Diner\" \/>\n<meta property=\"og:description\" content=\"Are you on the lookout for a work environment that is fun, rewarding, and full of exciting challenges? Look no further! Join our team at Eddie\u2019s!\" \/>\n<meta property=\"og:url\" content=\"https:\/\/eddiesdiner.vn\/vi\/career\/\" \/>\n<meta property=\"og:site_name\" content=\"Eddie&#039;s Diner\" \/>\n<meta property=\"article:publisher\" content=\"https:\/\/www.facebook.com\/EddiesSaigon\/\" \/>\n<meta property=\"article:modified_time\" content=\"2026-03-11T11:35:09+00:00\" \/>\n<meta property=\"og:image\" content=\"https:\/\/eddiesdiner.vn\/wp-content\/uploads\/2024\/06\/Service.jpg\" \/>\n\t<meta property=\"og:image:width\" content=\"1200\" \/>\n\t<meta property=\"og:image:height\" content=\"1600\" \/>\n\t<meta property=\"og:image:type\" content=\"image\/jpeg\" \/>\n<meta name=\"twitter:card\" content=\"summary_large_image\" \/>\n<meta name=\"twitter:label1\" content=\"\u01af\u1edbc t\u00ednh th\u1eddi gian \u0111\u1ecdc\" \/>\n\t<meta name=\"twitter:data1\" content=\"2 ph\u00fat\" \/>\n<script type=\"application\/ld+json\" class=\"yoast-schema-graph\">{\"@context\":\"https:\\\/\\\/schema.org\",\"@graph\":[{\"@type\":\"WebPage\",\"@id\":\"https:\\\/\\\/eddiesdiner.vn\\\/career\\\/\",\"url\":\"https:\\\/\\\/eddiesdiner.vn\\\/career\\\/\",\"name\":\"Eddie's Career | Eddie&#039;s Diner - New York Deli & Diner\",\"isPartOf\":{\"@id\":\"https:\\\/\\\/eddiesdiner.vn\\\/#website\"},\"primaryImageOfPage\":{\"@id\":\"https:\\\/\\\/eddiesdiner.vn\\\/career\\\/#primaryimage\"},\"image\":{\"@id\":\"https:\\\/\\\/eddiesdiner.vn\\\/career\\\/#primaryimage\"},\"thumbnailUrl\":\"https:\\\/\\\/eddiesdiner.vn\\\/wp-content\\\/uploads\\\/2024\\\/06\\\/Service-768x1024.jpg\",\"datePublished\":\"2026-03-11T11:24:51+00:00\",\"dateModified\":\"2026-03-11T11:35:09+00:00\",\"description\":\"Are you on the lookout for a work environment that is fun, rewarding, and full of exciting challenges? Look no further! Join our team at Eddie\u2019s!\",\"breadcrumb\":{\"@id\":\"https:\\\/\\\/eddiesdiner.vn\\\/career\\\/#breadcrumb\"},\"inLanguage\":\"vi\",\"potentialAction\":[{\"@type\":\"ReadAction\",\"target\":[\"https:\\\/\\\/eddiesdiner.vn\\\/career\\\/\"]}]},{\"@type\":\"ImageObject\",\"inLanguage\":\"vi\",\"@id\":\"https:\\\/\\\/eddiesdiner.vn\\\/career\\\/#primaryimage\",\"url\":\"https:\\\/\\\/eddiesdiner.vn\\\/wp-content\\\/uploads\\\/2024\\\/06\\\/Service-768x1024.jpg\",\"contentUrl\":\"https:\\\/\\\/eddiesdiner.vn\\\/wp-content\\\/uploads\\\/2024\\\/06\\\/Service-768x1024.jpg\"},{\"@type\":\"BreadcrumbList\",\"@id\":\"https:\\\/\\\/eddiesdiner.vn\\\/career\\\/#breadcrumb\",\"itemListElement\":[{\"@type\":\"ListItem\",\"position\":1,\"name\":\"Home\",\"item\":\"https:\\\/\\\/eddiesdiner.vn\\\/\"},{\"@type\":\"ListItem\",\"position\":2,\"name\":\"Career\"}]},{\"@type\":\"WebSite\",\"@id\":\"https:\\\/\\\/eddiesdiner.vn\\\/#website\",\"url\":\"https:\\\/\\\/eddiesdiner.vn\\\/\",\"name\":\"Eddie's Diner\",\"description\":\"- New York Deli &amp; Diner\",\"alternateName\":\"Eddie's\",\"potentialAction\":[{\"@type\":\"SearchAction\",\"target\":{\"@type\":\"EntryPoint\",\"urlTemplate\":\"https:\\\/\\\/eddiesdiner.vn\\\/?s={search_term_string}\"},\"query-input\":{\"@type\":\"PropertyValueSpecification\",\"valueRequired\":true,\"valueName\":\"search_term_string\"}}],\"inLanguage\":\"vi\"}]}<\/script>\n<!-- \/ Yoast SEO plugin. -->","yoast_head_json":{"title":"Eddie's Career | Eddie&#039;s Diner - New York Deli & Diner","description":"Are you on the lookout for a work environment that is fun, rewarding, and full of exciting challenges? Look no further! Join our team at Eddie\u2019s!","robots":{"index":"index","follow":"follow","max-snippet":"max-snippet:-1","max-image-preview":"max-image-preview:large","max-video-preview":"max-video-preview:-1"},"canonical":"https:\/\/eddiesdiner.vn\/vi\/career\/","og_locale":"vi_VN","og_type":"article","og_title":"Eddie's Career | Eddie&#039;s Diner - New York Deli & Diner","og_description":"Are you on the lookout for a work environment that is fun, rewarding, and full of exciting challenges? Look no further! Join our team at Eddie\u2019s!","og_url":"https:\/\/eddiesdiner.vn\/vi\/career\/","og_site_name":"Eddie&#039;s Diner","article_publisher":"https:\/\/www.facebook.com\/EddiesSaigon\/","article_modified_time":"2026-03-11T11:35:09+00:00","og_image":[{"width":1200,"height":1600,"url":"https:\/\/eddiesdiner.vn\/wp-content\/uploads\/2024\/06\/Service.jpg","type":"image\/jpeg"}],"twitter_card":"summary_large_image","twitter_misc":{"\u01af\u1edbc t\u00ednh th\u1eddi gian \u0111\u1ecdc":"2 ph\u00fat"},"schema":{"@context":"https:\/\/schema.org","@graph":[{"@type":"WebPage","@id":"https:\/\/eddiesdiner.vn\/career\/","url":"https:\/\/eddiesdiner.vn\/career\/","name":"Eddie's Career | Eddie&#039;s Diner - New York Deli & Diner","isPartOf":{"@id":"https:\/\/eddiesdiner.vn\/#website"},"primaryImageOfPage":{"@id":"https:\/\/eddiesdiner.vn\/career\/#primaryimage"},"image":{"@id":"https:\/\/eddiesdiner.vn\/career\/#primaryimage"},"thumbnailUrl":"https:\/\/eddiesdiner.vn\/wp-content\/uploads\/2024\/06\/Service-768x1024.jpg","datePublished":"2026-03-11T11:24:51+00:00","dateModified":"2026-03-11T11:35:09+00:00","description":"Are you on the lookout for a work environment that is fun, rewarding, and full of exciting challenges? Look no further! Join our team at Eddie\u2019s!","breadcrumb":{"@id":"https:\/\/eddiesdiner.vn\/career\/#breadcrumb"},"inLanguage":"vi","potentialAction":[{"@type":"ReadAction","target":["https:\/\/eddiesdiner.vn\/career\/"]}]},{"@type":"ImageObject","inLanguage":"vi","@id":"https:\/\/eddiesdiner.vn\/career\/#primaryimage","url":"https:\/\/eddiesdiner.vn\/wp-content\/uploads\/2024\/06\/Service-768x1024.jpg","contentUrl":"https:\/\/eddiesdiner.vn\/wp-content\/uploads\/2024\/06\/Service-768x1024.jpg"},{"@type":"BreadcrumbList","@id":"https:\/\/eddiesdiner.vn\/career\/#breadcrumb","itemListElement":[{"@type":"ListItem","position":1,"name":"Home","item":"https:\/\/eddiesdiner.vn\/"},{"@type":"ListItem","position":2,"name":"Career"}]},{"@type":"WebSite","@id":"https:\/\/eddiesdiner.vn\/#website","url":"https:\/\/eddiesdiner.vn\/","name":"Eddie's Diner","description":"- New York Deli &amp; Diner","alternateName":"Eddie's","potentialAction":[{"@type":"SearchAction","target":{"@type":"EntryPoint","urlTemplate":"https:\/\/eddiesdiner.vn\/?s={search_term_string}"},"query-input":{"@type":"PropertyValueSpecification","valueRequired":true,"valueName":"search_term_string"}}],"inLanguage":"vi"}]}},"rttpg_featured_image_url":null,"rttpg_author":{"display_name":"Eddies Deli","author_link":"https:\/\/eddiesdiner.vn\/vi\/author\/eddiesdelisaigon\/"},"rttpg_comment":0,"rttpg_category":null,"rttpg_excerpt":"Career Opportunities at Eddie&#8217;s New York Deli &amp; Diner\u200b Career Opportunities JOIN THE EDDIE&#8217;S TEAM Join our team at Eddie\u2019s! Are you on the lookout for a work environment that is fun, rewarding, and full of exciting challenges? Look no","_links":{"self":[{"href":"https:\/\/eddiesdiner.vn\/vi\/wp-json\/wp\/v2\/pages\/21259","targetHints":{"allow":["GET"]}}],"collection":[{"href":"https:\/\/eddiesdiner.vn\/vi\/wp-json\/wp\/v2\/pages"}],"about":[{"href":"https:\/\/eddiesdiner.vn\/vi\/wp-json\/wp\/v2\/types\/page"}],"author":[{"embeddable":true,"href":"https:\/\/eddiesdiner.vn\/vi\/wp-json\/wp\/v2\/users\/6"}],"replies":[{"embeddable":true,"href":"https:\/\/eddiesdiner.vn\/vi\/wp-json\/wp\/v2\/comments?post=21259"}],"version-history":[{"count":13,"href":"https:\/\/eddiesdiner.vn\/vi\/wp-json\/wp\/v2\/pages\/21259\/revisions"}],"predecessor-version":[{"id":23095,"href":"https:\/\/eddiesdiner.vn\/vi\/wp-json\/wp\/v2\/pages\/21259\/revisions\/23095"}],"wp:attachment":[{"href":"https:\/\/eddiesdiner.vn\/vi\/wp-json\/wp\/v2\/media?parent=21259"}],"curies":[{"name":"wp","href":"https:\/\/api.w.org\/{rel}","templated":true}]}}