{"id":21092,"date":"2026-03-10T17:56:29","date_gmt":"2026-03-10T10:56:29","guid":{"rendered":"https:\/\/eddiesdiner.vn\/?page_id=21092"},"modified":"2026-03-10T19:28:38","modified_gmt":"2026-03-10T12:28:38","slug":"kids","status":"publish","type":"page","link":"https:\/\/eddiesdiner.vn\/vi\/menu\/kids\/","title":{"rendered":"Kid&#8217;s"},"content":{"rendered":"<div data-elementor-type=\"wp-page\" data-elementor-id=\"21092\" class=\"elementor elementor-21092\">\n\t\t\t\t<div class=\"elementor-element elementor-element-1c2f2ff e-con-full e-flex wpr-particle-no wpr-jarallax-no wpr-parallax-no wpr-sticky-section-no wpr-equal-height-no e-con e-parent\" data-id=\"1c2f2ff\" data-element_type=\"container\" data-e-type=\"container\" data-settings=\"{&quot;background_background&quot;:&quot;classic&quot;}\">\n\t\t\t\t<\/div>\n\t\t<div class=\"elementor-element elementor-element-1097a8d e-con-full e-flex wpr-particle-no wpr-jarallax-no wpr-parallax-no wpr-sticky-section-no wpr-equal-height-no e-con e-parent\" data-id=\"1097a8d\" data-element_type=\"container\" data-e-type=\"container\" data-settings=\"{&quot;background_background&quot;:&quot;classic&quot;}\">\n\t\t<div class=\"elementor-element elementor-element-cf09fdb e-con-full e-flex wpr-particle-no wpr-jarallax-no wpr-parallax-no wpr-sticky-section-no wpr-equal-height-no e-con e-child\" data-id=\"cf09fdb\" data-element_type=\"container\" data-e-type=\"container\" data-settings=\"{&quot;background_background&quot;:&quot;classic&quot;}\">\n\t\t<div class=\"elementor-element elementor-element-76293c7 e-con-full e-flex wpr-particle-no wpr-jarallax-no wpr-parallax-no wpr-sticky-section-no wpr-equal-height-no e-con e-child\" data-id=\"76293c7\" data-element_type=\"container\" data-e-type=\"container\">\n\t\t\t\t<div class=\"elementor-element elementor-element-1d728b3 elementor-widget elementor-widget-heading\" data-id=\"1d728b3\" data-element_type=\"widget\" data-e-type=\"widget\" data-widget_type=\"heading.default\">\n\t\t\t\t<div class=\"elementor-widget-container\">\n\t\t\t\t\t<h2 class=\"elementor-heading-title elementor-size-default\">Ch\u00e0o m\u1eebng \u0111\u1ebfn v\u1edbi Eddie's, n\u01a1i c\u00e1c b\u1ea1n nh\u1ecf l\u00ean ng\u00f4i!<\/h2>\t\t\t\t<\/div>\n\t\t\t\t<\/div>\n\t\t\t\t<div class=\"elementor-element elementor-element-7982ef4 elementor-widget elementor-widget-heading\" data-id=\"7982ef4\" data-element_type=\"widget\" data-e-type=\"widget\" data-widget_type=\"heading.default\">\n\t\t\t\t<div class=\"elementor-widget-container\">\n\t\t\t\t\t<h2 class=\"elementor-heading-title elementor-size-default\">A special menu<\/h2>\t\t\t\t<\/div>\n\t\t\t\t<\/div>\n\t\t\t\t<div class=\"elementor-element elementor-element-e62e55f elementor-widget__width-inherit elementor-widget elementor-widget-text-editor\" data-id=\"e62e55f\" data-element_type=\"widget\" data-e-type=\"widget\" data-widget_type=\"text-editor.default\">\n\t\t\t\t<div class=\"elementor-widget-container\">\n\t\t\t\t\t\t\t\t\t<div class=\"wpb_text_column wpb_content_element\"><div class=\"wpb_wrapper\"><p>JUST FOR OUR LITTLE FOODIES WHO ADORE EDDIE&#8217;S RESTAURANT<\/p><\/div><\/div>\t\t\t\t\t\t\t\t<\/div>\n\t\t\t\t<\/div>\n\t\t\t\t<div class=\"elementor-element elementor-element-d29c09f elementor-widget__width-inherit elementor-widget elementor-widget-text-editor\" data-id=\"d29c09f\" data-element_type=\"widget\" data-e-type=\"widget\" data-widget_type=\"text-editor.default\">\n\t\t\t\t<div class=\"elementor-widget-container\">\n\t\t\t\t\t\t\t\t\t<div class=\"wpb_text_column wpb_content_element\"><div class=\"wpb_wrapper\"><p>T\u1eeb 10 tu\u1ed5i tr\u1edf xu\u1ed1ng<\/p><\/div><\/div>\t\t\t\t\t\t\t\t<\/div>\n\t\t\t\t<\/div>\n\t\t\t\t<\/div>\n\t\t<div class=\"elementor-element elementor-element-2329065 e-con-full e-flex wpr-particle-no wpr-jarallax-no wpr-parallax-no wpr-sticky-section-no wpr-equal-height-no e-con e-child\" data-id=\"2329065\" data-element_type=\"container\" data-e-type=\"container\">\n\t\t<div class=\"elementor-element elementor-element-d5c6a5b e-con-full e-flex wpr-particle-no wpr-jarallax-no wpr-parallax-no wpr-sticky-section-no wpr-equal-height-no e-con e-child\" data-id=\"d5c6a5b\" data-element_type=\"container\" data-e-type=\"container\">\n\t\t\t\t<div class=\"elementor-element elementor-element-226a317 elementor-widget__width-inherit elementor-widget elementor-widget-text-editor\" data-id=\"226a317\" data-element_type=\"widget\" data-e-type=\"widget\" data-widget_type=\"text-editor.default\">\n\t\t\t\t<div class=\"elementor-widget-container\">\n\t\t\t\t\t\t\t\t\t<p>Ch\u1ec9 99k cho m\u1ed7i set!<\/p>\t\t\t\t\t\t\t\t<\/div>\n\t\t\t\t<\/div>\n\t\t\t\t<div class=\"elementor-element elementor-element-1471612 elementor-widget elementor-widget-heading\" data-id=\"1471612\" data-element_type=\"widget\" data-e-type=\"widget\" data-widget_type=\"heading.default\">\n\t\t\t\t<div class=\"elementor-widget-container\">\n\t\t\t\t\t<h3 class=\"elementor-heading-title elementor-size-default\">BURGER B\u00d2 &amp; KHOAI T\u00c2Y CHI\u00caN<\/h3>\t\t\t\t<\/div>\n\t\t\t\t<\/div>\n\t\t\t\t<div class=\"elementor-element elementor-element-55b9cb4 elementor-widget__width-inherit elementor-widget elementor-widget-text-editor\" data-id=\"55b9cb4\" data-element_type=\"widget\" data-e-type=\"widget\" data-widget_type=\"text-editor.default\">\n\t\t\t\t<div class=\"elementor-widget-container\">\n\t\t\t\t\t\t\t\t\t<p>TH\u00caM PH\u00d4 MAI + 10K<\/p>\t\t\t\t\t\t\t\t<\/div>\n\t\t\t\t<\/div>\n\t\t\t\t<div class=\"elementor-element elementor-element-f33341b elementor-widget elementor-widget-heading\" data-id=\"f33341b\" data-element_type=\"widget\" data-e-type=\"widget\" data-widget_type=\"heading.default\">\n\t\t\t\t<div class=\"elementor-widget-container\">\n\t\t\t\t\t<h3 class=\"elementor-heading-title elementor-size-default\">HOT DOG B\u00d2 &amp; KHOAI T\u00c2Y CHI\u00caN<\/h3>\t\t\t\t<\/div>\n\t\t\t\t<\/div>\n\t\t\t\t<div class=\"elementor-element elementor-element-75abff2 elementor-widget__width-inherit elementor-widget elementor-widget-text-editor\" data-id=\"75abff2\" data-element_type=\"widget\" data-e-type=\"widget\" data-widget_type=\"text-editor.default\">\n\t\t\t\t<div class=\"elementor-widget-container\">\n\t\t\t\t\t\t\t\t\t<p>TH\u00caM PH\u00d4 MAI + 10K<\/p>\t\t\t\t\t\t\t\t<\/div>\n\t\t\t\t<\/div>\n\t\t\t\t<div class=\"elementor-element elementor-element-a86af07 elementor-widget elementor-widget-heading\" data-id=\"a86af07\" data-element_type=\"widget\" data-e-type=\"widget\" data-widget_type=\"heading.default\">\n\t\t\t\t<div class=\"elementor-widget-container\">\n\t\t\t\t\t<h3 class=\"elementor-heading-title elementor-size-default\">G\u00c0 VI\u00caN CHI\u00caN &amp; PH\u00d4 MAI CHI\u00caN<\/h3>\t\t\t\t<\/div>\n\t\t\t\t<\/div>\n\t\t\t\t<div class=\"elementor-element elementor-element-122d949 elementor-widget elementor-widget-heading\" data-id=\"122d949\" data-element_type=\"widget\" data-e-type=\"widget\" data-widget_type=\"heading.default\">\n\t\t\t\t<div class=\"elementor-widget-container\">\n\t\t\t\t\t<h3 class=\"elementor-heading-title elementor-size-default\">SANDWICH PH\u00d4 MAI &amp; KHOAI T\u00c2Y CHI\u00caN<\/h3>\t\t\t\t<\/div>\n\t\t\t\t<\/div>\n\t\t\t\t<div class=\"elementor-element elementor-element-a75a0f3 elementor-widget elementor-widget-heading\" data-id=\"a75a0f3\" data-element_type=\"widget\" data-e-type=\"widget\" data-widget_type=\"heading.default\">\n\t\t\t\t<div class=\"elementor-widget-container\">\n\t\t\t\t\t<h3 class=\"elementor-heading-title elementor-size-default\">NUI PH\u00d4 MAI &amp; KHOAI T\u00c2Y CHI\u00caN<\/h3>\t\t\t\t<\/div>\n\t\t\t\t<\/div>\n\t\t\t\t<div class=\"elementor-element elementor-element-15ecc80 elementor-widget elementor-widget-heading\" data-id=\"15ecc80\" data-element_type=\"widget\" data-e-type=\"widget\" data-widget_type=\"heading.default\">\n\t\t\t\t<div class=\"elementor-widget-container\">\n\t\t\t\t\t<h3 class=\"elementor-heading-title elementor-size-default\">B\u1eeeA S\u00c1NG CHO B\u00c9<\/h3>\t\t\t\t<\/div>\n\t\t\t\t<\/div>\n\t\t\t\t<div class=\"elementor-element elementor-element-ba89c23 elementor-widget__width-inherit elementor-widget elementor-widget-text-editor\" data-id=\"ba89c23\" data-element_type=\"widget\" data-e-type=\"widget\" data-widget_type=\"text-editor.default\">\n\t\t\t\t<div class=\"elementor-widget-container\">\n\t\t\t\t\t\t\t\t\t<p>M\u1ed8T B\u00c1NH K\u1ebeP, 1 TH\u1ecaT X\u00d4NG KH\u00d3I, 1 TR\u1ee8NG L\u00c0M THEO Y\u00caU C\u1ea6U<\/p>\t\t\t\t\t\t\t\t<\/div>\n\t\t\t\t<\/div>\n\t\t\t\t<\/div>\n\t\t<div class=\"elementor-element elementor-element-ab49d19 e-con-full e-flex wpr-particle-no wpr-jarallax-no wpr-parallax-no wpr-sticky-section-no wpr-equal-height-no e-con e-child\" data-id=\"ab49d19\" data-element_type=\"container\" data-e-type=\"container\">\n\t\t<div class=\"elementor-element elementor-element-5028842 e-con-full e-flex wpr-particle-no wpr-jarallax-no wpr-parallax-no wpr-sticky-section-no wpr-equal-height-no e-con e-child\" data-id=\"5028842\" data-element_type=\"container\" data-e-type=\"container\">\n\t\t\t\t<div class=\"elementor-element elementor-element-a9db9d4 elementor-widget-mobile__width-initial elementor-widget elementor-widget-image\" data-id=\"a9db9d4\" data-element_type=\"widget\" data-e-type=\"widget\" data-widget_type=\"image.default\">\n\t\t\t\t<div class=\"elementor-widget-container\">\n\t\t\t\t\t\t\t\t\t\t\t\t\t\t\t<img decoding=\"async\" width=\"150\" height=\"150\" src=\"https:\/\/eddiesdiner.vn\/wp-content\/uploads\/2024\/07\/ks2-150x150.jpg\" class=\"attachment-thumbnail size-thumbnail wp-image-17224\" alt=\"Oreo Cookies &amp; Cream Milkshake\" srcset=\"https:\/\/eddiesdiner.vn\/wp-content\/uploads\/2024\/07\/ks2-150x150.jpg 150w, https:\/\/eddiesdiner.vn\/wp-content\/uploads\/2024\/07\/ks2-300x300.jpg 300w, https:\/\/eddiesdiner.vn\/wp-content\/uploads\/2024\/07\/ks2-1024x1024.jpg 1024w, https:\/\/eddiesdiner.vn\/wp-content\/uploads\/2024\/07\/ks2-768x768.jpg 768w, https:\/\/eddiesdiner.vn\/wp-content\/uploads\/2024\/07\/ks2-550x550.jpg 550w, https:\/\/eddiesdiner.vn\/wp-content\/uploads\/2024\/07\/ks2-1100x1100.jpg 1100w, https:\/\/eddiesdiner.vn\/wp-content\/uploads\/2024\/07\/ks2-600x600.jpg 600w, https:\/\/eddiesdiner.vn\/wp-content\/uploads\/2024\/07\/ks2-100x100.jpg 100w, https:\/\/eddiesdiner.vn\/wp-content\/uploads\/2024\/07\/ks2.jpg 1200w\" sizes=\"(max-width: 150px) 100vw, 150px\" \/>\t\t\t\t\t\t\t\t\t\t\t\t\t\t\t<\/div>\n\t\t\t\t<\/div>\n\t\t\t\t<div class=\"elementor-element elementor-element-b1a42c0 elementor-widget-mobile__width-initial elementor-widget elementor-widget-image\" data-id=\"b1a42c0\" data-element_type=\"widget\" data-e-type=\"widget\" data-widget_type=\"image.default\">\n\t\t\t\t<div class=\"elementor-widget-container\">\n\t\t\t\t\t\t\t\t\t\t\t\t\t\t\t<img decoding=\"async\" width=\"150\" height=\"150\" src=\"https:\/\/eddiesdiner.vn\/wp-content\/uploads\/2024\/07\/ks3-150x150.jpg\" class=\"attachment-thumbnail size-thumbnail wp-image-17225\" alt=\"Vanilla Milkshake\" srcset=\"https:\/\/eddiesdiner.vn\/wp-content\/uploads\/2024\/07\/ks3-150x150.jpg 150w, https:\/\/eddiesdiner.vn\/wp-content\/uploads\/2024\/07\/ks3-300x300.jpg 300w, https:\/\/eddiesdiner.vn\/wp-content\/uploads\/2024\/07\/ks3-1024x1024.jpg 1024w, https:\/\/eddiesdiner.vn\/wp-content\/uploads\/2024\/07\/ks3-768x768.jpg 768w, https:\/\/eddiesdiner.vn\/wp-content\/uploads\/2024\/07\/ks3-550x550.jpg 550w, https:\/\/eddiesdiner.vn\/wp-content\/uploads\/2024\/07\/ks3-1100x1100.jpg 1100w, https:\/\/eddiesdiner.vn\/wp-content\/uploads\/2024\/07\/ks3-600x600.jpg 600w, https:\/\/eddiesdiner.vn\/wp-content\/uploads\/2024\/07\/ks3-100x100.jpg 100w, https:\/\/eddiesdiner.vn\/wp-content\/uploads\/2024\/07\/ks3.jpg 1200w\" sizes=\"(max-width: 150px) 100vw, 150px\" \/>\t\t\t\t\t\t\t\t\t\t\t\t\t\t\t<\/div>\n\t\t\t\t<\/div>\n\t\t\t\t<\/div>\n\t\t<div class=\"elementor-element elementor-element-3a51794 e-con-full e-flex wpr-particle-no wpr-jarallax-no wpr-parallax-no wpr-sticky-section-no wpr-equal-height-no e-con e-child\" data-id=\"3a51794\" data-element_type=\"container\" data-e-type=\"container\">\n\t\t\t\t<div class=\"elementor-element elementor-element-db3cb3a elementor-widget elementor-widget-heading\" data-id=\"db3cb3a\" data-element_type=\"widget\" data-e-type=\"widget\" data-widget_type=\"heading.default\">\n\t\t\t\t<div class=\"elementor-widget-container\">\n\t\t\t\t\t<h3 class=\"elementor-heading-title elementor-size-default\">KEM L\u1eaeC CHO B\u00c9<\/h3>\t\t\t\t<\/div>\n\t\t\t\t<\/div>\n\t\t\t\t<div class=\"elementor-element elementor-element-75bbb9d elementor-widget__width-inherit elementor-widget elementor-widget-text-editor\" data-id=\"75bbb9d\" data-element_type=\"widget\" data-e-type=\"widget\" data-widget_type=\"text-editor.default\">\n\t\t\t\t<div class=\"elementor-widget-container\">\n\t\t\t\t\t\t\t\t\t<p>CH\u1ec8 *79K<\/p>\t\t\t\t\t\t\t\t<\/div>\n\t\t\t\t<\/div>\n\t\t\t\t<div class=\"elementor-element elementor-element-c75fabd elementor-widget__width-inherit elementor-widget elementor-widget-text-editor\" data-id=\"c75fabd\" data-element_type=\"widget\" data-e-type=\"widget\" data-widget_type=\"text-editor.default\">\n\t\t\t\t<div class=\"elementor-widget-container\">\n\t\t\t\t\t\t\t\t\t<p>B\u00c1NH QUY KEM OREO<\/p><p>VANI<\/p><p>D\u00c2U T\u00c2Y<\/p><p>SOCOLA<\/p>\t\t\t\t\t\t\t\t<\/div>\n\t\t\t\t<\/div>\n\t\t\t\t<div class=\"elementor-element elementor-element-861856e elementor-widget__width-inherit elementor-widget elementor-widget-text-editor\" data-id=\"861856e\" data-element_type=\"widget\" data-e-type=\"widget\" data-widget_type=\"text-editor.default\">\n\t\t\t\t<div class=\"elementor-widget-container\">\n\t\t\t\t\t\t\t\t\t<p>* KHI MUA K\u00c8M B\u1eeeA \u0102N TR\u1eba EM<\/p>\t\t\t\t\t\t\t\t<\/div>\n\t\t\t\t<\/div>\n\t\t\t\t<\/div>\n\t\t<div class=\"elementor-element elementor-element-b6e4dde e-con-full e-flex wpr-particle-no wpr-jarallax-no wpr-parallax-no wpr-sticky-section-no wpr-equal-height-no e-con e-child\" data-id=\"b6e4dde\" data-element_type=\"container\" data-e-type=\"container\">\n\t\t\t\t<div class=\"elementor-element elementor-element-1e9d844 elementor-widget-mobile__width-initial elementor-widget elementor-widget-image\" data-id=\"1e9d844\" data-element_type=\"widget\" data-e-type=\"widget\" data-widget_type=\"image.default\">\n\t\t\t\t<div class=\"elementor-widget-container\">\n\t\t\t\t\t\t\t\t\t\t\t\t\t\t\t<img decoding=\"async\" width=\"150\" height=\"150\" src=\"https:\/\/eddiesdiner.vn\/wp-content\/uploads\/2024\/07\/ks4-150x150.jpg\" class=\"attachment-thumbnail size-thumbnail wp-image-17226\" alt=\"Strawberry Milkshake\" srcset=\"https:\/\/eddiesdiner.vn\/wp-content\/uploads\/2024\/07\/ks4-150x150.jpg 150w, https:\/\/eddiesdiner.vn\/wp-content\/uploads\/2024\/07\/ks4-300x300.jpg 300w, https:\/\/eddiesdiner.vn\/wp-content\/uploads\/2024\/07\/ks4-1024x1024.jpg 1024w, https:\/\/eddiesdiner.vn\/wp-content\/uploads\/2024\/07\/ks4-768x768.jpg 768w, https:\/\/eddiesdiner.vn\/wp-content\/uploads\/2024\/07\/ks4-550x550.jpg 550w, https:\/\/eddiesdiner.vn\/wp-content\/uploads\/2024\/07\/ks4-1100x1100.jpg 1100w, https:\/\/eddiesdiner.vn\/wp-content\/uploads\/2024\/07\/ks4-600x600.jpg 600w, https:\/\/eddiesdiner.vn\/wp-content\/uploads\/2024\/07\/ks4-100x100.jpg 100w, https:\/\/eddiesdiner.vn\/wp-content\/uploads\/2024\/07\/ks4.jpg 1200w\" sizes=\"(max-width: 150px) 100vw, 150px\" \/>\t\t\t\t\t\t\t\t\t\t\t\t\t\t\t<\/div>\n\t\t\t\t<\/div>\n\t\t\t\t<div class=\"elementor-element elementor-element-9aaea86 elementor-widget-mobile__width-initial elementor-widget elementor-widget-image\" data-id=\"9aaea86\" data-element_type=\"widget\" data-e-type=\"widget\" data-widget_type=\"image.default\">\n\t\t\t\t<div class=\"elementor-widget-container\">\n\t\t\t\t\t\t\t\t\t\t\t\t\t\t\t<img loading=\"lazy\" decoding=\"async\" width=\"150\" height=\"150\" src=\"https:\/\/eddiesdiner.vn\/wp-content\/uploads\/2024\/07\/ks1-150x150.jpg\" class=\"attachment-thumbnail size-thumbnail wp-image-17223\" alt=\"Chocolate Milkshake\" srcset=\"https:\/\/eddiesdiner.vn\/wp-content\/uploads\/2024\/07\/ks1-150x150.jpg 150w, https:\/\/eddiesdiner.vn\/wp-content\/uploads\/2024\/07\/ks1-300x300.jpg 300w, https:\/\/eddiesdiner.vn\/wp-content\/uploads\/2024\/07\/ks1-1024x1024.jpg 1024w, https:\/\/eddiesdiner.vn\/wp-content\/uploads\/2024\/07\/ks1-768x768.jpg 768w, https:\/\/eddiesdiner.vn\/wp-content\/uploads\/2024\/07\/ks1-550x550.jpg 550w, https:\/\/eddiesdiner.vn\/wp-content\/uploads\/2024\/07\/ks1-1100x1100.jpg 1100w, https:\/\/eddiesdiner.vn\/wp-content\/uploads\/2024\/07\/ks1-600x600.jpg 600w, https:\/\/eddiesdiner.vn\/wp-content\/uploads\/2024\/07\/ks1-100x100.jpg 100w, https:\/\/eddiesdiner.vn\/wp-content\/uploads\/2024\/07\/ks1.jpg 1200w\" sizes=\"(max-width: 150px) 100vw, 150px\" \/>\t\t\t\t\t\t\t\t\t\t\t\t\t\t\t<\/div>\n\t\t\t\t<\/div>\n\t\t\t\t<\/div>\n\t\t\t\t<\/div>\n\t\t\t\t<\/div>\n\t\t<div class=\"elementor-element elementor-element-428837b e-con-full e-flex wpr-particle-no wpr-jarallax-no wpr-parallax-no wpr-sticky-section-no wpr-equal-height-no e-con e-child\" data-id=\"428837b\" data-element_type=\"container\" data-e-type=\"container\">\n\t\t\t\t<div class=\"elementor-element elementor-element-696ef11 elementor-widget elementor-widget-heading\" data-id=\"696ef11\" data-element_type=\"widget\" data-e-type=\"widget\" data-widget_type=\"heading.default\">\n\t\t\t\t<div class=\"elementor-widget-container\">\n\t\t\t\t\t<p class=\"elementor-heading-title elementor-size-default\"><a href=\"https:\/\/linktr.ee\/EddiesNewYorkDeliandDiner\" target=\"_blank\">\u0110\u1eb6T M\u00d3N NGAY<\/a><\/p>\t\t\t\t<\/div>\n\t\t\t\t<\/div>\n\t\t\t\t<div class=\"elementor-element elementor-element-b862877 elementor-widget elementor-widget-text-editor\" data-id=\"b862877\" data-element_type=\"widget\" data-e-type=\"widget\" data-widget_type=\"text-editor.default\">\n\t\t\t\t<div class=\"elementor-widget-container\">\n\t\t\t\t\t\t\t\t\t<p><em>OR\u2026<\/em><\/p>\t\t\t\t\t\t\t\t<\/div>\n\t\t\t\t<\/div>\n\t\t\t\t<div class=\"elementor-element elementor-element-f1c124b elementor-widget elementor-widget-heading\" data-id=\"f1c124b\" data-element_type=\"widget\" data-e-type=\"widget\" data-widget_type=\"heading.default\">\n\t\t\t\t<div class=\"elementor-widget-container\">\n\t\t\t\t\t<p class=\"elementor-heading-title elementor-size-default\"><a href=\"#\">TR\u1edc V\u1ec0 \u0110\u1ea6U TRANG<\/a><\/p>\t\t\t\t<\/div>\n\t\t\t\t<\/div>\n\t\t\t\t<\/div>\n\t\t\t\t<\/div>\n\t\t\t\t<\/div>\n\t\t\t\t<\/div>","protected":false},"excerpt":{"rendered":"<p>Welcome to Eddie&#8217;s, where Kids Rule! A special menu JUST FOR OUR LITTLE FOODIES WHO ADORE EDDIE&#8217;S RESTAURANT For 10 and Younger Only 99k for each set! KIDS BEEF BURGER &amp; FRIES CHEESE +10K BEEF HOT DOG &amp; FRIES CHEESE<\/p>","protected":false},"author":4,"featured_media":0,"parent":20954,"menu_order":0,"comment_status":"open","ping_status":"closed","template":"elementor_header_footer","meta":{"_monsterinsights_skip_tracking":false,"_monsterinsights_sitenote_active":false,"_monsterinsights_sitenote_note":"","_monsterinsights_sitenote_category":0,"footnotes":""},"class_list":["post-21092","page","type-page","status-publish","hentry"],"yoast_head":"<!-- This site is optimized with the Yoast SEO plugin v27.4 - https:\/\/yoast.com\/product\/yoast-seo-wordpress\/ -->\n<title>Kids Menu | Eddie&#039;s Diner - New York Deli &amp; Diner<\/title>\n<meta name=\"description\" content=\"Welcome to Eddie&#039;s, where Kids Rule! A SPECIAL MENU JUST FOR OUR LITTLE FOODIES WHO ADORE EDDIE&#039;S RESTAURANT!!!\" \/>\n<meta name=\"robots\" content=\"index, follow, max-snippet:-1, max-image-preview:large, max-video-preview:-1\" \/>\n<link rel=\"canonical\" href=\"https:\/\/eddiesdiner.vn\/vi\/menu\/kids\/\" \/>\n<meta property=\"og:locale\" content=\"vi_VN\" \/>\n<meta property=\"og:type\" content=\"article\" \/>\n<meta property=\"og:title\" content=\"Kids Menu | Eddie&#039;s Diner - New York Deli &amp; Diner\" \/>\n<meta property=\"og:description\" content=\"Welcome to Eddie&#039;s, where Kids Rule! A SPECIAL MENU JUST FOR OUR LITTLE FOODIES WHO ADORE EDDIE&#039;S RESTAURANT!!!\" \/>\n<meta property=\"og:url\" content=\"https:\/\/eddiesdiner.vn\/vi\/menu\/kids\/\" \/>\n<meta property=\"og:site_name\" content=\"Eddie&#039;s Diner\" \/>\n<meta property=\"article:publisher\" content=\"https:\/\/www.facebook.com\/EddiesSaigon\/\" \/>\n<meta property=\"article:modified_time\" content=\"2026-03-10T12:28:38+00:00\" \/>\n<meta property=\"og:image\" content=\"https:\/\/eddiesdiner.vn\/wp-content\/uploads\/2024\/07\/ks2-150x150.jpg\" \/>\n<meta name=\"twitter:card\" content=\"summary_large_image\" \/>\n<meta name=\"twitter:label1\" content=\"\u01af\u1edbc t\u00ednh th\u1eddi gian \u0111\u1ecdc\" \/>\n\t<meta name=\"twitter:data1\" content=\"2 ph\u00fat\" \/>\n<script type=\"application\/ld+json\" class=\"yoast-schema-graph\">{\"@context\":\"https:\\\/\\\/schema.org\",\"@graph\":[{\"@type\":\"WebPage\",\"@id\":\"https:\\\/\\\/eddiesdiner.vn\\\/menu\\\/kids\\\/\",\"url\":\"https:\\\/\\\/eddiesdiner.vn\\\/menu\\\/kids\\\/\",\"name\":\"Kids Menu | Eddie&#039;s Diner - New York Deli & Diner\",\"isPartOf\":{\"@id\":\"https:\\\/\\\/eddiesdiner.vn\\\/#website\"},\"primaryImageOfPage\":{\"@id\":\"https:\\\/\\\/eddiesdiner.vn\\\/menu\\\/kids\\\/#primaryimage\"},\"image\":{\"@id\":\"https:\\\/\\\/eddiesdiner.vn\\\/menu\\\/kids\\\/#primaryimage\"},\"thumbnailUrl\":\"https:\\\/\\\/eddiesdiner.vn\\\/wp-content\\\/uploads\\\/2024\\\/07\\\/ks2-150x150.jpg\",\"datePublished\":\"2026-03-10T10:56:29+00:00\",\"dateModified\":\"2026-03-10T12:28:38+00:00\",\"description\":\"Welcome to Eddie's, where Kids Rule! A SPECIAL MENU JUST FOR OUR LITTLE FOODIES WHO ADORE EDDIE'S RESTAURANT!!!\",\"breadcrumb\":{\"@id\":\"https:\\\/\\\/eddiesdiner.vn\\\/menu\\\/kids\\\/#breadcrumb\"},\"inLanguage\":\"vi\",\"potentialAction\":[{\"@type\":\"ReadAction\",\"target\":[\"https:\\\/\\\/eddiesdiner.vn\\\/menu\\\/kids\\\/\"]}]},{\"@type\":\"ImageObject\",\"inLanguage\":\"vi\",\"@id\":\"https:\\\/\\\/eddiesdiner.vn\\\/menu\\\/kids\\\/#primaryimage\",\"url\":\"https:\\\/\\\/eddiesdiner.vn\\\/wp-content\\\/uploads\\\/2024\\\/07\\\/ks2-150x150.jpg\",\"contentUrl\":\"https:\\\/\\\/eddiesdiner.vn\\\/wp-content\\\/uploads\\\/2024\\\/07\\\/ks2-150x150.jpg\"},{\"@type\":\"BreadcrumbList\",\"@id\":\"https:\\\/\\\/eddiesdiner.vn\\\/menu\\\/kids\\\/#breadcrumb\",\"itemListElement\":[{\"@type\":\"ListItem\",\"position\":1,\"name\":\"Home\",\"item\":\"https:\\\/\\\/eddiesdiner.vn\\\/\"},{\"@type\":\"ListItem\",\"position\":2,\"name\":\"Menu\",\"item\":\"https:\\\/\\\/eddiesdiner.vn\\\/menu\\\/\"},{\"@type\":\"ListItem\",\"position\":3,\"name\":\"Kid&#8217;s\"}]},{\"@type\":\"WebSite\",\"@id\":\"https:\\\/\\\/eddiesdiner.vn\\\/#website\",\"url\":\"https:\\\/\\\/eddiesdiner.vn\\\/\",\"name\":\"Eddie's Diner\",\"description\":\"- New York Deli &amp; Diner\",\"alternateName\":\"Eddie's\",\"potentialAction\":[{\"@type\":\"SearchAction\",\"target\":{\"@type\":\"EntryPoint\",\"urlTemplate\":\"https:\\\/\\\/eddiesdiner.vn\\\/?s={search_term_string}\"},\"query-input\":{\"@type\":\"PropertyValueSpecification\",\"valueRequired\":true,\"valueName\":\"search_term_string\"}}],\"inLanguage\":\"vi\"}]}<\/script>\n<!-- \/ Yoast SEO plugin. -->","yoast_head_json":{"title":"Kids Menu | Eddie&#039;s Diner - New York Deli & Diner","description":"Welcome to Eddie's, where Kids Rule! A SPECIAL MENU JUST FOR OUR LITTLE FOODIES WHO ADORE EDDIE'S RESTAURANT!!!","robots":{"index":"index","follow":"follow","max-snippet":"max-snippet:-1","max-image-preview":"max-image-preview:large","max-video-preview":"max-video-preview:-1"},"canonical":"https:\/\/eddiesdiner.vn\/vi\/menu\/kids\/","og_locale":"vi_VN","og_type":"article","og_title":"Kids Menu | Eddie&#039;s Diner - New York Deli & Diner","og_description":"Welcome to Eddie's, where Kids Rule! A SPECIAL MENU JUST FOR OUR LITTLE FOODIES WHO ADORE EDDIE'S RESTAURANT!!!","og_url":"https:\/\/eddiesdiner.vn\/vi\/menu\/kids\/","og_site_name":"Eddie&#039;s Diner","article_publisher":"https:\/\/www.facebook.com\/EddiesSaigon\/","article_modified_time":"2026-03-10T12:28:38+00:00","og_image":[{"url":"https:\/\/eddiesdiner.vn\/wp-content\/uploads\/2024\/07\/ks2-150x150.jpg","type":"","width":"","height":""}],"twitter_card":"summary_large_image","twitter_misc":{"\u01af\u1edbc t\u00ednh th\u1eddi gian \u0111\u1ecdc":"2 ph\u00fat"},"schema":{"@context":"https:\/\/schema.org","@graph":[{"@type":"WebPage","@id":"https:\/\/eddiesdiner.vn\/menu\/kids\/","url":"https:\/\/eddiesdiner.vn\/menu\/kids\/","name":"Kids Menu | Eddie&#039;s Diner - New York Deli & Diner","isPartOf":{"@id":"https:\/\/eddiesdiner.vn\/#website"},"primaryImageOfPage":{"@id":"https:\/\/eddiesdiner.vn\/menu\/kids\/#primaryimage"},"image":{"@id":"https:\/\/eddiesdiner.vn\/menu\/kids\/#primaryimage"},"thumbnailUrl":"https:\/\/eddiesdiner.vn\/wp-content\/uploads\/2024\/07\/ks2-150x150.jpg","datePublished":"2026-03-10T10:56:29+00:00","dateModified":"2026-03-10T12:28:38+00:00","description":"Welcome to Eddie's, where Kids Rule! A SPECIAL MENU JUST FOR OUR LITTLE FOODIES WHO ADORE EDDIE'S RESTAURANT!!!","breadcrumb":{"@id":"https:\/\/eddiesdiner.vn\/menu\/kids\/#breadcrumb"},"inLanguage":"vi","potentialAction":[{"@type":"ReadAction","target":["https:\/\/eddiesdiner.vn\/menu\/kids\/"]}]},{"@type":"ImageObject","inLanguage":"vi","@id":"https:\/\/eddiesdiner.vn\/menu\/kids\/#primaryimage","url":"https:\/\/eddiesdiner.vn\/wp-content\/uploads\/2024\/07\/ks2-150x150.jpg","contentUrl":"https:\/\/eddiesdiner.vn\/wp-content\/uploads\/2024\/07\/ks2-150x150.jpg"},{"@type":"BreadcrumbList","@id":"https:\/\/eddiesdiner.vn\/menu\/kids\/#breadcrumb","itemListElement":[{"@type":"ListItem","position":1,"name":"Home","item":"https:\/\/eddiesdiner.vn\/"},{"@type":"ListItem","position":2,"name":"Menu","item":"https:\/\/eddiesdiner.vn\/menu\/"},{"@type":"ListItem","position":3,"name":"Kid&#8217;s"}]},{"@type":"WebSite","@id":"https:\/\/eddiesdiner.vn\/#website","url":"https:\/\/eddiesdiner.vn\/","name":"Eddie's Diner","description":"- New York Deli &amp; Diner","alternateName":"Eddie's","potentialAction":[{"@type":"SearchAction","target":{"@type":"EntryPoint","urlTemplate":"https:\/\/eddiesdiner.vn\/?s={search_term_string}"},"query-input":{"@type":"PropertyValueSpecification","valueRequired":true,"valueName":"search_term_string"}}],"inLanguage":"vi"}]}},"rttpg_featured_image_url":null,"rttpg_author":{"display_name":"Eddie Diner","author_link":"https:\/\/eddiesdiner.vn\/vi\/author\/eddiesdinersaigon\/"},"rttpg_comment":0,"rttpg_category":null,"rttpg_excerpt":"Welcome to Eddie&#8217;s, where Kids Rule! A special menu JUST FOR OUR LITTLE FOODIES WHO ADORE EDDIE&#8217;S RESTAURANT For 10 and Younger Only 99k for each set! KIDS BEEF BURGER &amp; FRIES CHEESE +10K BEEF HOT DOG &amp; FRIES CHEESE","_links":{"self":[{"href":"https:\/\/eddiesdiner.vn\/vi\/wp-json\/wp\/v2\/pages\/21092","targetHints":{"allow":["GET"]}}],"collection":[{"href":"https:\/\/eddiesdiner.vn\/vi\/wp-json\/wp\/v2\/pages"}],"about":[{"href":"https:\/\/eddiesdiner.vn\/vi\/wp-json\/wp\/v2\/types\/page"}],"author":[{"embeddable":true,"href":"https:\/\/eddiesdiner.vn\/vi\/wp-json\/wp\/v2\/users\/4"}],"replies":[{"embeddable":true,"href":"https:\/\/eddiesdiner.vn\/vi\/wp-json\/wp\/v2\/comments?post=21092"}],"version-history":[{"count":8,"href":"https:\/\/eddiesdiner.vn\/vi\/wp-json\/wp\/v2\/pages\/21092\/revisions"}],"predecessor-version":[{"id":22862,"href":"https:\/\/eddiesdiner.vn\/vi\/wp-json\/wp\/v2\/pages\/21092\/revisions\/22862"}],"up":[{"embeddable":true,"href":"https:\/\/eddiesdiner.vn\/vi\/wp-json\/wp\/v2\/pages\/20954"}],"wp:attachment":[{"href":"https:\/\/eddiesdiner.vn\/vi\/wp-json\/wp\/v2\/media?parent=21092"}],"curies":[{"name":"wp","href":"https:\/\/api.w.org\/{rel}","templated":true}]}}