{"id":20954,"date":"2026-03-10T16:50:54","date_gmt":"2026-03-10T09:50:54","guid":{"rendered":"https:\/\/eddiesdiner.vn\/?page_id=20954"},"modified":"2026-03-20T16:08:02","modified_gmt":"2026-03-20T09:08:02","slug":"menu","status":"publish","type":"page","link":"https:\/\/eddiesdiner.vn\/vi\/menu\/","title":{"rendered":"Th\u1ef1c \u0111\u01a1n"},"content":{"rendered":"<div data-elementor-type=\"wp-page\" data-elementor-id=\"20954\" class=\"elementor elementor-20954\">\n\t\t\t\t<div class=\"elementor-element elementor-element-1c2f2ff e-con-full e-flex wpr-particle-no wpr-jarallax-no wpr-parallax-no wpr-sticky-section-no wpr-equal-height-no e-con e-parent\" data-id=\"1c2f2ff\" data-element_type=\"container\" data-e-type=\"container\" data-settings=\"{&quot;background_background&quot;:&quot;classic&quot;}\">\n\t\t<div class=\"elementor-element elementor-element-66a3a2c e-flex e-con-boxed wpr-particle-no wpr-jarallax-no wpr-parallax-no wpr-sticky-section-no wpr-equal-height-no e-con e-child\" data-id=\"66a3a2c\" data-element_type=\"container\" data-e-type=\"container\">\n\t\t\t\t\t<div class=\"e-con-inner\">\n\t\t\t\t<div class=\"elementor-element elementor-element-4289203 elementor-widget elementor-widget-spacer\" data-id=\"4289203\" data-element_type=\"widget\" data-e-type=\"widget\" data-widget_type=\"spacer.default\">\n\t\t\t\t<div class=\"elementor-widget-container\">\n\t\t\t\t\t\t\t<div class=\"elementor-spacer\">\n\t\t\t<div class=\"elementor-spacer-inner\"><\/div>\n\t\t<\/div>\n\t\t\t\t\t\t<\/div>\n\t\t\t\t<\/div>\n\t\t\t\t\t<\/div>\n\t\t\t\t<\/div>\n\t\t<div class=\"elementor-element elementor-element-9423b26 e-flex e-con-boxed wpr-particle-no wpr-jarallax-no wpr-parallax-no wpr-sticky-section-no wpr-equal-height-no e-con e-child\" data-id=\"9423b26\" data-element_type=\"container\" data-e-type=\"container\">\n\t\t\t\t\t<div class=\"e-con-inner\">\n\t\t\t\t<div class=\"elementor-element elementor-element-52d542d elementor-widget elementor-widget-heading\" data-id=\"52d542d\" data-element_type=\"widget\" data-e-type=\"widget\" data-widget_type=\"heading.default\">\n\t\t\t\t<div class=\"elementor-widget-container\">\n\t\t\t\t\t<p class=\"elementor-heading-title elementor-size-default\">3 Th\u01b0\u01a1ng hi\u1ec7u trong<\/p>\t\t\t\t<\/div>\n\t\t\t\t<\/div>\n\t\t\t\t\t<\/div>\n\t\t\t\t<\/div>\n\t\t<div class=\"elementor-element elementor-element-77e9870 e-flex e-con-boxed wpr-particle-no wpr-jarallax-no wpr-parallax-no wpr-sticky-section-no wpr-equal-height-no e-con e-child\" data-id=\"77e9870\" data-element_type=\"container\" data-e-type=\"container\">\n\t\t\t\t\t<div class=\"e-con-inner\">\n\t\t\t\t<div class=\"elementor-element elementor-element-83aeb26 elementor-widget elementor-widget-heading\" data-id=\"83aeb26\" data-element_type=\"widget\" data-e-type=\"widget\" data-widget_type=\"heading.default\">\n\t\t\t\t<div class=\"elementor-widget-container\">\n\t\t\t\t\t<p class=\"elementor-heading-title elementor-size-default\">1 AWESOME 1950'S DINER<\/p>\t\t\t\t<\/div>\n\t\t\t\t<\/div>\n\t\t\t\t\t<\/div>\n\t\t\t\t<\/div>\n\t\t<div class=\"elementor-element elementor-element-1212ca3 e-grid e-con-full wpr-particle-no wpr-jarallax-no wpr-parallax-no wpr-sticky-section-no wpr-equal-height-no e-con e-child\" data-id=\"1212ca3\" data-element_type=\"container\" data-e-type=\"container\">\n\t\t\t\t<div class=\"elementor-element elementor-element-1ef99d8 elementor-widget elementor-widget-image\" data-id=\"1ef99d8\" data-element_type=\"widget\" data-e-type=\"widget\" data-widget_type=\"image.default\">\n\t\t\t\t<div class=\"elementor-widget-container\">\n\t\t\t\t\t\t\t\t\t\t\t\t\t\t\t\t<a href=\"https:\/\/eddiesdiner.vn\/vi\/menu\/eddies-favorites\/\">\n\t\t\t\t\t\t\t<img fetchpriority=\"high\" decoding=\"async\" width=\"240\" height=\"240\" src=\"https:\/\/eddiesdiner.vn\/wp-content\/uploads\/2024\/07\/Eddies-res.png\" class=\"attachment-large size-large wp-image-17416\" alt=\"Eddie&#039;s Logo\" srcset=\"https:\/\/eddiesdiner.vn\/wp-content\/uploads\/2024\/07\/Eddies-res.png 240w, https:\/\/eddiesdiner.vn\/wp-content\/uploads\/2024\/07\/Eddies-res-150x150.png 150w, https:\/\/eddiesdiner.vn\/wp-content\/uploads\/2024\/07\/Eddies-res-100x100.png 100w\" sizes=\"(max-width: 240px) 100vw, 240px\" \/>\t\t\t\t\t\t\t\t<\/a>\n\t\t\t\t\t\t\t\t\t\t\t\t\t\t\t<\/div>\n\t\t\t\t<\/div>\n\t\t\t\t<div class=\"elementor-element elementor-element-ac832bc elementor-widget elementor-widget-image\" data-id=\"ac832bc\" data-element_type=\"widget\" data-e-type=\"widget\" data-widget_type=\"image.default\">\n\t\t\t\t<div class=\"elementor-widget-container\">\n\t\t\t\t\t\t\t\t\t\t\t\t\t\t\t\t<a href=\"https:\/\/eddiesdiner.vn\/vi\/menu\/eddies-vegetarian\/\">\n\t\t\t\t\t\t\t<img decoding=\"async\" width=\"240\" height=\"169\" src=\"https:\/\/eddiesdiner.vn\/wp-content\/uploads\/2024\/07\/Shelleys-res-e1739027507408.png\" class=\"attachment-large size-large wp-image-17660\" alt=\"Shelley&#039;s Logo\" \/>\t\t\t\t\t\t\t\t<\/a>\n\t\t\t\t\t\t\t\t\t\t\t\t\t\t\t<\/div>\n\t\t\t\t<\/div>\n\t\t\t\t<div class=\"elementor-element elementor-element-9032d6b elementor-widget elementor-widget-image\" data-id=\"9032d6b\" data-element_type=\"widget\" data-e-type=\"widget\" data-widget_type=\"image.default\">\n\t\t\t\t<div class=\"elementor-widget-container\">\n\t\t\t\t\t\t\t\t\t\t\t\t\t\t\t\t<a href=\"https:\/\/eddiesdiner.vn\/vi\/menu\/eddies-american-chinese\/\">\n\t\t\t\t\t\t\t<img decoding=\"async\" width=\"240\" height=\"240\" src=\"https:\/\/eddiesdiner.vn\/wp-content\/uploads\/2024\/07\/wok-res.png\" class=\"attachment-large size-large wp-image-17415\" alt=\"Eddie&#039;s Wok Logo\" srcset=\"https:\/\/eddiesdiner.vn\/wp-content\/uploads\/2024\/07\/wok-res.png 240w, https:\/\/eddiesdiner.vn\/wp-content\/uploads\/2024\/07\/wok-res-150x150.png 150w, https:\/\/eddiesdiner.vn\/wp-content\/uploads\/2024\/07\/wok-res-100x100.png 100w\" sizes=\"(max-width: 240px) 100vw, 240px\" \/>\t\t\t\t\t\t\t\t<\/a>\n\t\t\t\t\t\t\t\t\t\t\t\t\t\t\t<\/div>\n\t\t\t\t<\/div>\n\t\t\t\t<\/div>\n\t\t\t\t<\/div>\n\t\t<a class=\"elementor-element elementor-element-7d97601 e-con-full e-flex wpr-particle-no wpr-jarallax-no wpr-parallax-no wpr-sticky-section-no wpr-equal-height-no e-con e-parent\" data-id=\"7d97601\" data-element_type=\"container\" data-e-type=\"container\" data-settings=\"{&quot;background_background&quot;:&quot;classic&quot;}\" href=\"https:\/\/eddiesdiner.vn\/vi\/menu\/eddies-favorites\/\">\n\t\t\t\t<div class=\"elementor-element elementor-element-8927963 elementor-widget__width-inherit elementor-widget elementor-widget-image\" data-id=\"8927963\" data-element_type=\"widget\" data-e-type=\"widget\" data-widget_type=\"image.default\">\n\t\t\t\t<div class=\"elementor-widget-container\">\n\t\t\t\t\t\t\t\t\t\t\t\t\t\t\t<img loading=\"lazy\" decoding=\"async\" width=\"1985\" height=\"1404\" src=\"https:\/\/eddiesdiner.vn\/wp-content\/uploads\/2024\/07\/Eddies-ENG.jpg\" class=\"attachment-full size-full wp-image-18381\" alt=\"Eddie&#039;s\" srcset=\"https:\/\/eddiesdiner.vn\/wp-content\/uploads\/2024\/07\/Eddies-ENG.jpg 1985w, https:\/\/eddiesdiner.vn\/wp-content\/uploads\/2024\/07\/Eddies-ENG-300x212.jpg 300w, https:\/\/eddiesdiner.vn\/wp-content\/uploads\/2024\/07\/Eddies-ENG-1024x724.jpg 1024w, https:\/\/eddiesdiner.vn\/wp-content\/uploads\/2024\/07\/Eddies-ENG-768x543.jpg 768w, https:\/\/eddiesdiner.vn\/wp-content\/uploads\/2024\/07\/Eddies-ENG-1536x1086.jpg 1536w, https:\/\/eddiesdiner.vn\/wp-content\/uploads\/2024\/07\/Eddies-ENG-18x12.jpg 18w, https:\/\/eddiesdiner.vn\/wp-content\/uploads\/2024\/07\/Eddies-ENG-600x424.jpg 600w\" sizes=\"(max-width: 1985px) 100vw, 1985px\" \/>\t\t\t\t\t\t\t\t\t\t\t\t\t\t\t<\/div>\n\t\t\t\t<\/div>\n\t\t\t\t<\/a>\n\t\t<a class=\"elementor-element elementor-element-32c99e6 e-con-full e-flex wpr-particle-no wpr-jarallax-no wpr-parallax-no wpr-sticky-section-no wpr-equal-height-no e-con e-parent\" data-id=\"32c99e6\" data-element_type=\"container\" data-e-type=\"container\" data-settings=\"{&quot;background_background&quot;:&quot;classic&quot;}\" href=\"https:\/\/eddiesdiner.vn\/vi\/menu\/eddies-vegetarian\/\">\n\t\t\t\t<div class=\"elementor-element elementor-element-7fd9c69 elementor-widget__width-inherit elementor-widget elementor-widget-image\" data-id=\"7fd9c69\" data-element_type=\"widget\" data-e-type=\"widget\" data-widget_type=\"image.default\">\n\t\t\t\t<div class=\"elementor-widget-container\">\n\t\t\t\t\t\t\t\t\t\t\t\t\t\t\t<img loading=\"lazy\" decoding=\"async\" width=\"1984\" height=\"1403\" src=\"https:\/\/eddiesdiner.vn\/wp-content\/uploads\/2024\/07\/Shelleys-ENG.jpg\" class=\"attachment-full size-full wp-image-18385\" alt=\"Shelley&#039;s\" srcset=\"https:\/\/eddiesdiner.vn\/wp-content\/uploads\/2024\/07\/Shelleys-ENG.jpg 1984w, https:\/\/eddiesdiner.vn\/wp-content\/uploads\/2024\/07\/Shelleys-ENG-300x212.jpg 300w, https:\/\/eddiesdiner.vn\/wp-content\/uploads\/2024\/07\/Shelleys-ENG-1024x724.jpg 1024w, https:\/\/eddiesdiner.vn\/wp-content\/uploads\/2024\/07\/Shelleys-ENG-768x543.jpg 768w, https:\/\/eddiesdiner.vn\/wp-content\/uploads\/2024\/07\/Shelleys-ENG-1536x1086.jpg 1536w, https:\/\/eddiesdiner.vn\/wp-content\/uploads\/2024\/07\/Shelleys-ENG-18x12.jpg 18w, https:\/\/eddiesdiner.vn\/wp-content\/uploads\/2024\/07\/Shelleys-ENG-600x424.jpg 600w\" sizes=\"(max-width: 1984px) 100vw, 1984px\" \/>\t\t\t\t\t\t\t\t\t\t\t\t\t\t\t<\/div>\n\t\t\t\t<\/div>\n\t\t\t\t<\/a>\n\t\t<a class=\"elementor-element elementor-element-7c05cda e-con-full e-flex wpr-particle-no wpr-jarallax-no wpr-parallax-no wpr-sticky-section-no wpr-equal-height-no e-con e-parent\" data-id=\"7c05cda\" data-element_type=\"container\" data-e-type=\"container\" data-settings=\"{&quot;background_background&quot;:&quot;classic&quot;}\" href=\"https:\/\/eddiesdiner.vn\/vi\/menu\/eddies-american-chinese\/\">\n\t\t\t\t<div class=\"elementor-element elementor-element-1f676b4 elementor-widget__width-inherit elementor-widget elementor-widget-image\" data-id=\"1f676b4\" data-element_type=\"widget\" data-e-type=\"widget\" data-widget_type=\"image.default\">\n\t\t\t\t<div class=\"elementor-widget-container\">\n\t\t\t\t\t\t\t\t\t\t\t\t\t\t\t<img loading=\"lazy\" decoding=\"async\" width=\"1985\" height=\"1403\" src=\"https:\/\/eddiesdiner.vn\/wp-content\/uploads\/2024\/07\/Eddies-Wok-ENG.jpg\" class=\"attachment-full size-full wp-image-18387\" alt=\"Eddie&#039;s Wok\" srcset=\"https:\/\/eddiesdiner.vn\/wp-content\/uploads\/2024\/07\/Eddies-Wok-ENG.jpg 1985w, https:\/\/eddiesdiner.vn\/wp-content\/uploads\/2024\/07\/Eddies-Wok-ENG-300x212.jpg 300w, https:\/\/eddiesdiner.vn\/wp-content\/uploads\/2024\/07\/Eddies-Wok-ENG-1024x724.jpg 1024w, https:\/\/eddiesdiner.vn\/wp-content\/uploads\/2024\/07\/Eddies-Wok-ENG-768x543.jpg 768w, https:\/\/eddiesdiner.vn\/wp-content\/uploads\/2024\/07\/Eddies-Wok-ENG-1536x1086.jpg 1536w, https:\/\/eddiesdiner.vn\/wp-content\/uploads\/2024\/07\/Eddies-Wok-ENG-18x12.jpg 18w, https:\/\/eddiesdiner.vn\/wp-content\/uploads\/2024\/07\/Eddies-Wok-ENG-600x424.jpg 600w\" sizes=\"(max-width: 1985px) 100vw, 1985px\" \/>\t\t\t\t\t\t\t\t\t\t\t\t\t\t\t<\/div>\n\t\t\t\t<\/div>\n\t\t\t\t<\/a>\n\t\t<div class=\"elementor-element elementor-element-442bd39 e-grid e-con-boxed wpr-particle-no wpr-jarallax-no wpr-parallax-no wpr-sticky-section-no wpr-equal-height-no e-con e-parent\" data-id=\"442bd39\" data-element_type=\"container\" data-e-type=\"container\">\n\t\t\t\t\t<div class=\"e-con-inner\">\n\t\t<div class=\"elementor-element elementor-element-91d29db e-con-full e-flex wpr-particle-no wpr-jarallax-no wpr-parallax-no wpr-sticky-section-no wpr-equal-height-no e-con e-child\" data-id=\"91d29db\" data-element_type=\"container\" data-e-type=\"container\">\n\t\t\t\t<div class=\"elementor-element elementor-element-8f94e61 elementor-widget elementor-widget-image\" data-id=\"8f94e61\" data-element_type=\"widget\" data-e-type=\"widget\" data-widget_type=\"image.default\">\n\t\t\t\t<div class=\"elementor-widget-container\">\n\t\t\t\t\t\t\t\t\t\t\t\t\t\t\t<img loading=\"lazy\" decoding=\"async\" width=\"149\" height=\"167\" src=\"https:\/\/eddiesdiner.vn\/wp-content\/uploads\/2017\/12\/fs-additional-image.png\" class=\"attachment-full size-full wp-image-12300\" alt=\"a\" \/>\t\t\t\t\t\t\t\t\t\t\t\t\t\t\t<\/div>\n\t\t\t\t<\/div>\n\t\t\t\t<\/div>\n\t\t<div class=\"elementor-element elementor-element-0464473 e-con-full e-flex wpr-particle-no wpr-jarallax-no wpr-parallax-no wpr-sticky-section-no wpr-equal-height-no e-con e-child\" data-id=\"0464473\" data-element_type=\"container\" data-e-type=\"container\">\n\t\t\t\t<div class=\"elementor-element elementor-element-1dd9188 elementor-widget elementor-widget-heading\" data-id=\"1dd9188\" data-element_type=\"widget\" data-e-type=\"widget\" data-widget_type=\"heading.default\">\n\t\t\t\t<div class=\"elementor-widget-container\">\n\t\t\t\t\t<p class=\"elementor-heading-title elementor-size-default\">B\u1ea0N \u0110\u00c3 \u0110\u00d3I B\u1ee4NG CH\u01afA NH\u1ec8?<\/p>\t\t\t\t<\/div>\n\t\t\t\t<\/div>\n\t\t\t\t<\/div>\n\t\t<div class=\"elementor-element elementor-element-c495448 e-con-full e-flex wpr-particle-no wpr-jarallax-no wpr-parallax-no wpr-sticky-section-no wpr-equal-height-no e-con e-child\" data-id=\"c495448\" data-element_type=\"container\" data-e-type=\"container\">\n\t\t\t\t<\/div>\n\t\t<div class=\"elementor-element elementor-element-dd79196 e-con-full e-flex wpr-particle-no wpr-jarallax-no wpr-parallax-no wpr-sticky-section-no wpr-equal-height-no e-con e-child\" data-id=\"dd79196\" data-element_type=\"container\" data-e-type=\"container\">\n\t\t\t\t<\/div>\n\t\t\t\t<div class=\"elementor-element elementor-element-d27d31e elementor-align-center elementor-widget elementor-widget-button\" data-id=\"d27d31e\" data-element_type=\"widget\" data-e-type=\"widget\" data-widget_type=\"button.default\">\n\t\t\t\t<div class=\"elementor-widget-container\">\n\t\t\t\t\t\t\t\t\t<div class=\"elementor-button-wrapper\">\n\t\t\t\t\t<a class=\"elementor-button elementor-button-link elementor-size-sm\" href=\"https:\/\/linktr.ee\/EddiesNewYorkDeliandDiner\" target=\"_blank\">\n\t\t\t\t\t\t<span class=\"elementor-button-content-wrapper\">\n\t\t\t\t\t\t\t\t\t<span class=\"elementor-button-text\">\u0110\u1eb6T M\u00d3N NGAY<\/span>\n\t\t\t\t\t<\/span>\n\t\t\t\t\t<\/a>\n\t\t\t\t<\/div>\n\t\t\t\t\t\t\t\t<\/div>\n\t\t\t\t<\/div>\n\t\t\t\t\t<\/div>\n\t\t\t\t<\/div>\n\t\t\t\t<\/div>","protected":false},"excerpt":{"rendered":"<p>3 Brand&#8217;s in 1 AWESOME 1950&#8217;S DINER GETTING HUNGRY YET? ORDER NOW<\/p>","protected":false},"author":4,"featured_media":0,"parent":0,"menu_order":0,"comment_status":"open","ping_status":"closed","template":"elementor_header_footer","meta":{"_monsterinsights_skip_tracking":false,"_monsterinsights_sitenote_active":false,"_monsterinsights_sitenote_note":"","_monsterinsights_sitenote_category":0,"footnotes":""},"class_list":["post-20954","page","type-page","status-publish","hentry"],"yoast_head":"<!-- This site is optimized with the Yoast SEO plugin v27.6 - https:\/\/yoast.com\/product\/yoast-seo-wordpress\/ -->\n<title>Eddie&#039;s Diner - New York Deli &amp; Diner | Authentic American Menu<\/title>\n<meta name=\"description\" content=\"Delicious food served in our authentic 1950s-style American diner - feel free to share, as some of our servings are huge!\" \/>\n<meta name=\"robots\" content=\"index, follow, max-snippet:-1, max-image-preview:large, max-video-preview:-1\" \/>\n<link rel=\"canonical\" href=\"https:\/\/eddiesdiner.vn\/vi\/menu\/\" \/>\n<meta property=\"og:locale\" content=\"vi_VN\" \/>\n<meta property=\"og:type\" content=\"article\" \/>\n<meta property=\"og:title\" content=\"Eddie&#039;s Diner - New York Deli &amp; Diner | Authentic American Menu\" \/>\n<meta property=\"og:description\" content=\"Delicious food served in our authentic 1950s-style American diner - feel free to share, as some of our servings are huge!\" \/>\n<meta property=\"og:url\" content=\"https:\/\/eddiesdiner.vn\/vi\/menu\/\" \/>\n<meta property=\"og:site_name\" content=\"Eddie&#039;s Diner\" \/>\n<meta property=\"article:publisher\" content=\"https:\/\/www.facebook.com\/EddiesSaigon\/\" \/>\n<meta property=\"article:modified_time\" content=\"2026-03-20T09:08:02+00:00\" \/>\n<meta property=\"og:image\" content=\"https:\/\/eddiesdiner.vn\/wp-content\/uploads\/2024\/07\/Eddies-res.png\" \/>\n\t<meta property=\"og:image:width\" content=\"240\" \/>\n\t<meta property=\"og:image:height\" content=\"240\" \/>\n\t<meta property=\"og:image:type\" content=\"image\/png\" \/>\n<meta name=\"twitter:card\" content=\"summary_large_image\" \/>\n<meta name=\"twitter:label1\" content=\"\u01af\u1edbc t\u00ednh th\u1eddi gian \u0111\u1ecdc\" \/>\n\t<meta name=\"twitter:data1\" content=\"2 ph\u00fat\" \/>\n<script type=\"application\/ld+json\" class=\"yoast-schema-graph\">{\"@context\":\"https:\\\/\\\/schema.org\",\"@graph\":[{\"@type\":\"WebPage\",\"@id\":\"https:\\\/\\\/eddiesdiner.vn\\\/menu\\\/\",\"url\":\"https:\\\/\\\/eddiesdiner.vn\\\/menu\\\/\",\"name\":\"Eddie&#039;s Diner - New York Deli & Diner | Authentic American Menu\",\"isPartOf\":{\"@id\":\"https:\\\/\\\/eddiesdiner.vn\\\/#website\"},\"primaryImageOfPage\":{\"@id\":\"https:\\\/\\\/eddiesdiner.vn\\\/menu\\\/#primaryimage\"},\"image\":{\"@id\":\"https:\\\/\\\/eddiesdiner.vn\\\/menu\\\/#primaryimage\"},\"thumbnailUrl\":\"https:\\\/\\\/eddiesdiner.vn\\\/wp-content\\\/uploads\\\/2024\\\/07\\\/Eddies-res.png\",\"datePublished\":\"2026-03-10T09:50:54+00:00\",\"dateModified\":\"2026-03-20T09:08:02+00:00\",\"description\":\"Delicious food served in our authentic 1950s-style American diner - feel free to share, as some of our servings are huge!\",\"breadcrumb\":{\"@id\":\"https:\\\/\\\/eddiesdiner.vn\\\/menu\\\/#breadcrumb\"},\"inLanguage\":\"vi\",\"potentialAction\":[{\"@type\":\"ReadAction\",\"target\":[\"https:\\\/\\\/eddiesdiner.vn\\\/menu\\\/\"]}]},{\"@type\":\"ImageObject\",\"inLanguage\":\"vi\",\"@id\":\"https:\\\/\\\/eddiesdiner.vn\\\/menu\\\/#primaryimage\",\"url\":\"https:\\\/\\\/eddiesdiner.vn\\\/wp-content\\\/uploads\\\/2024\\\/07\\\/Eddies-res.png\",\"contentUrl\":\"https:\\\/\\\/eddiesdiner.vn\\\/wp-content\\\/uploads\\\/2024\\\/07\\\/Eddies-res.png\"},{\"@type\":\"BreadcrumbList\",\"@id\":\"https:\\\/\\\/eddiesdiner.vn\\\/menu\\\/#breadcrumb\",\"itemListElement\":[{\"@type\":\"ListItem\",\"position\":1,\"name\":\"Home\",\"item\":\"https:\\\/\\\/eddiesdiner.vn\\\/\"},{\"@type\":\"ListItem\",\"position\":2,\"name\":\"Menu\"}]},{\"@type\":\"WebSite\",\"@id\":\"https:\\\/\\\/eddiesdiner.vn\\\/#website\",\"url\":\"https:\\\/\\\/eddiesdiner.vn\\\/\",\"name\":\"Eddie's Diner\",\"description\":\"- New York Deli &amp; Diner\",\"alternateName\":\"Eddie's\",\"potentialAction\":[{\"@type\":\"SearchAction\",\"target\":{\"@type\":\"EntryPoint\",\"urlTemplate\":\"https:\\\/\\\/eddiesdiner.vn\\\/?s={search_term_string}\"},\"query-input\":{\"@type\":\"PropertyValueSpecification\",\"valueRequired\":true,\"valueName\":\"search_term_string\"}}],\"inLanguage\":\"vi\"}]}<\/script>\n<!-- \/ Yoast SEO plugin. -->","yoast_head_json":{"title":"Eddie&#039;s Diner - New York Deli & Diner | Authentic American Menu","description":"Delicious food served in our authentic 1950s-style American diner - feel free to share, as some of our servings are huge!","robots":{"index":"index","follow":"follow","max-snippet":"max-snippet:-1","max-image-preview":"max-image-preview:large","max-video-preview":"max-video-preview:-1"},"canonical":"https:\/\/eddiesdiner.vn\/vi\/menu\/","og_locale":"vi_VN","og_type":"article","og_title":"Eddie&#039;s Diner - New York Deli & Diner | Authentic American Menu","og_description":"Delicious food served in our authentic 1950s-style American diner - feel free to share, as some of our servings are huge!","og_url":"https:\/\/eddiesdiner.vn\/vi\/menu\/","og_site_name":"Eddie&#039;s Diner","article_publisher":"https:\/\/www.facebook.com\/EddiesSaigon\/","article_modified_time":"2026-03-20T09:08:02+00:00","og_image":[{"width":240,"height":240,"url":"https:\/\/eddiesdiner.vn\/wp-content\/uploads\/2024\/07\/Eddies-res.png","type":"image\/png"}],"twitter_card":"summary_large_image","twitter_misc":{"\u01af\u1edbc t\u00ednh th\u1eddi gian \u0111\u1ecdc":"2 ph\u00fat"},"schema":{"@context":"https:\/\/schema.org","@graph":[{"@type":"WebPage","@id":"https:\/\/eddiesdiner.vn\/menu\/","url":"https:\/\/eddiesdiner.vn\/menu\/","name":"Eddie&#039;s Diner - New York Deli & Diner | Authentic American Menu","isPartOf":{"@id":"https:\/\/eddiesdiner.vn\/#website"},"primaryImageOfPage":{"@id":"https:\/\/eddiesdiner.vn\/menu\/#primaryimage"},"image":{"@id":"https:\/\/eddiesdiner.vn\/menu\/#primaryimage"},"thumbnailUrl":"https:\/\/eddiesdiner.vn\/wp-content\/uploads\/2024\/07\/Eddies-res.png","datePublished":"2026-03-10T09:50:54+00:00","dateModified":"2026-03-20T09:08:02+00:00","description":"Delicious food served in our authentic 1950s-style American diner - feel free to share, as some of our servings are huge!","breadcrumb":{"@id":"https:\/\/eddiesdiner.vn\/menu\/#breadcrumb"},"inLanguage":"vi","potentialAction":[{"@type":"ReadAction","target":["https:\/\/eddiesdiner.vn\/menu\/"]}]},{"@type":"ImageObject","inLanguage":"vi","@id":"https:\/\/eddiesdiner.vn\/menu\/#primaryimage","url":"https:\/\/eddiesdiner.vn\/wp-content\/uploads\/2024\/07\/Eddies-res.png","contentUrl":"https:\/\/eddiesdiner.vn\/wp-content\/uploads\/2024\/07\/Eddies-res.png"},{"@type":"BreadcrumbList","@id":"https:\/\/eddiesdiner.vn\/menu\/#breadcrumb","itemListElement":[{"@type":"ListItem","position":1,"name":"Home","item":"https:\/\/eddiesdiner.vn\/"},{"@type":"ListItem","position":2,"name":"Menu"}]},{"@type":"WebSite","@id":"https:\/\/eddiesdiner.vn\/#website","url":"https:\/\/eddiesdiner.vn\/","name":"Eddie's Diner","description":"- New York Deli &amp; Diner","alternateName":"Eddie's","potentialAction":[{"@type":"SearchAction","target":{"@type":"EntryPoint","urlTemplate":"https:\/\/eddiesdiner.vn\/?s={search_term_string}"},"query-input":{"@type":"PropertyValueSpecification","valueRequired":true,"valueName":"search_term_string"}}],"inLanguage":"vi"}]}},"rttpg_featured_image_url":null,"rttpg_author":{"display_name":"Eddie Diner","author_link":"https:\/\/eddiesdiner.vn\/vi\/author\/eddiesdinersaigon\/"},"rttpg_comment":0,"rttpg_category":null,"rttpg_excerpt":"3 Brand&#8217;s in 1 AWESOME 1950&#8217;S DINER GETTING HUNGRY YET? ORDER NOW","_links":{"self":[{"href":"https:\/\/eddiesdiner.vn\/vi\/wp-json\/wp\/v2\/pages\/20954","targetHints":{"allow":["GET"]}}],"collection":[{"href":"https:\/\/eddiesdiner.vn\/vi\/wp-json\/wp\/v2\/pages"}],"about":[{"href":"https:\/\/eddiesdiner.vn\/vi\/wp-json\/wp\/v2\/types\/page"}],"author":[{"embeddable":true,"href":"https:\/\/eddiesdiner.vn\/vi\/wp-json\/wp\/v2\/users\/4"}],"replies":[{"embeddable":true,"href":"https:\/\/eddiesdiner.vn\/vi\/wp-json\/wp\/v2\/comments?post=20954"}],"version-history":[{"count":22,"href":"https:\/\/eddiesdiner.vn\/vi\/wp-json\/wp\/v2\/pages\/20954\/revisions"}],"predecessor-version":[{"id":23286,"href":"https:\/\/eddiesdiner.vn\/vi\/wp-json\/wp\/v2\/pages\/20954\/revisions\/23286"}],"wp:attachment":[{"href":"https:\/\/eddiesdiner.vn\/vi\/wp-json\/wp\/v2\/media?parent=20954"}],"curies":[{"name":"wp","href":"https:\/\/api.w.org\/{rel}","templated":true}]}}